{"id":131,"date":"2018-10-30T21:15:47","date_gmt":"2018-10-30T20:15:47","guid":{"rendered":"http:\/\/www.weber-planungsbuero.de\/?page_id=131"},"modified":"2020-04-05T22:00:05","modified_gmt":"2020-04-05T20:00:05","slug":"traumhafte-schlafstaetten","status":"publish","type":"page","link":"http:\/\/www.weber-planungsbuero.de\/index.php\/traumhafte-schlafstaetten\/","title":{"rendered":"Traumhafte Schlafst\u00e4tten"},"content":{"rendered":"<p>[et_pb_section fb_built=&#8220;1&#8243; _builder_version=&#8220;3.22.3&#8243;][et_pb_row _builder_version=&#8220;3.25&#8243; column_structure=&#8220;1_2,1_2&#8243;][et_pb_column type=&#8220;1_2&#8243; _builder_version=&#8220;3.25&#8243; custom_padding=&#8220;|||&#8220; custom_padding__hover=&#8220;|||&#8220;][et_pb_text _builder_version=&#8220;3.27.4&#8243;]<\/p>\n<h2 style=\"text-align: left;\">SCHLAFGEM\u00c4CHER &#8211; Wohlf\u00fchloasen<\/h2>\n<h2 style=\"text-align: right;\">und Orte der Entspannung<\/h2>\n<p>[\/et_pb_text][et_pb_image src=&#8220;http:\/\/www.weber-planungsbuero.de\/wp-content\/uploads\/2019\/01\/Interieur-Schlafst\u00e4tten-11.jpg&#8220; align_tablet=&#8220;center&#8220; align_last_edited=&#8220;on|desktop&#8220; _builder_version=&#8220;3.23&#8243;][\/et_pb_image][et_pb_image src=&#8220;http:\/\/www.weber-planungsbuero.de\/wp-content\/uploads\/2019\/01\/Interieur-Schlafst\u00e4tten-6.jpg&#8220; align_tablet=&#8220;center&#8220; align_last_edited=&#8220;on|desktop&#8220; _builder_version=&#8220;3.23&#8243; max_width=&#8220;53%&#8220; module_alignment=&#8220;right&#8220;][\/et_pb_image][et_pb_image src=&#8220;http:\/\/www.weber-planungsbuero.de\/wp-content\/uploads\/2019\/01\/Interieur-Schlafst\u00e4tten-10.jpg&#8220; align_tablet=&#8220;center&#8220; align_last_edited=&#8220;on|desktop&#8220; _builder_version=&#8220;3.23&#8243;][\/et_pb_image][et_pb_image src=&#8220;http:\/\/www.weber-planungsbuero.de\/wp-content\/uploads\/2019\/02\/Interieur-Schlafst\u00e4tten-5.jpg&#8220; align_tablet=&#8220;center&#8220; align_last_edited=&#8220;on|desktop&#8220; _builder_version=&#8220;3.23&#8243; max_width=&#8220;57%&#8220; module_alignment=&#8220;right&#8220;][\/et_pb_image][et_pb_text _builder_version=&#8220;3.27.4&#8243;]<\/p>\n<h2 style=\"text-align: right;\">Wir kreieren\u00a0\u00a0\u00a0\u00a0\u00a0\u00a0\u00a0\u00a0\u00a0\u00a0\u00a0\u00a0\u00a0\u00a0\u00a0\u00a0\u00a0\u00a0\u00a0\u00a0\u00a0\u00a0\u00a0\u00a0\u00a0\u00a0\u00a0\u00a0\u00a0<\/h2>\n<h2 style=\"text-align: right;\">Himmelbett-Anlagen &#8230;<\/h2>\n<h1><\/h1>\n<p>[\/et_pb_text][et_pb_image src=&#8220;http:\/\/www.weber-planungsbuero.de\/wp-content\/uploads\/2019\/05\/IMG_0751-Kopie1.PNG-1.jpg&#8220; align_tablet=&#8220;center&#8220; align_last_edited=&#8220;on|desktop&#8220; _builder_version=&#8220;3.23&#8243; width=&#8220;42%&#8220; module_alignment=&#8220;right&#8220;][\/et_pb_image][et_pb_image src=&#8220;http:\/\/www.weber-planungsbuero.de\/wp-content\/uploads\/2019\/05\/Image-kopie1a-1.jpg&#8220; align_tablet=&#8220;center&#8220; align_last_edited=&#8220;on|desktop&#8220; _builder_version=&#8220;3.23&#8243; width=&#8220;34%&#8220; module_alignment=&#8220;right&#8220;][\/et_pb_image][et_pb_image src=&#8220;http:\/\/www.weber-planungsbuero.de\/wp-content\/uploads\/2019\/05\/Image-1-Kopie-2a-1.jpg&#8220; align_tablet=&#8220;center&#8220; align_last_edited=&#8220;on|desktop&#8220; _builder_version=&#8220;3.23&#8243; width=&#8220;47%&#8220; module_alignment=&#8220;right&#8220;][\/et_pb_image][et_pb_image src=&#8220;http:\/\/www.weber-planungsbuero.de\/wp-content\/uploads\/2019\/05\/Image-1-Kopiea-1.jpg&#8220; align=&#8220;right&#8220; align_tablet=&#8220;center&#8220; align_last_edited=&#8220;on|desktop&#8220; _builder_version=&#8220;4.4.2&#8243; width=&#8220;64%&#8220; hover_enabled=&#8220;0&#8243; module_alignment=&#8220;right&#8220;][\/et_pb_image][et_pb_image src=&#8220;http:\/\/www.weber-planungsbuero.de\/wp-content\/uploads\/2019\/05\/IMG_0751kopie.PNG-1.jpg&#8220; align=&#8220;right&#8220; align_tablet=&#8220;center&#8220; align_last_edited=&#8220;on|desktop&#8220; _builder_version=&#8220;4.4.2&#8243; width=&#8220;52%&#8220; hover_enabled=&#8220;0&#8243; module_alignment=&#8220;right&#8220;][\/et_pb_image][\/et_pb_column][et_pb_column type=&#8220;1_2&#8243; _builder_version=&#8220;3.25&#8243; custom_padding=&#8220;|||&#8220; custom_padding__hover=&#8220;|||&#8220;][et_pb_image src=&#8220;http:\/\/www.weber-planungsbuero.de\/wp-content\/uploads\/2019\/01\/Interieur-Schlafst\u00e4tten-4.jpg&#8220; align_tablet=&#8220;center&#8220; align_last_edited=&#8220;on|desktop&#8220; _builder_version=&#8220;3.23&#8243; max_width=&#8220;40%&#8220;][\/et_pb_image][et_pb_image src=&#8220;http:\/\/www.weber-planungsbuero.de\/wp-content\/uploads\/2019\/01\/Interieur-Schlafst\u00e4tten-9.jpg&#8220; align_tablet=&#8220;center&#8220; align_last_edited=&#8220;on|desktop&#8220; _builder_version=&#8220;3.23&#8243;][\/et_pb_image][et_pb_image src=&#8220;http:\/\/www.weber-planungsbuero.de\/wp-content\/uploads\/2019\/01\/Interieur-Schlafst\u00e4tten-1.jpg&#8220; align_tablet=&#8220;center&#8220; align_last_edited=&#8220;on|desktop&#8220; _builder_version=&#8220;3.23&#8243; max_width=&#8220;69%&#8220;][\/et_pb_image][et_pb_image src=&#8220;http:\/\/www.weber-planungsbuero.de\/wp-content\/uploads\/2019\/01\/Interieur-Schlafst\u00e4tten-2.jpg&#8220; align_tablet=&#8220;center&#8220; align_last_edited=&#8220;on|desktop&#8220; _builder_version=&#8220;3.23&#8243;][\/et_pb_image][et_pb_image src=&#8220;http:\/\/www.weber-planungsbuero.de\/wp-content\/uploads\/2019\/04\/IMG_9624.jpg&#8220; align_tablet=&#8220;center&#8220; align_last_edited=&#8220;on|desktop&#8220; _builder_version=&#8220;3.23&#8243; max_width=&#8220;57%&#8220;][\/et_pb_image][et_pb_text _builder_version=&#8220;3.27.4&#8243;]<\/p>\n<h2><\/h2>\n<h2><\/h2>\n<h2><\/h2>\n<h2><\/h2>\n<h2><\/h2>\n<h2><\/h2>\n<h2><\/h2>\n<h2><\/h2>\n<h2><\/h2>\n<h2><\/h2>\n<h2><\/h2>\n<h2><\/h2>\n<h2><\/h2>\n<h2><\/h2>\n<h2><\/h2>\n<h2><\/h2>\n<h2><\/h2>\n<h2><\/h2>\n<h2><\/h2>\n<h2><\/h2>\n<h2><\/h2>\n<h2><\/h2>\n<h2><\/h2>\n<h2><\/h2>\n<h2><\/h2>\n<h2><\/h2>\n<h2><\/h2>\n<h2><\/h2>\n<h2><\/h2>\n<h2><\/h2>\n<h2><\/h2>\n<h2><\/h2>\n<h2><\/h2>\n<h2><\/h2>\n<h2>&#8230; f\u00fcr die gro\u00dfe und kleine \u00a0<\/h2>\n<h2>\u00a0\u00a0\u00a0\u00a0\u00a0\u00a0\u00a0\u00a0\u00a0\u00a0\u00a0\u00a0\u00a0\u00a0\u00a0\u00a0\u00a0\u00a0\u00a0\u00a0\u00a0\u00a0\u00a0\u00a0\u00a0\u00a0\u00a0\u00a0\u00a0\u00a0\u00a0\u00a0\u00a0\u00a0 Prinzessin<\/h2>\n<h2><\/h2>\n<p>[\/et_pb_text][et_pb_image src=&#8220;http:\/\/www.weber-planungsbuero.de\/wp-content\/uploads\/2019\/01\/Interieur-Schlafst\u00e4tten-3.jpg&#8220; align_tablet=&#8220;center&#8220; align_last_edited=&#8220;on|desktop&#8220; _builder_version=&#8220;3.23&#8243; max_width=&#8220;43%&#8220;][\/et_pb_image][et_pb_image src=&#8220;http:\/\/www.weber-planungsbuero.de\/wp-content\/uploads\/2019\/01\/Interieur-Schlafst\u00e4tten-8.jpg&#8220; align_tablet=&#8220;center&#8220; align_last_edited=&#8220;on|desktop&#8220; _builder_version=&#8220;3.23&#8243; max_width=&#8220;32%&#8220;][\/et_pb_image][\/et_pb_column][\/et_pb_row][\/et_pb_section]<\/p>\n","protected":false},"excerpt":{"rendered":"<p>SCHLAFGEM\u00c4CHER &#8211; Wohlf\u00fchloasen und Orte der EntspannungWir kreieren\u00a0\u00a0\u00a0\u00a0\u00a0\u00a0\u00a0\u00a0\u00a0\u00a0\u00a0\u00a0\u00a0\u00a0\u00a0\u00a0\u00a0\u00a0\u00a0\u00a0\u00a0\u00a0\u00a0\u00a0\u00a0\u00a0\u00a0\u00a0\u00a0 Himmelbett-Anlagen &#8230; &#8230; f\u00fcr die gro\u00dfe und kleine \u00a0 \u00a0\u00a0\u00a0\u00a0\u00a0\u00a0\u00a0\u00a0\u00a0\u00a0\u00a0\u00a0\u00a0\u00a0\u00a0\u00a0\u00a0\u00a0\u00a0\u00a0\u00a0\u00a0\u00a0\u00a0\u00a0\u00a0\u00a0\u00a0\u00a0\u00a0\u00a0\u00a0\u00a0\u00a0 Prinzessin<\/p>\n","protected":false},"author":1,"featured_media":0,"parent":0,"menu_order":0,"comment_status":"closed","ping_status":"closed","template":"","meta":{"_et_pb_use_builder":"on","_et_pb_old_content":"","_et_gb_content_width":"","footnotes":""},"class_list":["post-131","page","type-page","status-publish","hentry"],"yoast_head":"<!-- This site is optimized with the Yoast SEO plugin v26.8 - https:\/\/yoast.com\/product\/yoast-seo-wordpress\/ -->\n<title>Traumhafte Schlafst\u00e4tten - Planungsb\u00fcro Weber<\/title>\n<meta name=\"robots\" content=\"index, follow, max-snippet:-1, max-image-preview:large, max-video-preview:-1\" \/>\n<link rel=\"canonical\" href=\"http:\/\/www.weber-planungsbuero.de\/index.php\/traumhafte-schlafstaetten\/\" \/>\n<meta property=\"og:locale\" content=\"de_DE\" \/>\n<meta property=\"og:type\" content=\"article\" \/>\n<meta property=\"og:title\" content=\"Traumhafte Schlafst\u00e4tten - Planungsb\u00fcro Weber\" \/>\n<meta property=\"og:description\" content=\"SCHLAFGEM\u00c4CHER - Wohlf\u00fchloasen und Orte der EntspannungWir kreieren\u00a0\u00a0\u00a0\u00a0\u00a0\u00a0\u00a0\u00a0\u00a0\u00a0\u00a0\u00a0\u00a0\u00a0\u00a0\u00a0\u00a0\u00a0\u00a0\u00a0\u00a0\u00a0\u00a0\u00a0\u00a0\u00a0\u00a0\u00a0\u00a0 Himmelbett-Anlagen ... ... f\u00fcr die gro\u00dfe und kleine \u00a0 \u00a0\u00a0\u00a0\u00a0\u00a0\u00a0\u00a0\u00a0\u00a0\u00a0\u00a0\u00a0\u00a0\u00a0\u00a0\u00a0\u00a0\u00a0\u00a0\u00a0\u00a0\u00a0\u00a0\u00a0\u00a0\u00a0\u00a0\u00a0\u00a0\u00a0\u00a0\u00a0\u00a0\u00a0 Prinzessin\" \/>\n<meta property=\"og:url\" content=\"http:\/\/www.weber-planungsbuero.de\/index.php\/traumhafte-schlafstaetten\/\" \/>\n<meta property=\"og:site_name\" content=\"Planungsb\u00fcro Weber\" \/>\n<meta property=\"article:modified_time\" content=\"2020-04-05T20:00:05+00:00\" \/>\n<meta name=\"twitter:card\" content=\"summary_large_image\" \/>\n<meta name=\"twitter:label1\" content=\"Gesch\u00e4tzte Lesezeit\" \/>\n\t<meta name=\"twitter:data1\" content=\"3\u00a0Minuten\" \/>\n<script type=\"application\/ld+json\" class=\"yoast-schema-graph\">{\"@context\":\"https:\/\/schema.org\",\"@graph\":[{\"@type\":\"WebPage\",\"@id\":\"http:\/\/www.weber-planungsbuero.de\/index.php\/traumhafte-schlafstaetten\/\",\"url\":\"http:\/\/www.weber-planungsbuero.de\/index.php\/traumhafte-schlafstaetten\/\",\"name\":\"Traumhafte Schlafst\u00e4tten - Planungsb\u00fcro Weber\",\"isPartOf\":{\"@id\":\"http:\/\/www.weber-planungsbuero.de\/#website\"},\"datePublished\":\"2018-10-30T20:15:47+00:00\",\"dateModified\":\"2020-04-05T20:00:05+00:00\",\"breadcrumb\":{\"@id\":\"http:\/\/www.weber-planungsbuero.de\/index.php\/traumhafte-schlafstaetten\/#breadcrumb\"},\"inLanguage\":\"de\",\"potentialAction\":[{\"@type\":\"ReadAction\",\"target\":[\"http:\/\/www.weber-planungsbuero.de\/index.php\/traumhafte-schlafstaetten\/\"]}]},{\"@type\":\"BreadcrumbList\",\"@id\":\"http:\/\/www.weber-planungsbuero.de\/index.php\/traumhafte-schlafstaetten\/#breadcrumb\",\"itemListElement\":[{\"@type\":\"ListItem\",\"position\":1,\"name\":\"Startseite\",\"item\":\"http:\/\/www.weber-planungsbuero.de\/\"},{\"@type\":\"ListItem\",\"position\":2,\"name\":\"Traumhafte Schlafst\u00e4tten\"}]},{\"@type\":\"WebSite\",\"@id\":\"http:\/\/www.weber-planungsbuero.de\/#website\",\"url\":\"http:\/\/www.weber-planungsbuero.de\/\",\"name\":\"Planungsb\u00fcro Weber\",\"description\":\"Kreativit\u00e4t aus Leidenschaft\",\"potentialAction\":[{\"@type\":\"SearchAction\",\"target\":{\"@type\":\"EntryPoint\",\"urlTemplate\":\"http:\/\/www.weber-planungsbuero.de\/?s={search_term_string}\"},\"query-input\":{\"@type\":\"PropertyValueSpecification\",\"valueRequired\":true,\"valueName\":\"search_term_string\"}}],\"inLanguage\":\"de\"}]}<\/script>\n<!-- \/ Yoast SEO plugin. -->","yoast_head_json":{"title":"Traumhafte Schlafst\u00e4tten - Planungsb\u00fcro Weber","robots":{"index":"index","follow":"follow","max-snippet":"max-snippet:-1","max-image-preview":"max-image-preview:large","max-video-preview":"max-video-preview:-1"},"canonical":"http:\/\/www.weber-planungsbuero.de\/index.php\/traumhafte-schlafstaetten\/","og_locale":"de_DE","og_type":"article","og_title":"Traumhafte Schlafst\u00e4tten - Planungsb\u00fcro Weber","og_description":"SCHLAFGEM\u00c4CHER - Wohlf\u00fchloasen und Orte der EntspannungWir kreieren\u00a0\u00a0\u00a0\u00a0\u00a0\u00a0\u00a0\u00a0\u00a0\u00a0\u00a0\u00a0\u00a0\u00a0\u00a0\u00a0\u00a0\u00a0\u00a0\u00a0\u00a0\u00a0\u00a0\u00a0\u00a0\u00a0\u00a0\u00a0\u00a0 Himmelbett-Anlagen ... ... f\u00fcr die gro\u00dfe und kleine \u00a0 \u00a0\u00a0\u00a0\u00a0\u00a0\u00a0\u00a0\u00a0\u00a0\u00a0\u00a0\u00a0\u00a0\u00a0\u00a0\u00a0\u00a0\u00a0\u00a0\u00a0\u00a0\u00a0\u00a0\u00a0\u00a0\u00a0\u00a0\u00a0\u00a0\u00a0\u00a0\u00a0\u00a0\u00a0 Prinzessin","og_url":"http:\/\/www.weber-planungsbuero.de\/index.php\/traumhafte-schlafstaetten\/","og_site_name":"Planungsb\u00fcro Weber","article_modified_time":"2020-04-05T20:00:05+00:00","twitter_card":"summary_large_image","twitter_misc":{"Gesch\u00e4tzte Lesezeit":"3\u00a0Minuten"},"schema":{"@context":"https:\/\/schema.org","@graph":[{"@type":"WebPage","@id":"http:\/\/www.weber-planungsbuero.de\/index.php\/traumhafte-schlafstaetten\/","url":"http:\/\/www.weber-planungsbuero.de\/index.php\/traumhafte-schlafstaetten\/","name":"Traumhafte Schlafst\u00e4tten - Planungsb\u00fcro Weber","isPartOf":{"@id":"http:\/\/www.weber-planungsbuero.de\/#website"},"datePublished":"2018-10-30T20:15:47+00:00","dateModified":"2020-04-05T20:00:05+00:00","breadcrumb":{"@id":"http:\/\/www.weber-planungsbuero.de\/index.php\/traumhafte-schlafstaetten\/#breadcrumb"},"inLanguage":"de","potentialAction":[{"@type":"ReadAction","target":["http:\/\/www.weber-planungsbuero.de\/index.php\/traumhafte-schlafstaetten\/"]}]},{"@type":"BreadcrumbList","@id":"http:\/\/www.weber-planungsbuero.de\/index.php\/traumhafte-schlafstaetten\/#breadcrumb","itemListElement":[{"@type":"ListItem","position":1,"name":"Startseite","item":"http:\/\/www.weber-planungsbuero.de\/"},{"@type":"ListItem","position":2,"name":"Traumhafte Schlafst\u00e4tten"}]},{"@type":"WebSite","@id":"http:\/\/www.weber-planungsbuero.de\/#website","url":"http:\/\/www.weber-planungsbuero.de\/","name":"Planungsb\u00fcro Weber","description":"Kreativit\u00e4t aus Leidenschaft","potentialAction":[{"@type":"SearchAction","target":{"@type":"EntryPoint","urlTemplate":"http:\/\/www.weber-planungsbuero.de\/?s={search_term_string}"},"query-input":{"@type":"PropertyValueSpecification","valueRequired":true,"valueName":"search_term_string"}}],"inLanguage":"de"}]}},"amp_enabled":true,"_links":{"self":[{"href":"http:\/\/www.weber-planungsbuero.de\/index.php\/wp-json\/wp\/v2\/pages\/131","targetHints":{"allow":["GET"]}}],"collection":[{"href":"http:\/\/www.weber-planungsbuero.de\/index.php\/wp-json\/wp\/v2\/pages"}],"about":[{"href":"http:\/\/www.weber-planungsbuero.de\/index.php\/wp-json\/wp\/v2\/types\/page"}],"author":[{"embeddable":true,"href":"http:\/\/www.weber-planungsbuero.de\/index.php\/wp-json\/wp\/v2\/users\/1"}],"replies":[{"embeddable":true,"href":"http:\/\/www.weber-planungsbuero.de\/index.php\/wp-json\/wp\/v2\/comments?post=131"}],"version-history":[{"count":9,"href":"http:\/\/www.weber-planungsbuero.de\/index.php\/wp-json\/wp\/v2\/pages\/131\/revisions"}],"predecessor-version":[{"id":1706,"href":"http:\/\/www.weber-planungsbuero.de\/index.php\/wp-json\/wp\/v2\/pages\/131\/revisions\/1706"}],"wp:attachment":[{"href":"http:\/\/www.weber-planungsbuero.de\/index.php\/wp-json\/wp\/v2\/media?parent=131"}],"curies":[{"name":"wp","href":"https:\/\/api.w.org\/{rel}","templated":true}]}}