{"id":142,"date":"2018-10-30T21:28:13","date_gmt":"2018-10-30T20:28:13","guid":{"rendered":"http:\/\/www.weber-planungsbuero.de\/?page_id=142"},"modified":"2020-07-26T10:14:11","modified_gmt":"2020-07-26T08:14:11","slug":"kueche-lebe-raum","status":"publish","type":"page","link":"http:\/\/www.weber-planungsbuero.de\/index.php\/kueche-lebe-raum\/","title":{"rendered":"K\u00fcche-LEBE-Raum"},"content":{"rendered":"<p>[et_pb_section fb_built=&#8220;1&#8243; admin_label=&#8220;section&#8220; _builder_version=&#8220;3.22.3&#8243;][et_pb_row column_structure=&#8220;1_2,1_2&#8243; _builder_version=&#8220;3.25&#8243; custom_padding=&#8220;27px|0px|27px|1px|false|false&#8220;][et_pb_column type=&#8220;1_2&#8243; _builder_version=&#8220;3.25&#8243; custom_padding=&#8220;|||&#8220; custom_padding__hover=&#8220;|||&#8220;][et_pb_text _builder_version=&#8220;3.27.4&#8243;]<\/p>\n<h2 style=\"text-align: left;\">K\u00dcCHE-LEBE-RAUM<\/h2>\n<p>[\/et_pb_text][et_pb_text _builder_version=&#8220;3.27.4&#8243; text_font=&#8220;||||||||&#8220;]<\/p>\n<h2 style=\"text-align: right;\">Wo kochen Spa\u00df macht &#8230;<\/h2>\n<p>[\/et_pb_text][et_pb_image src=&#8220;http:\/\/www.weber-planungsbuero.de\/wp-content\/uploads\/2019\/01\/K\u00fcche-Leberaum-1.jpg&#8220; align_tablet=&#8220;center&#8220; align_phone=&#8220;&#8220; align_last_edited=&#8220;on|desktop&#8220; _builder_version=&#8220;3.23&#8243;][\/et_pb_image][et_pb_image src=&#8220;http:\/\/www.weber-planungsbuero.de\/wp-content\/uploads\/2019\/01\/K\u00fcche-Leberaum-8.jpg&#8220; align=&#8220;right&#8220; align_tablet=&#8220;center&#8220; align_phone=&#8220;&#8220; align_last_edited=&#8220;on|desktop&#8220; _builder_version=&#8220;4.4.2&#8243; width=&#8220;89%&#8220; module_alignment=&#8220;right&#8220;][\/et_pb_image][et_pb_image src=&#8220;http:\/\/www.weber-planungsbuero.de\/wp-content\/uploads\/2019\/05\/IMG_0775-Kopie.PNG.jpg&#8220; align=&#8220;right&#8220; align_tablet=&#8220;center&#8220; align_phone=&#8220;&#8220; align_last_edited=&#8220;on|desktop&#8220; _builder_version=&#8220;4.4.2&#8243; width=&#8220;63%&#8220; module_alignment=&#8220;right&#8220;][\/et_pb_image][et_pb_text _builder_version=&#8220;3.27.4&#8243; text_font=&#8220;||||||||&#8220; text_font_size=&#8220;20px&#8220; text_orientation=&#8220;right&#8220;]<\/p>\n<p style=\"font-size: 17px;\">Es muss keine Sternek\u00fcche sein. Auf die Anrichtung des Essens und auf die richtige Atmosph\u00e4re, die wir schaffen, kommt es an.<br \/>Kerzenlicht, ein sch\u00f6n gedeckter Tisch und gute Musik im Hintergrund lassen das einfachste Men\u00fc zu einem grandiosen Erlebnis werden.<\/p>\n<p>[\/et_pb_text][et_pb_image src=&#8220;http:\/\/www.weber-planungsbuero.de\/wp-content\/uploads\/2019\/05\/IMG_0775-Kopie-Kopie.PNG.jpg&#8220; align=&#8220;right&#8220; align_tablet=&#8220;center&#8220; align_phone=&#8220;&#8220; align_last_edited=&#8220;on|desktop&#8220; _builder_version=&#8220;4.4.2&#8243; width=&#8220;55%&#8220; module_alignment=&#8220;right&#8220;][\/et_pb_image][et_pb_text _builder_version=&#8220;3.27.4&#8243; text_font=&#8220;||||||||&#8220; text_font_size=&#8220;20px&#8220; text_orientation=&#8220;right&#8220;]<\/p>\n<p style=\"font-size: 17px;\">Pasta e Opera: probieren Sie es mal mit Puccinis Turandot &#8211; zum Beispiel Nessun Dorma&#8230; Lebensfreude PUR!<\/p>\n<p>[\/et_pb_text][et_pb_image src=&#8220;http:\/\/www.weber-planungsbuero.de\/wp-content\/uploads\/2019\/01\/K\u00fcche-Leberaum-7.jpg&#8220; align=&#8220;right&#8220; align_tablet=&#8220;center&#8220; align_phone=&#8220;&#8220; align_last_edited=&#8220;on|desktop&#8220; _builder_version=&#8220;4.5.1&#8243; width=&#8220;66%&#8220; module_alignment=&#8220;right&#8220; hover_enabled=&#8220;0&#8243;][\/et_pb_image][et_pb_text _builder_version=&#8220;3.27.4&#8243; text_font=&#8220;||||||||&#8220; text_font_size=&#8220;20px&#8220; text_orientation=&#8220;right&#8220;]<\/p>\n<p style=\"font-size: 17px;\">Frisch gebackener Kuchen&#8230; gibt es einen sch\u00f6neren Duft im Haus?<\/p>\n<p>[\/et_pb_text][et_pb_image src=&#8220;http:\/\/www.weber-planungsbuero.de\/wp-content\/uploads\/2019\/05\/IMG_0775.PNG.jpg&#8220; align=&#8220;right&#8220; align_tablet=&#8220;center&#8220; align_phone=&#8220;&#8220; align_last_edited=&#8220;on|desktop&#8220; _builder_version=&#8220;4.5.1&#8243; width=&#8220;43%&#8220; module_alignment=&#8220;right&#8220; hover_enabled=&#8220;0&#8243;][\/et_pb_image][\/et_pb_column][et_pb_column type=&#8220;1_2&#8243; _builder_version=&#8220;3.25&#8243; custom_padding=&#8220;|||&#8220; custom_padding__hover=&#8220;|||&#8220;][et_pb_image src=&#8220;http:\/\/www.weber-planungsbuero.de\/wp-content\/uploads\/2019\/01\/K\u00fcche-Leberaum-2.jpg&#8220; align_tablet=&#8220;center&#8220; align_phone=&#8220;&#8220; align_last_edited=&#8220;on|desktop&#8220; _builder_version=&#8220;3.23&#8243;][\/et_pb_image][et_pb_image src=&#8220;http:\/\/www.weber-planungsbuero.de\/wp-content\/uploads\/2019\/01\/K\u00fcche-Leberaum-3.jpg&#8220; align_tablet=&#8220;center&#8220; align_phone=&#8220;&#8220; align_last_edited=&#8220;on|desktop&#8220; _builder_version=&#8220;3.23&#8243; max_width=&#8220;87%&#8220;][\/et_pb_image][et_pb_text _builder_version=&#8220;3.27.4&#8243; text_font=&#8220;||||||||&#8220; text_font_size=&#8220;20px&#8220;]<\/p>\n<p style=\"font-size: 17px;\">Ob hochmodern, oder klassischer K\u00fcchenstil &#8211; in der K\u00fcche spielt sich oftmals unser halbes Leben ab.<\/p>\n<p>[\/et_pb_text][et_pb_image src=&#8220;http:\/\/www.weber-planungsbuero.de\/wp-content\/uploads\/2019\/01\/K\u00fcche-Leberaum-9.jpg&#8220; align_tablet=&#8220;center&#8220; align_phone=&#8220;&#8220; align_last_edited=&#8220;on|desktop&#8220; _builder_version=&#8220;3.23&#8243; max_width=&#8220;79%&#8220;][\/et_pb_image][et_pb_image src=&#8220;http:\/\/www.weber-planungsbuero.de\/wp-content\/uploads\/2019\/05\/IMG_Kopie.PNG.jpg&#8220; align_tablet=&#8220;center&#8220; align_phone=&#8220;&#8220; align_last_edited=&#8220;on|desktop&#8220; _builder_version=&#8220;3.23&#8243; width=&#8220;63%&#8220;][\/et_pb_image][et_pb_image src=&#8220;http:\/\/www.weber-planungsbuero.de\/wp-content\/uploads\/2019\/05\/IMG_0776.PNG.jpg&#8220; align_tablet=&#8220;center&#8220; align_phone=&#8220;&#8220; align_last_edited=&#8220;on|desktop&#8220; _builder_version=&#8220;3.23&#8243; width=&#8220;55%&#8220;][\/et_pb_image][et_pb_text _builder_version=&#8220;3.27.4&#8243; text_font=&#8220;||||||||&#8220; text_font_size=&#8220;20px&#8220;]<\/p>\n<p style=\"font-size: 17px;\">Noch sch\u00f6ner als f\u00fcr G\u00e4ste zu kochen ist mit G\u00e4sten zu kochen &#8211; es schont die Nerven und ist wunderbar entspannend.<br \/>Wir brauchen gem\u00fctliche, gesellige Abende, die den Alltagsstress vergessen machen.<\/p>\n<p>[\/et_pb_text][et_pb_image src=&#8220;http:\/\/www.weber-planungsbuero.de\/wp-content\/uploads\/2019\/05\/IMG_0768.jpg&#8220; align_tablet=&#8220;center&#8220; align_phone=&#8220;&#8220; align_last_edited=&#8220;on|desktop&#8220; _builder_version=&#8220;3.23&#8243; width=&#8220;55%&#8220;][\/et_pb_image][et_pb_image src=&#8220;http:\/\/www.weber-planungsbuero.de\/wp-content\/uploads\/2019\/05\/IMG_0774-Kopie.PNG.jpg&#8220; align_tablet=&#8220;center&#8220; align_phone=&#8220;&#8220; align_last_edited=&#8220;on|desktop&#8220; _builder_version=&#8220;4.5.1&#8243; width=&#8220;37%&#8220;][\/et_pb_image][\/et_pb_column][\/et_pb_row][\/et_pb_section]<\/p>\n","protected":false},"excerpt":{"rendered":"<p>K\u00dcCHE-LEBE-RAUMWo kochen Spa\u00df macht &#8230;Es muss keine Sternek\u00fcche sein. Auf die Anrichtung des Essens und auf die richtige Atmosph\u00e4re, die wir schaffen, kommt es an.Kerzenlicht, ein sch\u00f6n gedeckter Tisch und gute Musik im Hintergrund lassen das einfachste Men\u00fc zu einem grandiosen Erlebnis werden.Pasta e Opera: probieren Sie es mal mit Puccinis Turandot &#8211; zum Beispiel [&hellip;]<\/p>\n","protected":false},"author":1,"featured_media":0,"parent":0,"menu_order":0,"comment_status":"closed","ping_status":"closed","template":"","meta":{"_et_pb_use_builder":"on","_et_pb_old_content":"<!-- wp:shortcode -->\n[robo-gallery id=272]\n<!-- \/wp:shortcode -->","_et_gb_content_width":"","footnotes":""},"class_list":["post-142","page","type-page","status-publish","hentry"],"yoast_head":"<!-- This site is optimized with the Yoast SEO plugin v26.8 - https:\/\/yoast.com\/product\/yoast-seo-wordpress\/ -->\n<title>K\u00fcche-LEBE-Raum - Planungsb\u00fcro Weber<\/title>\n<meta name=\"robots\" content=\"index, follow, max-snippet:-1, max-image-preview:large, max-video-preview:-1\" \/>\n<link rel=\"canonical\" href=\"http:\/\/www.weber-planungsbuero.de\/index.php\/kueche-lebe-raum\/\" \/>\n<meta property=\"og:locale\" content=\"de_DE\" \/>\n<meta property=\"og:type\" content=\"article\" \/>\n<meta property=\"og:title\" content=\"K\u00fcche-LEBE-Raum - Planungsb\u00fcro Weber\" \/>\n<meta property=\"og:description\" content=\"K\u00dcCHE-LEBE-RAUMWo kochen Spa\u00df macht ...Es muss keine Sternek\u00fcche sein. Auf die Anrichtung des Essens und auf die richtige Atmosph\u00e4re, die wir schaffen, kommt es an.Kerzenlicht, ein sch\u00f6n gedeckter Tisch und gute Musik im Hintergrund lassen das einfachste Men\u00fc zu einem grandiosen Erlebnis werden.Pasta e Opera: probieren Sie es mal mit Puccinis Turandot - zum Beispiel [&hellip;]\" \/>\n<meta property=\"og:url\" content=\"http:\/\/www.weber-planungsbuero.de\/index.php\/kueche-lebe-raum\/\" \/>\n<meta property=\"og:site_name\" content=\"Planungsb\u00fcro Weber\" \/>\n<meta property=\"article:modified_time\" content=\"2020-07-26T08:14:11+00:00\" \/>\n<meta name=\"twitter:card\" content=\"summary_large_image\" \/>\n<meta name=\"twitter:label1\" content=\"Gesch\u00e4tzte Lesezeit\" \/>\n\t<meta name=\"twitter:data1\" content=\"3\u00a0Minuten\" \/>\n<script type=\"application\/ld+json\" class=\"yoast-schema-graph\">{\"@context\":\"https:\/\/schema.org\",\"@graph\":[{\"@type\":\"WebPage\",\"@id\":\"http:\/\/www.weber-planungsbuero.de\/index.php\/kueche-lebe-raum\/\",\"url\":\"http:\/\/www.weber-planungsbuero.de\/index.php\/kueche-lebe-raum\/\",\"name\":\"K\u00fcche-LEBE-Raum - Planungsb\u00fcro Weber\",\"isPartOf\":{\"@id\":\"http:\/\/www.weber-planungsbuero.de\/#website\"},\"datePublished\":\"2018-10-30T20:28:13+00:00\",\"dateModified\":\"2020-07-26T08:14:11+00:00\",\"breadcrumb\":{\"@id\":\"http:\/\/www.weber-planungsbuero.de\/index.php\/kueche-lebe-raum\/#breadcrumb\"},\"inLanguage\":\"de\",\"potentialAction\":[{\"@type\":\"ReadAction\",\"target\":[\"http:\/\/www.weber-planungsbuero.de\/index.php\/kueche-lebe-raum\/\"]}]},{\"@type\":\"BreadcrumbList\",\"@id\":\"http:\/\/www.weber-planungsbuero.de\/index.php\/kueche-lebe-raum\/#breadcrumb\",\"itemListElement\":[{\"@type\":\"ListItem\",\"position\":1,\"name\":\"Startseite\",\"item\":\"http:\/\/www.weber-planungsbuero.de\/\"},{\"@type\":\"ListItem\",\"position\":2,\"name\":\"K\u00fcche-LEBE-Raum\"}]},{\"@type\":\"WebSite\",\"@id\":\"http:\/\/www.weber-planungsbuero.de\/#website\",\"url\":\"http:\/\/www.weber-planungsbuero.de\/\",\"name\":\"Planungsb\u00fcro Weber\",\"description\":\"Kreativit\u00e4t aus Leidenschaft\",\"potentialAction\":[{\"@type\":\"SearchAction\",\"target\":{\"@type\":\"EntryPoint\",\"urlTemplate\":\"http:\/\/www.weber-planungsbuero.de\/?s={search_term_string}\"},\"query-input\":{\"@type\":\"PropertyValueSpecification\",\"valueRequired\":true,\"valueName\":\"search_term_string\"}}],\"inLanguage\":\"de\"}]}<\/script>\n<!-- \/ Yoast SEO plugin. -->","yoast_head_json":{"title":"K\u00fcche-LEBE-Raum - Planungsb\u00fcro Weber","robots":{"index":"index","follow":"follow","max-snippet":"max-snippet:-1","max-image-preview":"max-image-preview:large","max-video-preview":"max-video-preview:-1"},"canonical":"http:\/\/www.weber-planungsbuero.de\/index.php\/kueche-lebe-raum\/","og_locale":"de_DE","og_type":"article","og_title":"K\u00fcche-LEBE-Raum - Planungsb\u00fcro Weber","og_description":"K\u00dcCHE-LEBE-RAUMWo kochen Spa\u00df macht ...Es muss keine Sternek\u00fcche sein. Auf die Anrichtung des Essens und auf die richtige Atmosph\u00e4re, die wir schaffen, kommt es an.Kerzenlicht, ein sch\u00f6n gedeckter Tisch und gute Musik im Hintergrund lassen das einfachste Men\u00fc zu einem grandiosen Erlebnis werden.Pasta e Opera: probieren Sie es mal mit Puccinis Turandot - zum Beispiel [&hellip;]","og_url":"http:\/\/www.weber-planungsbuero.de\/index.php\/kueche-lebe-raum\/","og_site_name":"Planungsb\u00fcro Weber","article_modified_time":"2020-07-26T08:14:11+00:00","twitter_card":"summary_large_image","twitter_misc":{"Gesch\u00e4tzte Lesezeit":"3\u00a0Minuten"},"schema":{"@context":"https:\/\/schema.org","@graph":[{"@type":"WebPage","@id":"http:\/\/www.weber-planungsbuero.de\/index.php\/kueche-lebe-raum\/","url":"http:\/\/www.weber-planungsbuero.de\/index.php\/kueche-lebe-raum\/","name":"K\u00fcche-LEBE-Raum - Planungsb\u00fcro Weber","isPartOf":{"@id":"http:\/\/www.weber-planungsbuero.de\/#website"},"datePublished":"2018-10-30T20:28:13+00:00","dateModified":"2020-07-26T08:14:11+00:00","breadcrumb":{"@id":"http:\/\/www.weber-planungsbuero.de\/index.php\/kueche-lebe-raum\/#breadcrumb"},"inLanguage":"de","potentialAction":[{"@type":"ReadAction","target":["http:\/\/www.weber-planungsbuero.de\/index.php\/kueche-lebe-raum\/"]}]},{"@type":"BreadcrumbList","@id":"http:\/\/www.weber-planungsbuero.de\/index.php\/kueche-lebe-raum\/#breadcrumb","itemListElement":[{"@type":"ListItem","position":1,"name":"Startseite","item":"http:\/\/www.weber-planungsbuero.de\/"},{"@type":"ListItem","position":2,"name":"K\u00fcche-LEBE-Raum"}]},{"@type":"WebSite","@id":"http:\/\/www.weber-planungsbuero.de\/#website","url":"http:\/\/www.weber-planungsbuero.de\/","name":"Planungsb\u00fcro Weber","description":"Kreativit\u00e4t aus Leidenschaft","potentialAction":[{"@type":"SearchAction","target":{"@type":"EntryPoint","urlTemplate":"http:\/\/www.weber-planungsbuero.de\/?s={search_term_string}"},"query-input":{"@type":"PropertyValueSpecification","valueRequired":true,"valueName":"search_term_string"}}],"inLanguage":"de"}]}},"amp_enabled":true,"_links":{"self":[{"href":"http:\/\/www.weber-planungsbuero.de\/index.php\/wp-json\/wp\/v2\/pages\/142","targetHints":{"allow":["GET"]}}],"collection":[{"href":"http:\/\/www.weber-planungsbuero.de\/index.php\/wp-json\/wp\/v2\/pages"}],"about":[{"href":"http:\/\/www.weber-planungsbuero.de\/index.php\/wp-json\/wp\/v2\/types\/page"}],"author":[{"embeddable":true,"href":"http:\/\/www.weber-planungsbuero.de\/index.php\/wp-json\/wp\/v2\/users\/1"}],"replies":[{"embeddable":true,"href":"http:\/\/www.weber-planungsbuero.de\/index.php\/wp-json\/wp\/v2\/comments?post=142"}],"version-history":[{"count":43,"href":"http:\/\/www.weber-planungsbuero.de\/index.php\/wp-json\/wp\/v2\/pages\/142\/revisions"}],"predecessor-version":[{"id":1724,"href":"http:\/\/www.weber-planungsbuero.de\/index.php\/wp-json\/wp\/v2\/pages\/142\/revisions\/1724"}],"wp:attachment":[{"href":"http:\/\/www.weber-planungsbuero.de\/index.php\/wp-json\/wp\/v2\/media?parent=142"}],"curies":[{"name":"wp","href":"https:\/\/api.w.org\/{rel}","templated":true}]}}