{"id":146,"date":"2018-10-30T21:28:35","date_gmt":"2018-10-30T20:28:35","guid":{"rendered":"http:\/\/www.weber-planungsbuero.de\/?page_id=146"},"modified":"2020-04-06T09:07:49","modified_gmt":"2020-04-06T07:07:49","slug":"ess-lebe-raum","status":"publish","type":"page","link":"http:\/\/www.weber-planungsbuero.de\/index.php\/ess-lebe-raum\/","title":{"rendered":"Ess-LEBE-Raum"},"content":{"rendered":"<p>[et_pb_section fb_built=&#8220;1&#8243; _builder_version=&#8220;3.22.3&#8243;][et_pb_row column_structure=&#8220;1_2,1_2&#8243; _builder_version=&#8220;3.25&#8243;][et_pb_column type=&#8220;1_2&#8243; _builder_version=&#8220;3.25&#8243; custom_padding=&#8220;|||&#8220; custom_padding__hover=&#8220;|||&#8220;][et_pb_text _builder_version=&#8220;3.27.4&#8243;]<\/p>\n<h2>ESS-LEBE-RAUM<\/h2>\n<p>[\/et_pb_text][et_pb_image src=&#8220;http:\/\/www.weber-planungsbuero.de\/wp-content\/uploads\/2019\/01\/Ess-Lebe-Raum-1.jpg&#8220; align_tablet=&#8220;center&#8220; align_phone=&#8220;&#8220; align_last_edited=&#8220;on|desktop&#8220; _builder_version=&#8220;4.4.2&#8243;][\/et_pb_image][et_pb_text _builder_version=&#8220;3.27.4&#8243; text_font=&#8220;||||||||&#8220; text_font_size=&#8220;20px&#8220; text_orientation=&#8220;right&#8220;]<\/p>\n<p style=\"font-size: 17px;\">Lichtdurchflutete R\u00e4ume sind gerade im Essbereich besonders reizvoll.<\/p>\n<p>[\/et_pb_text][et_pb_image src=&#8220;http:\/\/www.weber-planungsbuero.de\/wp-content\/uploads\/2019\/02\/Ess-Lebe-Raum-Blumenstrauss.jpg&#8220; align=&#8220;right&#8220; align_tablet=&#8220;center&#8220; align_phone=&#8220;&#8220; align_last_edited=&#8220;on|phone&#8220; _builder_version=&#8220;4.4.2&#8243; width=&#8220;53%&#8220; module_alignment=&#8220;right&#8220; hover_enabled=&#8220;0&#8243;][\/et_pb_image][et_pb_image src=&#8220;http:\/\/www.weber-planungsbuero.de\/wp-content\/uploads\/2019\/02\/Ess-Lebe-Raum-Lichtkonzepte-gedeckter-Tisch.jpg&#8220; align=&#8220;right&#8220; align_tablet=&#8220;center&#8220; align_phone=&#8220;&#8220; align_last_edited=&#8220;on|desktop&#8220; _builder_version=&#8220;4.4.2&#8243; hover_enabled=&#8220;0&#8243;][\/et_pb_image][et_pb_text _builder_version=&#8220;3.27.4&#8243; text_font=&#8220;||||||||&#8220; text_font_size=&#8220;20px&#8220; text_orientation=&#8220;right&#8220;]<\/p>\n<p style=\"font-size: 17px;\">Wenn es um Atmosph\u00e4re geht, ist das richtige Lichtkonzept ein wichtiger Wohlf\u00fchlfaktor. Dabei ist Kerzenlicht nach wie vor das stimmungsvollste Licht und damit ein unverzichtbares Element.<\/p>\n<p>[\/et_pb_text][et_pb_image src=&#8220;http:\/\/www.weber-planungsbuero.de\/wp-content\/uploads\/2019\/05\/IMG_0784-Kopie.PNG.jpg&#8220; align=&#8220;right&#8220; align_tablet=&#8220;center&#8220; align_phone=&#8220;&#8220; align_last_edited=&#8220;on|desktop&#8220; _builder_version=&#8220;4.4.2&#8243; width=&#8220;37%&#8220; module_alignment=&#8220;right&#8220;][\/et_pb_image][et_pb_text _builder_version=&#8220;3.27.4&#8243; text_font=&#8220;||||||||&#8220; text_font_size=&#8220;20px&#8220; text_orientation=&#8220;right&#8220;]<\/p>\n<p style=\"font-size: 17px;\">Auch die passende Wandgestaltung, wie hier z.B. eine Natursteinverkleidung, schafft eine besondere Atmosph\u00e4re.<\/p>\n<p>[\/et_pb_text][et_pb_image src=&#8220;http:\/\/www.weber-planungsbuero.de\/wp-content\/uploads\/2019\/05\/IMG_0784.PNG.jpg&#8220; align=&#8220;right&#8220; align_tablet=&#8220;center&#8220; align_phone=&#8220;&#8220; align_last_edited=&#8220;on|desktop&#8220; _builder_version=&#8220;4.4.2&#8243; width=&#8220;77%&#8220; module_alignment=&#8220;right&#8220;][\/et_pb_image][\/et_pb_column][et_pb_column type=&#8220;1_2&#8243; _builder_version=&#8220;3.25&#8243; custom_padding=&#8220;|||&#8220; custom_padding__hover=&#8220;|||&#8220;][et_pb_image src=&#8220;http:\/\/www.weber-planungsbuero.de\/wp-content\/uploads\/2019\/05\/IMG_0783-Kopie.PNG.jpg&#8220; align_tablet=&#8220;center&#8220; align_phone=&#8220;&#8220; align_last_edited=&#8220;on|desktop&#8220; _builder_version=&#8220;3.23&#8243; width=&#8220;57%&#8220;][\/et_pb_image][et_pb_image src=&#8220;http:\/\/www.weber-planungsbuero.de\/wp-content\/uploads\/2019\/01\/Ess-Lebe-Raum-4.jpg&#8220; align_tablet=&#8220;center&#8220; align_phone=&#8220;&#8220; align_last_edited=&#8220;on|desktop&#8220; _builder_version=&#8220;3.23&#8243;][\/et_pb_image][et_pb_image src=&#8220;http:\/\/www.weber-planungsbuero.de\/wp-content\/uploads\/2019\/01\/Ess-Lebe-Raum-3.jpg&#8220; align_tablet=&#8220;center&#8220; align_phone=&#8220;&#8220; align_last_edited=&#8220;on|desktop&#8220; _builder_version=&#8220;3.23&#8243; max_width=&#8220;64%&#8220;][\/et_pb_image][et_pb_image src=&#8220;http:\/\/www.weber-planungsbuero.de\/wp-content\/uploads\/2019\/02\/Ess-Lebe-Raum-Lichtkonzepte-gedeckter-Tisch.png&#8220; align_tablet=&#8220;center&#8220; align_phone=&#8220;&#8220; align_last_edited=&#8220;on|desktop&#8220; _builder_version=&#8220;3.23&#8243; max_width=&#8220;39%&#8220;][\/et_pb_image][et_pb_text _builder_version=&#8220;3.27.4&#8243; text_font=&#8220;||||||||&#8220; text_font_size=&#8220;20px&#8220;]<\/p>\n<p style=\"font-size: 17px;\">Sch\u00f6ne Wohnaccessoires bringen das &#8222;gewisse Etwas&#8220; in den Raum.<\/p>\n<p>[\/et_pb_text][et_pb_image src=&#8220;http:\/\/www.weber-planungsbuero.de\/wp-content\/uploads\/2019\/02\/Ess-Lebe-Raum-Lichtkonzepte-Kerzenleuchter.png&#8220; align_tablet=&#8220;center&#8220; align_phone=&#8220;&#8220; align_last_edited=&#8220;on|desktop&#8220; _builder_version=&#8220;3.23&#8243; max_width=&#8220;39%&#8220;][\/et_pb_image][et_pb_image src=&#8220;http:\/\/www.weber-planungsbuero.de\/wp-content\/uploads\/2019\/05\/IMG_0783.PNG.jpg&#8220; align_tablet=&#8220;center&#8220; align_phone=&#8220;&#8220; align_last_edited=&#8220;on|desktop&#8220; _builder_version=&#8220;3.23&#8243; width=&#8220;59%&#8220;][\/et_pb_image][et_pb_text _builder_version=&#8220;3.27.4&#8243;]<\/p>\n<h2><\/h2>\n<p>[\/et_pb_text][\/et_pb_column][\/et_pb_row][\/et_pb_section]<\/p>\n","protected":false},"excerpt":{"rendered":"<p>ESS-LEBE-RAUMLichtdurchflutete R\u00e4ume sind gerade im Essbereich besonders reizvoll.Wenn es um Atmosph\u00e4re geht, ist das richtige Lichtkonzept ein wichtiger Wohlf\u00fchlfaktor. Dabei ist Kerzenlicht nach wie vor das stimmungsvollste Licht und damit ein unverzichtbares Element.Auch die passende Wandgestaltung, wie hier z.B. eine Natursteinverkleidung, schafft eine besondere Atmosph\u00e4re.Sch\u00f6ne Wohnaccessoires bringen das &#8222;gewisse Etwas&#8220; in den Raum.<\/p>\n","protected":false},"author":1,"featured_media":0,"parent":0,"menu_order":0,"comment_status":"closed","ping_status":"closed","template":"","meta":{"_et_pb_use_builder":"on","_et_pb_old_content":"<!-- wp:gallery {\"ids\":[319],\"ampLightbox\":true} -->\n<ul class=\"wp-block-gallery columns-1 is-cropped\" data-amp-lightbox=\"true\"><li class=\"blocks-gallery-item\"><figure><img src=\"http:\/\/www.weber-planungsbuero.de\/wp-content\/uploads\/2018\/11\/quer_02-1024x498.jpg\" alt=\"\" data-id=\"319\" class=\"wp-image-319\"\/><\/figure><\/li><\/ul>\n<!-- \/wp:gallery -->\n\n<!-- wp:gallery {\"ids\":[319,318,317]} -->\n<ul class=\"wp-block-gallery columns-3 is-cropped\"><li class=\"blocks-gallery-item\"><figure><img src=\"http:\/\/www.weber-planungsbuero.de\/wp-content\/uploads\/2018\/11\/quer_02-1024x498.jpg\" alt=\"\" data-id=\"319\" data-link=\"http:\/\/www.weber-planungsbuero.de\/quer_02\/\" class=\"wp-image-319\"\/><\/figure><\/li><li class=\"blocks-gallery-item\"><figure><img src=\"http:\/\/www.weber-planungsbuero.de\/wp-content\/uploads\/2018\/11\/quer_01-1024x498.jpg\" alt=\"\" data-id=\"318\" data-link=\"http:\/\/www.weber-planungsbuero.de\/quer_01\/\" class=\"wp-image-318\"\/><\/figure><\/li><li class=\"blocks-gallery-item\"><figure><img src=\"http:\/\/www.weber-planungsbuero.de\/wp-content\/uploads\/2018\/11\/hoch_01-768x1024.jpg\" alt=\"\" data-id=\"317\" data-link=\"http:\/\/www.weber-planungsbuero.de\/hoch_01\/\" class=\"wp-image-317\"\/><\/figure><\/li><\/ul>\n<!-- \/wp:gallery -->\n\n<!-- wp:columns -->\n<div class=\"wp-block-columns has-2-columns\"><!-- wp:column -->\n<div class=\"wp-block-column\"><!-- wp:image {\"id\":318} -->\n<figure class=\"wp-block-image\"><img src=\"http:\/\/www.weber-planungsbuero.de\/wp-content\/uploads\/2018\/11\/quer_01-1024x498.jpg\" alt=\"\" class=\"wp-image-318\"\/><\/figure>\n<!-- \/wp:image -->\n\n<!-- wp:image {\"id\":319} -->\n<figure class=\"wp-block-image\"><img src=\"http:\/\/www.weber-planungsbuero.de\/wp-content\/uploads\/2018\/11\/quer_02-1024x498.jpg\" alt=\"\" class=\"wp-image-319\"\/><\/figure>\n<!-- \/wp:image --><\/div>\n<!-- \/wp:column -->\n\n<!-- wp:column -->\n<div class=\"wp-block-column\"><!-- wp:image {\"id\":317,\"width\":321,\"height\":428} -->\n<figure class=\"wp-block-image is-resized\"><img src=\"http:\/\/www.weber-planungsbuero.de\/wp-content\/uploads\/2018\/11\/hoch_01-768x1024.jpg\" alt=\"\" class=\"wp-image-317\" width=\"321\" height=\"428\"\/><\/figure>\n<!-- \/wp:image -->\n\n<!-- wp:paragraph -->\n<p><\/p>\n<!-- \/wp:paragraph --><\/div>\n<!-- \/wp:column --><\/div>\n<!-- \/wp:columns -->\n\n<!-- wp:image {\"id\":318} -->\n<figure class=\"wp-block-image\"><img src=\"http:\/\/www.weber-planungsbuero.de\/wp-content\/uploads\/2018\/11\/quer_01-1024x498.jpg\" alt=\"\" class=\"wp-image-318\"\/><\/figure>\n<!-- \/wp:image -->\n\n<!-- wp:preformatted -->\n<pre class=\"wp-block-preformatted\"><\/pre>\n<!-- \/wp:preformatted -->\n\n<!-- wp:columns -->\n<div class=\"wp-block-columns has-2-columns\"><!-- wp:column -->\n<div class=\"wp-block-column\"><!-- wp:paragraph -->\n<p><\/p>\n<!-- \/wp:paragraph --><\/div>\n<!-- \/wp:column -->\n\n<!-- wp:column -->\n<div class=\"wp-block-column\"><!-- wp:columns -->\n<div class=\"wp-block-columns has-2-columns\"><!-- wp:column -->\n<div class=\"wp-block-column\"><!-- wp:paragraph -->\n<p><\/p>\n<!-- \/wp:paragraph --><\/div>\n<!-- \/wp:column -->\n\n<!-- wp:column -->\n<div class=\"wp-block-column\"><!-- wp:paragraph -->\n<p><\/p>\n<!-- \/wp:paragraph --><\/div>\n<!-- \/wp:column --><\/div>\n<!-- \/wp:columns --><\/div>\n<!-- \/wp:column --><\/div>\n<!-- \/wp:columns -->\n\n<!-- wp:columns -->\n<div class=\"wp-block-columns has-2-columns\"><!-- wp:column -->\n<div class=\"wp-block-column\"><!-- wp:paragraph -->\n<p><\/p>\n<!-- \/wp:paragraph --><\/div>\n<!-- \/wp:column -->\n\n<!-- wp:column -->\n<div class=\"wp-block-column\"><\/div>\n<!-- \/wp:column --><\/div>\n<!-- \/wp:columns -->","_et_gb_content_width":"","footnotes":""},"class_list":["post-146","page","type-page","status-publish","hentry"],"yoast_head":"<!-- This site is optimized with the Yoast SEO plugin v26.8 - https:\/\/yoast.com\/product\/yoast-seo-wordpress\/ -->\n<title>Ess-LEBE-Raum - Planungsb\u00fcro Weber<\/title>\n<meta name=\"robots\" content=\"index, follow, max-snippet:-1, max-image-preview:large, max-video-preview:-1\" \/>\n<link rel=\"canonical\" href=\"http:\/\/www.weber-planungsbuero.de\/index.php\/ess-lebe-raum\/\" \/>\n<meta property=\"og:locale\" content=\"de_DE\" \/>\n<meta property=\"og:type\" content=\"article\" \/>\n<meta property=\"og:title\" content=\"Ess-LEBE-Raum - Planungsb\u00fcro Weber\" \/>\n<meta property=\"og:description\" content=\"ESS-LEBE-RAUMLichtdurchflutete R\u00e4ume sind gerade im Essbereich besonders reizvoll.Wenn es um Atmosph\u00e4re geht, ist das richtige Lichtkonzept ein wichtiger Wohlf\u00fchlfaktor. Dabei ist Kerzenlicht nach wie vor das stimmungsvollste Licht und damit ein unverzichtbares Element.Auch die passende Wandgestaltung, wie hier z.B. eine Natursteinverkleidung, schafft eine besondere Atmosph\u00e4re.Sch\u00f6ne Wohnaccessoires bringen das &quot;gewisse Etwas&quot; in den Raum.\" \/>\n<meta property=\"og:url\" content=\"http:\/\/www.weber-planungsbuero.de\/index.php\/ess-lebe-raum\/\" \/>\n<meta property=\"og:site_name\" content=\"Planungsb\u00fcro Weber\" \/>\n<meta property=\"article:modified_time\" content=\"2020-04-06T07:07:49+00:00\" \/>\n<meta name=\"twitter:card\" content=\"summary_large_image\" \/>\n<meta name=\"twitter:label1\" content=\"Gesch\u00e4tzte Lesezeit\" \/>\n\t<meta name=\"twitter:data1\" content=\"3\u00a0Minuten\" \/>\n<script type=\"application\/ld+json\" class=\"yoast-schema-graph\">{\"@context\":\"https:\/\/schema.org\",\"@graph\":[{\"@type\":\"WebPage\",\"@id\":\"http:\/\/www.weber-planungsbuero.de\/index.php\/ess-lebe-raum\/\",\"url\":\"http:\/\/www.weber-planungsbuero.de\/index.php\/ess-lebe-raum\/\",\"name\":\"Ess-LEBE-Raum - Planungsb\u00fcro Weber\",\"isPartOf\":{\"@id\":\"http:\/\/www.weber-planungsbuero.de\/#website\"},\"datePublished\":\"2018-10-30T20:28:35+00:00\",\"dateModified\":\"2020-04-06T07:07:49+00:00\",\"breadcrumb\":{\"@id\":\"http:\/\/www.weber-planungsbuero.de\/index.php\/ess-lebe-raum\/#breadcrumb\"},\"inLanguage\":\"de\",\"potentialAction\":[{\"@type\":\"ReadAction\",\"target\":[\"http:\/\/www.weber-planungsbuero.de\/index.php\/ess-lebe-raum\/\"]}]},{\"@type\":\"BreadcrumbList\",\"@id\":\"http:\/\/www.weber-planungsbuero.de\/index.php\/ess-lebe-raum\/#breadcrumb\",\"itemListElement\":[{\"@type\":\"ListItem\",\"position\":1,\"name\":\"Startseite\",\"item\":\"http:\/\/www.weber-planungsbuero.de\/\"},{\"@type\":\"ListItem\",\"position\":2,\"name\":\"Ess-LEBE-Raum\"}]},{\"@type\":\"WebSite\",\"@id\":\"http:\/\/www.weber-planungsbuero.de\/#website\",\"url\":\"http:\/\/www.weber-planungsbuero.de\/\",\"name\":\"Planungsb\u00fcro Weber\",\"description\":\"Kreativit\u00e4t aus Leidenschaft\",\"potentialAction\":[{\"@type\":\"SearchAction\",\"target\":{\"@type\":\"EntryPoint\",\"urlTemplate\":\"http:\/\/www.weber-planungsbuero.de\/?s={search_term_string}\"},\"query-input\":{\"@type\":\"PropertyValueSpecification\",\"valueRequired\":true,\"valueName\":\"search_term_string\"}}],\"inLanguage\":\"de\"}]}<\/script>\n<!-- \/ Yoast SEO plugin. -->","yoast_head_json":{"title":"Ess-LEBE-Raum - Planungsb\u00fcro Weber","robots":{"index":"index","follow":"follow","max-snippet":"max-snippet:-1","max-image-preview":"max-image-preview:large","max-video-preview":"max-video-preview:-1"},"canonical":"http:\/\/www.weber-planungsbuero.de\/index.php\/ess-lebe-raum\/","og_locale":"de_DE","og_type":"article","og_title":"Ess-LEBE-Raum - Planungsb\u00fcro Weber","og_description":"ESS-LEBE-RAUMLichtdurchflutete R\u00e4ume sind gerade im Essbereich besonders reizvoll.Wenn es um Atmosph\u00e4re geht, ist das richtige Lichtkonzept ein wichtiger Wohlf\u00fchlfaktor. Dabei ist Kerzenlicht nach wie vor das stimmungsvollste Licht und damit ein unverzichtbares Element.Auch die passende Wandgestaltung, wie hier z.B. eine Natursteinverkleidung, schafft eine besondere Atmosph\u00e4re.Sch\u00f6ne Wohnaccessoires bringen das \"gewisse Etwas\" in den Raum.","og_url":"http:\/\/www.weber-planungsbuero.de\/index.php\/ess-lebe-raum\/","og_site_name":"Planungsb\u00fcro Weber","article_modified_time":"2020-04-06T07:07:49+00:00","twitter_card":"summary_large_image","twitter_misc":{"Gesch\u00e4tzte Lesezeit":"3\u00a0Minuten"},"schema":{"@context":"https:\/\/schema.org","@graph":[{"@type":"WebPage","@id":"http:\/\/www.weber-planungsbuero.de\/index.php\/ess-lebe-raum\/","url":"http:\/\/www.weber-planungsbuero.de\/index.php\/ess-lebe-raum\/","name":"Ess-LEBE-Raum - Planungsb\u00fcro Weber","isPartOf":{"@id":"http:\/\/www.weber-planungsbuero.de\/#website"},"datePublished":"2018-10-30T20:28:35+00:00","dateModified":"2020-04-06T07:07:49+00:00","breadcrumb":{"@id":"http:\/\/www.weber-planungsbuero.de\/index.php\/ess-lebe-raum\/#breadcrumb"},"inLanguage":"de","potentialAction":[{"@type":"ReadAction","target":["http:\/\/www.weber-planungsbuero.de\/index.php\/ess-lebe-raum\/"]}]},{"@type":"BreadcrumbList","@id":"http:\/\/www.weber-planungsbuero.de\/index.php\/ess-lebe-raum\/#breadcrumb","itemListElement":[{"@type":"ListItem","position":1,"name":"Startseite","item":"http:\/\/www.weber-planungsbuero.de\/"},{"@type":"ListItem","position":2,"name":"Ess-LEBE-Raum"}]},{"@type":"WebSite","@id":"http:\/\/www.weber-planungsbuero.de\/#website","url":"http:\/\/www.weber-planungsbuero.de\/","name":"Planungsb\u00fcro Weber","description":"Kreativit\u00e4t aus Leidenschaft","potentialAction":[{"@type":"SearchAction","target":{"@type":"EntryPoint","urlTemplate":"http:\/\/www.weber-planungsbuero.de\/?s={search_term_string}"},"query-input":{"@type":"PropertyValueSpecification","valueRequired":true,"valueName":"search_term_string"}}],"inLanguage":"de"}]}},"amp_enabled":true,"_links":{"self":[{"href":"http:\/\/www.weber-planungsbuero.de\/index.php\/wp-json\/wp\/v2\/pages\/146","targetHints":{"allow":["GET"]}}],"collection":[{"href":"http:\/\/www.weber-planungsbuero.de\/index.php\/wp-json\/wp\/v2\/pages"}],"about":[{"href":"http:\/\/www.weber-planungsbuero.de\/index.php\/wp-json\/wp\/v2\/types\/page"}],"author":[{"embeddable":true,"href":"http:\/\/www.weber-planungsbuero.de\/index.php\/wp-json\/wp\/v2\/users\/1"}],"replies":[{"embeddable":true,"href":"http:\/\/www.weber-planungsbuero.de\/index.php\/wp-json\/wp\/v2\/comments?post=146"}],"version-history":[{"count":50,"href":"http:\/\/www.weber-planungsbuero.de\/index.php\/wp-json\/wp\/v2\/pages\/146\/revisions"}],"predecessor-version":[{"id":1712,"href":"http:\/\/www.weber-planungsbuero.de\/index.php\/wp-json\/wp\/v2\/pages\/146\/revisions\/1712"}],"wp:attachment":[{"href":"http:\/\/www.weber-planungsbuero.de\/index.php\/wp-json\/wp\/v2\/media?parent=146"}],"curies":[{"name":"wp","href":"https:\/\/api.w.org\/{rel}","templated":true}]}}