{"id":52,"date":"2018-10-24T22:12:21","date_gmt":"2018-10-24T20:12:21","guid":{"rendered":"http:\/\/www.weber-planungsbuero.de\/?page_id=52"},"modified":"2020-07-23T10:26:08","modified_gmt":"2020-07-23T08:26:08","slug":"outdoor","status":"publish","type":"page","link":"http:\/\/www.weber-planungsbuero.de\/index.php\/outdoor\/","title":{"rendered":"OUTDOOR"},"content":{"rendered":"<p>[et_pb_section fb_built=&#8220;1&#8243; _builder_version=&#8220;3.22.3&#8243;][et_pb_row column_structure=&#8220;1_2,1_2&#8243; _builder_version=&#8220;3.25&#8243;][et_pb_column type=&#8220;1_2&#8243; _builder_version=&#8220;3.25&#8243; custom_padding=&#8220;|||&#8220; custom_padding__hover=&#8220;|||&#8220;][et_pb_text _builder_version=&#8220;3.27.4&#8243;]<\/p>\n<h2>OUTDOOR<\/h2>\n<p style=\"font-size:17px;\">Sonnenstrahlen auf der Haut sp\u00fcren. Entspannen. Zeit vergessen.<\/p>\n<p>[\/et_pb_text][et_pb_image src=&#8220;http:\/\/www.weber-planungsbuero.de\/wp-content\/uploads\/2019\/04\/261.jpg&#8220; align=&#8220;right&#8220; align_tablet=&#8220;center&#8220; align_phone=&#8220;&#8220; align_last_edited=&#8220;on|desktop&#8220; _builder_version=&#8220;4.3.2&#8243; module_alignment=&#8220;right&#8220;][\/et_pb_image][et_pb_image src=&#8220;http:\/\/www.weber-planungsbuero.de\/wp-content\/uploads\/2019\/01\/H\u00e4user-7.jpg&#8220; align_tablet=&#8220;center&#8220; align_phone=&#8220;&#8220; align_last_edited=&#8220;on|desktop&#8220; _builder_version=&#8220;3.23&#8243; max_width=&#8220;78%&#8220; module_alignment=&#8220;right&#8220;][\/et_pb_image][et_pb_image src=&#8220;http:\/\/www.weber-planungsbuero.de\/wp-content\/uploads\/2019\/04\/z-Garten-1-18.jpg&#8220; align=&#8220;right&#8220; align_tablet=&#8220;center&#8220; align_phone=&#8220;&#8220; align_last_edited=&#8220;on|desktop&#8220; _builder_version=&#8220;4.3.2&#8243;][\/et_pb_image][et_pb_image src=&#8220;http:\/\/www.weber-planungsbuero.de\/wp-content\/uploads\/2019\/04\/324.jpg&#8220; align=&#8220;right&#8220; align_tablet=&#8220;center&#8220; align_phone=&#8220;&#8220; align_last_edited=&#8220;on|desktop&#8220; _builder_version=&#8220;4.3.2&#8243; max_width=&#8220;77%&#8220; module_alignment=&#8220;right&#8220;][\/et_pb_image][et_pb_text _builder_version=&#8220;3.27.4&#8243; text_font=&#8220;||||||||&#8220; text_orientation=&#8220;right&#8220;]<\/p>\n<p style=\"font-size:17px;\">Wasser im eigenen Garten &#8211; immer ein toller Blickfang!<\/p>\n<p>[\/et_pb_text][et_pb_image src=&#8220;http:\/\/www.weber-planungsbuero.de\/wp-content\/uploads\/2019\/04\/1141.jpg&#8220; align=&#8220;right&#8220; align_tablet=&#8220;center&#8220; align_phone=&#8220;&#8220; align_last_edited=&#8220;on|desktop&#8220; _builder_version=&#8220;4.3.2&#8243;][\/et_pb_image][et_pb_image src=&#8220;http:\/\/www.weber-planungsbuero.de\/wp-content\/uploads\/2019\/04\/IMG_9636.jpg&#8220; align_tablet=&#8220;center&#8220; align_phone=&#8220;&#8220; align_last_edited=&#8220;on|desktop&#8220; _builder_version=&#8220;3.23&#8243; max_width=&#8220;55%&#8220; module_alignment=&#8220;right&#8220;][\/et_pb_image][et_pb_image src=&#8220;http:\/\/www.weber-planungsbuero.de\/wp-content\/uploads\/2019\/04\/IMG_9641.jpg&#8220; align_tablet=&#8220;center&#8220; align_phone=&#8220;&#8220; align_last_edited=&#8220;on|desktop&#8220; _builder_version=&#8220;3.23&#8243; max_width=&#8220;90%&#8220; module_alignment=&#8220;right&#8220;][\/et_pb_image][et_pb_image src=&#8220;http:\/\/www.weber-planungsbuero.de\/wp-content\/uploads\/2019\/01\/H\u00e4user-5.jpg&#8220; align_tablet=&#8220;center&#8220; align_phone=&#8220;&#8220; align_last_edited=&#8220;on|desktop&#8220; _builder_version=&#8220;3.23&#8243;][\/et_pb_image][et_pb_text _builder_version=&#8220;3.27.4&#8243; text_font=&#8220;||||||||&#8220; text_orientation=&#8220;right&#8220;]<\/p>\n<p style=\"font-size:17px;\">Hier Alta Quarzit grau und rosa Quarzit Chiaro verlegt im Schachbrettmuster. Quarzit-Fliesen sind die h\u00e4rtesten und edelsten unter den Natursteinfliesen. Fliesen aus Quarzit eignen\u00a0sich aufgrund ihrer Dichte optimal f\u00fcr edle und beeindruckende\u00a0Gestaltung im Outdoor Bereich. Sie zeigen maximale Resistenz gegen Witterungseinfl\u00fcsse. <\/p>\n<p>[\/et_pb_text][et_pb_image src=&#8220;http:\/\/www.weber-planungsbuero.de\/wp-content\/uploads\/2019\/01\/H\u00e4user-6.jpg&#8220; align_tablet=&#8220;center&#8220; align_phone=&#8220;&#8220; align_last_edited=&#8220;on|desktop&#8220; _builder_version=&#8220;3.23&#8243; max_width=&#8220;82%&#8220; module_alignment=&#8220;right&#8220;][\/et_pb_image][et_pb_image src=&#8220;http:\/\/www.weber-planungsbuero.de\/wp-content\/uploads\/2019\/05\/PHOTO-2019-04-21-09-34-45.jpg&#8220; align_tablet=&#8220;center&#8220; align_phone=&#8220;&#8220; align_last_edited=&#8220;on|desktop&#8220; _builder_version=&#8220;3.23&#8243;][\/et_pb_image][et_pb_image src=&#8220;http:\/\/www.weber-planungsbuero.de\/wp-content\/uploads\/2019\/04\/Terasse-1-7.jpg&#8220; align_tablet=&#8220;center&#8220; align_phone=&#8220;&#8220; align_last_edited=&#8220;on|desktop&#8220; _builder_version=&#8220;3.23&#8243; max_width=&#8220;69%&#8220; module_alignment=&#8220;right&#8220;][\/et_pb_image][\/et_pb_column][et_pb_column type=&#8220;1_2&#8243; _builder_version=&#8220;3.25&#8243; custom_padding=&#8220;|||&#8220; custom_padding__hover=&#8220;|||&#8220;][et_pb_image src=&#8220;http:\/\/www.weber-planungsbuero.de\/wp-content\/uploads\/2019\/05\/bild-1-Kopie-a1-2.jpg&#8220; align_tablet=&#8220;center&#8220; align_phone=&#8220;&#8220; align_last_edited=&#8220;on|desktop&#8220; _builder_version=&#8220;3.23&#8243; width=&#8220;54%&#8220;][\/et_pb_image][et_pb_text _builder_version=&#8220;3.27.4&#8243;]<\/p>\n<p style=\"font-size: 17px;\">Wohl dem, der ein ungest\u00f6rtes Pl\u00e4tzchen im Freien sein Eigen nennen kann. Dabei ist es ganz egal, ob es sich um einen R\u00fcckzugsort in einem Hinterhof handelt, um eine gro\u00dfz\u00fcgige Terrasse mit Anwesen oder um einen Minibalkon.<\/p>\n<p>[\/et_pb_text][et_pb_image src=&#8220;http:\/\/www.weber-planungsbuero.de\/wp-content\/uploads\/2019\/04\/1-1-Kopie.jpg&#8220; align_tablet=&#8220;center&#8220; align_phone=&#8220;&#8220; align_last_edited=&#8220;on|desktop&#8220; _builder_version=&#8220;4.5.1&#8243; width=&#8220;82%&#8220;][\/et_pb_image][et_pb_image src=&#8220;http:\/\/www.weber-planungsbuero.de\/wp-content\/uploads\/2019\/04\/267.jpg&#8220; align_tablet=&#8220;center&#8220; align_phone=&#8220;&#8220; align_last_edited=&#8220;on|desktop&#8220; _builder_version=&#8220;3.23&#8243; max_width=&#8220;63%&#8220;][\/et_pb_image][et_pb_text _builder_version=&#8220;3.27.4&#8243;]<\/p>\n<p style=\"font-size: 17px;\">Warum nicht ein Pfauenp\u00e4rchen durch den Garten spazieren lassen? \u2026 Pfauen sind standorttreu und der Pfauenschrei klingt wunderbar exotisch.<\/p>\n<p>[\/et_pb_text][et_pb_image src=&#8220;http:\/\/www.weber-planungsbuero.de\/wp-content\/uploads\/2019\/04\/IMG_1171-1.jpg&#8220; align_tablet=&#8220;center&#8220; align_phone=&#8220;&#8220; align_last_edited=&#8220;on|desktop&#8220; _builder_version=&#8220;3.23&#8243; max_width=&#8220;35%&#8220;][\/et_pb_image][et_pb_image src=&#8220;http:\/\/www.weber-planungsbuero.de\/wp-content\/uploads\/2019\/04\/IMG_0644.jpg&#8220; align_tablet=&#8220;center&#8220; align_phone=&#8220;&#8220; align_last_edited=&#8220;on|desktop&#8220; _builder_version=&#8220;3.23&#8243; max_width=&#8220;50%&#8220;][\/et_pb_image][et_pb_image src=&#8220;http:\/\/www.weber-planungsbuero.de\/wp-content\/uploads\/2019\/01\/H\u00e4user-15.jpg&#8220; align_tablet=&#8220;center&#8220; align_phone=&#8220;&#8220; align_last_edited=&#8220;on|desktop&#8220; _builder_version=&#8220;3.23&#8243; max_width=&#8220;67%&#8220;][\/et_pb_image][et_pb_image src=&#8220;http:\/\/www.weber-planungsbuero.de\/wp-content\/uploads\/2019\/04\/6.jpg&#8220; align_tablet=&#8220;center&#8220; align_phone=&#8220;&#8220; align_last_edited=&#8220;on|desktop&#8220; _builder_version=&#8220;3.23&#8243;][\/et_pb_image][et_pb_image src=&#8220;http:\/\/www.weber-planungsbuero.de\/wp-content\/uploads\/2019\/04\/IMG_9635.jpg&#8220; align_tablet=&#8220;center&#8220; align_phone=&#8220;&#8220; align_last_edited=&#8220;on|desktop&#8220; _builder_version=&#8220;3.23&#8243; max_width=&#8220;83%&#8220;][\/et_pb_image][et_pb_text _builder_version=&#8220;3.27.4&#8243;]<\/p>\n<p style=\"font-size: 17px;\">Die Arbeit mit H\u00f6henunterschieden macht den Garten oder die Terrasse spannender &#8211; egal, ob die vorhandene Fl\u00e4che gr\u00f6\u00dfer oder kleiner ist.<\/p>\n<p>[\/et_pb_text][et_pb_image src=&#8220;http:\/\/www.weber-planungsbuero.de\/wp-content\/uploads\/2019\/04\/IMG_9629.jpg&#8220; align_tablet=&#8220;center&#8220; align_phone=&#8220;&#8220; align_last_edited=&#8220;on|desktop&#8220; _builder_version=&#8220;3.23&#8243; max_width=&#8220;70%&#8220;][\/et_pb_image][et_pb_image src=&#8220;http:\/\/www.weber-planungsbuero.de\/wp-content\/uploads\/2019\/01\/H\u00e4user-4.jpg&#8220; align_tablet=&#8220;center&#8220; align_phone=&#8220;&#8220; align_last_edited=&#8220;on|desktop&#8220; _builder_version=&#8220;3.23&#8243; max_width=&#8220;83%&#8220;][\/et_pb_image][et_pb_text _builder_version=&#8220;3.27.4&#8243;]<\/p>\n<p style=\"font-size: 17px;\">Unterteilen Sie Ihre gro\u00dfz\u00fcgige Terrasse mit S\u00e4ulen und Arkaden, die auch bewachsen einen sch\u00f6nen Sichtschutz darstellen.<\/p>\n<p>[\/et_pb_text][et_pb_image src=&#8220;http:\/\/www.weber-planungsbuero.de\/wp-content\/uploads\/2019\/04\/100_0646.jpg&#8220; align_tablet=&#8220;center&#8220; align_phone=&#8220;&#8220; align_last_edited=&#8220;on|desktop&#8220; _builder_version=&#8220;3.23&#8243; max_width=&#8220;62%&#8220;][\/et_pb_image][et_pb_image src=&#8220;http:\/\/www.weber-planungsbuero.de\/wp-content\/uploads\/2019\/04\/100_0865.jpg&#8220; align_tablet=&#8220;center&#8220; align_phone=&#8220;&#8220; align_last_edited=&#8220;on|desktop&#8220; _builder_version=&#8220;4.5.1&#8243; hover_enabled=&#8220;0&#8243; width=&#8220;98%&#8220;][\/et_pb_image][et_pb_image src=&#8220;http:\/\/www.weber-planungsbuero.de\/wp-content\/uploads\/2020\/07\/IMG_0159.jpg&#8220; _builder_version=&#8220;4.5.1&#8243; _module_preset=&#8220;default&#8220; title_text=&#8220;IMG_0159&#8243; hover_enabled=&#8220;0&#8243; width=&#8220;69%&#8220;][\/et_pb_image][\/et_pb_column][\/et_pb_row][et_pb_row _builder_version=&#8220;4.5.1&#8243; _module_preset=&#8220;default&#8220;][et_pb_column _builder_version=&#8220;4.5.1&#8243; _module_preset=&#8220;default&#8220; type=&#8220;4_4&#8243;][et_pb_image src=&#8220;http:\/\/www.weber-planungsbuero.de\/wp-content\/uploads\/2020\/07\/PHOTO-2020-07-22-12-52-30.jpg&#8220; _builder_version=&#8220;4.5.1&#8243; _module_preset=&#8220;default&#8220; title_text=&#8220;PHOTO-2020-07-22-12-52-30&#8243; hover_enabled=&#8220;0&#8243;][\/et_pb_image][\/et_pb_column][\/et_pb_row][\/et_pb_section]<\/p>\n","protected":false},"excerpt":{"rendered":"<p>OUTDOOR Sonnenstrahlen auf der Haut sp\u00fcren. Entspannen. Zeit vergessen.Wasser im eigenen Garten &#8211; immer ein toller Blickfang!Hier Alta Quarzit grau und rosa Quarzit Chiaro verlegt im Schachbrettmuster. Quarzit-Fliesen sind die h\u00e4rtesten und edelsten unter den Natursteinfliesen. Fliesen aus Quarzit eignen\u00a0sich aufgrund ihrer Dichte optimal f\u00fcr edle und beeindruckende\u00a0Gestaltung im Outdoor Bereich. Sie zeigen maximale Resistenz [&hellip;]<\/p>\n","protected":false},"author":1,"featured_media":0,"parent":0,"menu_order":0,"comment_status":"closed","ping_status":"closed","template":"","meta":{"_et_pb_use_builder":"on","_et_pb_old_content":"","_et_gb_content_width":"","footnotes":""},"class_list":["post-52","page","type-page","status-publish","hentry"],"yoast_head":"<!-- This site is optimized with the Yoast SEO plugin v26.8 - https:\/\/yoast.com\/product\/yoast-seo-wordpress\/ -->\n<title>OUTDOOR - Planungsb\u00fcro Weber<\/title>\n<meta name=\"robots\" content=\"index, follow, max-snippet:-1, max-image-preview:large, max-video-preview:-1\" \/>\n<link rel=\"canonical\" href=\"http:\/\/www.weber-planungsbuero.de\/index.php\/outdoor\/\" \/>\n<meta property=\"og:locale\" content=\"de_DE\" \/>\n<meta property=\"og:type\" content=\"article\" \/>\n<meta property=\"og:title\" content=\"OUTDOOR - Planungsb\u00fcro Weber\" \/>\n<meta property=\"og:description\" content=\"OUTDOOR Sonnenstrahlen auf der Haut sp\u00fcren. Entspannen. Zeit vergessen.Wasser im eigenen Garten - immer ein toller Blickfang!Hier Alta Quarzit grau und rosa Quarzit Chiaro verlegt im Schachbrettmuster. Quarzit-Fliesen sind die h\u00e4rtesten und edelsten unter den Natursteinfliesen. Fliesen aus Quarzit eignen\u00a0sich aufgrund ihrer Dichte optimal f\u00fcr edle und beeindruckende\u00a0Gestaltung im Outdoor Bereich. Sie zeigen maximale Resistenz [&hellip;]\" \/>\n<meta property=\"og:url\" content=\"http:\/\/www.weber-planungsbuero.de\/index.php\/outdoor\/\" \/>\n<meta property=\"og:site_name\" content=\"Planungsb\u00fcro Weber\" \/>\n<meta property=\"article:modified_time\" content=\"2020-07-23T08:26:08+00:00\" \/>\n<meta name=\"twitter:card\" content=\"summary_large_image\" \/>\n<meta name=\"twitter:label1\" content=\"Gesch\u00e4tzte Lesezeit\" \/>\n\t<meta name=\"twitter:data1\" content=\"5\u00a0Minuten\" \/>\n<script type=\"application\/ld+json\" class=\"yoast-schema-graph\">{\"@context\":\"https:\/\/schema.org\",\"@graph\":[{\"@type\":\"WebPage\",\"@id\":\"http:\/\/www.weber-planungsbuero.de\/index.php\/outdoor\/\",\"url\":\"http:\/\/www.weber-planungsbuero.de\/index.php\/outdoor\/\",\"name\":\"OUTDOOR - Planungsb\u00fcro Weber\",\"isPartOf\":{\"@id\":\"http:\/\/www.weber-planungsbuero.de\/#website\"},\"datePublished\":\"2018-10-24T20:12:21+00:00\",\"dateModified\":\"2020-07-23T08:26:08+00:00\",\"breadcrumb\":{\"@id\":\"http:\/\/www.weber-planungsbuero.de\/index.php\/outdoor\/#breadcrumb\"},\"inLanguage\":\"de\",\"potentialAction\":[{\"@type\":\"ReadAction\",\"target\":[\"http:\/\/www.weber-planungsbuero.de\/index.php\/outdoor\/\"]}]},{\"@type\":\"BreadcrumbList\",\"@id\":\"http:\/\/www.weber-planungsbuero.de\/index.php\/outdoor\/#breadcrumb\",\"itemListElement\":[{\"@type\":\"ListItem\",\"position\":1,\"name\":\"Startseite\",\"item\":\"http:\/\/www.weber-planungsbuero.de\/\"},{\"@type\":\"ListItem\",\"position\":2,\"name\":\"OUTDOOR\"}]},{\"@type\":\"WebSite\",\"@id\":\"http:\/\/www.weber-planungsbuero.de\/#website\",\"url\":\"http:\/\/www.weber-planungsbuero.de\/\",\"name\":\"Planungsb\u00fcro Weber\",\"description\":\"Kreativit\u00e4t aus Leidenschaft\",\"potentialAction\":[{\"@type\":\"SearchAction\",\"target\":{\"@type\":\"EntryPoint\",\"urlTemplate\":\"http:\/\/www.weber-planungsbuero.de\/?s={search_term_string}\"},\"query-input\":{\"@type\":\"PropertyValueSpecification\",\"valueRequired\":true,\"valueName\":\"search_term_string\"}}],\"inLanguage\":\"de\"}]}<\/script>\n<!-- \/ Yoast SEO plugin. -->","yoast_head_json":{"title":"OUTDOOR - Planungsb\u00fcro Weber","robots":{"index":"index","follow":"follow","max-snippet":"max-snippet:-1","max-image-preview":"max-image-preview:large","max-video-preview":"max-video-preview:-1"},"canonical":"http:\/\/www.weber-planungsbuero.de\/index.php\/outdoor\/","og_locale":"de_DE","og_type":"article","og_title":"OUTDOOR - Planungsb\u00fcro Weber","og_description":"OUTDOOR Sonnenstrahlen auf der Haut sp\u00fcren. Entspannen. Zeit vergessen.Wasser im eigenen Garten - immer ein toller Blickfang!Hier Alta Quarzit grau und rosa Quarzit Chiaro verlegt im Schachbrettmuster. Quarzit-Fliesen sind die h\u00e4rtesten und edelsten unter den Natursteinfliesen. Fliesen aus Quarzit eignen\u00a0sich aufgrund ihrer Dichte optimal f\u00fcr edle und beeindruckende\u00a0Gestaltung im Outdoor Bereich. Sie zeigen maximale Resistenz [&hellip;]","og_url":"http:\/\/www.weber-planungsbuero.de\/index.php\/outdoor\/","og_site_name":"Planungsb\u00fcro Weber","article_modified_time":"2020-07-23T08:26:08+00:00","twitter_card":"summary_large_image","twitter_misc":{"Gesch\u00e4tzte Lesezeit":"5\u00a0Minuten"},"schema":{"@context":"https:\/\/schema.org","@graph":[{"@type":"WebPage","@id":"http:\/\/www.weber-planungsbuero.de\/index.php\/outdoor\/","url":"http:\/\/www.weber-planungsbuero.de\/index.php\/outdoor\/","name":"OUTDOOR - Planungsb\u00fcro Weber","isPartOf":{"@id":"http:\/\/www.weber-planungsbuero.de\/#website"},"datePublished":"2018-10-24T20:12:21+00:00","dateModified":"2020-07-23T08:26:08+00:00","breadcrumb":{"@id":"http:\/\/www.weber-planungsbuero.de\/index.php\/outdoor\/#breadcrumb"},"inLanguage":"de","potentialAction":[{"@type":"ReadAction","target":["http:\/\/www.weber-planungsbuero.de\/index.php\/outdoor\/"]}]},{"@type":"BreadcrumbList","@id":"http:\/\/www.weber-planungsbuero.de\/index.php\/outdoor\/#breadcrumb","itemListElement":[{"@type":"ListItem","position":1,"name":"Startseite","item":"http:\/\/www.weber-planungsbuero.de\/"},{"@type":"ListItem","position":2,"name":"OUTDOOR"}]},{"@type":"WebSite","@id":"http:\/\/www.weber-planungsbuero.de\/#website","url":"http:\/\/www.weber-planungsbuero.de\/","name":"Planungsb\u00fcro Weber","description":"Kreativit\u00e4t aus Leidenschaft","potentialAction":[{"@type":"SearchAction","target":{"@type":"EntryPoint","urlTemplate":"http:\/\/www.weber-planungsbuero.de\/?s={search_term_string}"},"query-input":{"@type":"PropertyValueSpecification","valueRequired":true,"valueName":"search_term_string"}}],"inLanguage":"de"}]}},"amp_enabled":true,"_links":{"self":[{"href":"http:\/\/www.weber-planungsbuero.de\/index.php\/wp-json\/wp\/v2\/pages\/52","targetHints":{"allow":["GET"]}}],"collection":[{"href":"http:\/\/www.weber-planungsbuero.de\/index.php\/wp-json\/wp\/v2\/pages"}],"about":[{"href":"http:\/\/www.weber-planungsbuero.de\/index.php\/wp-json\/wp\/v2\/types\/page"}],"author":[{"embeddable":true,"href":"http:\/\/www.weber-planungsbuero.de\/index.php\/wp-json\/wp\/v2\/users\/1"}],"replies":[{"embeddable":true,"href":"http:\/\/www.weber-planungsbuero.de\/index.php\/wp-json\/wp\/v2\/comments?post=52"}],"version-history":[{"count":31,"href":"http:\/\/www.weber-planungsbuero.de\/index.php\/wp-json\/wp\/v2\/pages\/52\/revisions"}],"predecessor-version":[{"id":1721,"href":"http:\/\/www.weber-planungsbuero.de\/index.php\/wp-json\/wp\/v2\/pages\/52\/revisions\/1721"}],"wp:attachment":[{"href":"http:\/\/www.weber-planungsbuero.de\/index.php\/wp-json\/wp\/v2\/media?parent=52"}],"curies":[{"name":"wp","href":"https:\/\/api.w.org\/{rel}","templated":true}]}}