{"id":56,"date":"2018-10-24T22:12:45","date_gmt":"2018-10-24T20:12:45","guid":{"rendered":"http:\/\/www.weber-planungsbuero.de\/?page_id=56"},"modified":"2019-10-29T12:36:05","modified_gmt":"2019-10-29T11:36:05","slug":"team-philosophie","status":"publish","type":"page","link":"http:\/\/www.weber-planungsbuero.de\/index.php\/team-philosophie\/","title":{"rendered":"TEAM &#038; PHILOSOPHIE"},"content":{"rendered":"<p>[et_pb_section fb_built=&#8220;1&#8243; _builder_version=&#8220;3.22.3&#8243;][et_pb_row column_structure=&#8220;1_2,1_2&#8243; _builder_version=&#8220;3.25&#8243;][et_pb_column type=&#8220;1_2&#8243; _builder_version=&#8220;3.25&#8243; custom_padding=&#8220;|||&#8220; custom_padding__hover=&#8220;|||&#8220;][et_pb_text _builder_version=&#8220;3.27.4&#8243;]<\/p>\n<h2>TEAM &amp; PHILOSOPHIE<\/h2>\n<p>[\/et_pb_text][et_pb_image src=&#8220;http:\/\/www.weber-planungsbuero.de\/wp-content\/uploads\/2019\/01\/Team-1.jpg&#8220; _builder_version=&#8220;3.23&#8243; max_width=&#8220;56%&#8220; module_alignment=&#8220;left&#8220; always_center_on_mobile=&#8220;off&#8220;][\/et_pb_image][et_pb_text _builder_version=&#8220;3.27.4&#8243; text_font=&#8220;||||||||&#8220; text_font_size=&#8220;16px&#8220;]<\/p>\n<h2><span style=\"font-family: Arial; font-weight: normal;\">Iris Weber, Dipl. Kauffrau<\/span><\/h2>\n<p style=\"font-size: 17px;\">\u00fcber 15 Jahre Unternehmerin Planungsb\u00fcro Weber<br \/>\u00fcber 20 Jahre Prokuristin zweier mittelst\u00e4ndiger,<br \/>international t\u00e4tiger Unternehmen<\/p>\n<p>[\/et_pb_text][et_pb_text _builder_version=&#8220;3.27.4&#8243;][\/et_pb_text][et_pb_text _builder_version=&#8220;3.27.4&#8243;][\/et_pb_text][\/et_pb_column][et_pb_column type=&#8220;1_2&#8243; _builder_version=&#8220;3.25&#8243; custom_padding=&#8220;|||&#8220; custom_padding__hover=&#8220;|||&#8220;][et_pb_image src=&#8220;http:\/\/www.weber-planungsbuero.de\/wp-content\/uploads\/2019\/01\/Team-2.jpg&#8220; align_tablet=&#8220;center&#8220; align_phone=&#8220;&#8220; align_last_edited=&#8220;on|desktop&#8220; _builder_version=&#8220;3.23&#8243; max_width=&#8220;59%&#8220; module_alignment=&#8220;left&#8220; custom_margin=&#8220;200px||&#8220;][\/et_pb_image][et_pb_text _builder_version=&#8220;3.27.4&#8243; text_font=&#8220;||||||||&#8220; text_font_size=&#8220;17px&#8220;]<\/p>\n<h2 style=\"text-align: left;\">Stephan Weber, Dipl. Ingenieur<\/h2>\n<p style=\"font-size: 17px;\">\u00fcber 15 Jahre Unternehmer Planungsb\u00fcro Weber<br \/> \u00fcber 20 Jahre Gesch\u00e4ftsf\u00fchrer zweier mittelst\u00e4ndiger,<br \/> international t\u00e4tiger Unternehmen<\/p>\n<p>[\/et_pb_text][\/et_pb_column][\/et_pb_row][et_pb_row _builder_version=&#8220;3.25&#8243;][et_pb_column type=&#8220;4_4&#8243; _builder_version=&#8220;3.25&#8243; custom_padding=&#8220;|||&#8220; custom_padding__hover=&#8220;|||&#8220;][et_pb_text _builder_version=&#8220;3.27.4&#8243; text_font=&#8220;||||||||&#8220; text_font_size=&#8220;17px&#8220;]<\/p>\n<h2>WohnTR\u00c4UME werden WAHR<\/h2>\n<p>Ob es um Hausplanung oder um die Gestaltung von Innenr\u00e4umen geht &#8211; kreative Wohnraumgestaltung ist unsere Leidenschaft.<br \/> Unser Anliegen ist es, Ihre pers\u00f6nlichen Bed\u00fcrfnisse exakt umzusetzen und gleichzeitig perfektes Wohlf\u00fchlambiente zu schaffen.<br \/> Dieser Entwicklungsprozess macht einen regen Gedankenaustausch erforderlich, damit der Entwurf Schritt f\u00fcr Schritt optimiert werden kann, bis hin zur ma\u00dfgeschneiderten L\u00f6sung.<br \/> In dieser Planungsphase zeigen wir Ihnen st\u00e4ndig ein gro\u00dfes Portfolio an M\u00f6glichkeiten.<br \/> Wir feilen an Ihrem Grundriss, bis auch das letzte Detail f\u00fcr Sie perfekt stimmig ist und Ihre ganz individuellen W\u00fcnsche und Vorstellungen widerspiegelt.<br \/> Ihr Haus wird Ausdruck Ihres ganz pers\u00f6nlichen Lebensstils.<\/p>\n<p>&nbsp;<\/p>\n<h2>Stilelemente<\/h2>\n<p>Moderne Architektur in Verbindung mit klassischen Elementen bestimmt ma\u00dfgeblich unsere Stilrichtung.<br \/> Es geht uns um zeitlos sch\u00f6ne Gestaltung.<br \/> Lichtdurchflutete R\u00e4ume, klassisches Design sowie die Verwendung von Materialien, die Nat\u00fcrlichkeit ausstrahlen &#8211;<br \/> wie Naturstein und Holz &#8211; schaffen eine wohlig angenehme Atmosph\u00e4re.<\/p>\n<p>&nbsp;<\/p>\n<h2>Spiel mit den Extremen<\/h2>\n<p>Egal, ob wir f\u00fcr Sie die gro\u00dfz\u00fcgige Villa, das Einraumappartment oder den Minigarten gestalten.<br \/> Planungstechnisch geht es uns immer darum, aus gegebenen Umst\u00e4nden das bed\u00fcrfnisgerechte Optimum f\u00fcr Sie zu schaffen.<br \/> Uns interessiert das Spannungsverh\u00e4ltnis zwischen den Extremen, z.B. Luxusbad versus Minibadl\u00f6sung.<br \/> Oder wie w\u00e4re es, den Flair einer ganz anderen Welt in Ihr Zuhause zu holen?<br \/> Lassen Sie sich auf unserer <a href=\"index.php\/wohnflair-1001-nacht\/\">Seite 1001 Nacht<\/a> vom orientalischen Wohnambiente verzaubern.<\/p>\n<p>&nbsp;<\/p>\n<h2>Unser Schwerpunkt liegt auf der Entwicklung des Entwurfs bis zur Genehmigungs-Planung<\/h2>\n<p>F\u00fcr die Bauausf\u00fchrung &#8211; entweder konventionell oder schl\u00fcsselfertig &#8211; arbeiten wir mit namhaften Architekten\u00a0und Spezialisten f\u00fcr jedes Gewerk zusammen.<br \/> Wir empfehlen langj\u00e4hrig erfahrene Unternehmen, die ihr Handwerk verstehen und unser Vertrauen genie\u00dfen.<br \/> Sie w\u00e4hlen aus.<br \/> So wird das Haus zu mehr als nur einer Immobile oder einem Eigenheim.<br \/> Es wird zu Ihrem pers\u00f6nlichen Traum vom Leben und Wohnen &#8211; einzigARTig.<br \/> Der Erfolg unserer Arbeit liegt in Ihrer Zufriedenheit und Anerkennung.<\/p>\n<p><span style=\"font-size: large;\">Wir freuen uns auf Ihre Anfrage<\/span><\/p>\n<p>[\/et_pb_text][\/et_pb_column][\/et_pb_row][\/et_pb_section]<\/p>\n","protected":false},"excerpt":{"rendered":"<p>TEAM &amp; PHILOSOPHIEIris Weber, Dipl. Kauffrau \u00fcber 15 Jahre Unternehmerin Planungsb\u00fcro Weber\u00fcber 20 Jahre Prokuristin zweier mittelst\u00e4ndiger,international t\u00e4tiger UnternehmenStephan Weber, Dipl. Ingenieur \u00fcber 15 Jahre Unternehmer Planungsb\u00fcro Weber \u00fcber 20 Jahre Gesch\u00e4ftsf\u00fchrer zweier mittelst\u00e4ndiger, international t\u00e4tiger UnternehmenWohnTR\u00c4UME werden WAHR Ob es um Hausplanung oder um die Gestaltung von Innenr\u00e4umen geht &#8211; kreative Wohnraumgestaltung ist unsere [&hellip;]<\/p>\n","protected":false},"author":1,"featured_media":0,"parent":0,"menu_order":0,"comment_status":"closed","ping_status":"closed","template":"","meta":{"_et_pb_use_builder":"on","_et_pb_old_content":"","_et_gb_content_width":"","footnotes":""},"class_list":["post-56","page","type-page","status-publish","hentry"],"yoast_head":"<!-- This site is optimized with the Yoast SEO plugin v26.8 - https:\/\/yoast.com\/product\/yoast-seo-wordpress\/ -->\n<title>TEAM &amp; PHILOSOPHIE - Planungsb\u00fcro Weber<\/title>\n<meta name=\"robots\" content=\"index, follow, max-snippet:-1, max-image-preview:large, max-video-preview:-1\" \/>\n<link rel=\"canonical\" href=\"http:\/\/www.weber-planungsbuero.de\/index.php\/team-philosophie\/\" \/>\n<meta property=\"og:locale\" content=\"de_DE\" \/>\n<meta property=\"og:type\" content=\"article\" \/>\n<meta property=\"og:title\" content=\"TEAM &amp; PHILOSOPHIE - Planungsb\u00fcro Weber\" \/>\n<meta property=\"og:description\" content=\"TEAM &amp; PHILOSOPHIEIris Weber, Dipl. Kauffrau \u00fcber 15 Jahre Unternehmerin Planungsb\u00fcro Weber\u00fcber 20 Jahre Prokuristin zweier mittelst\u00e4ndiger,international t\u00e4tiger UnternehmenStephan Weber, Dipl. Ingenieur \u00fcber 15 Jahre Unternehmer Planungsb\u00fcro Weber \u00fcber 20 Jahre Gesch\u00e4ftsf\u00fchrer zweier mittelst\u00e4ndiger, international t\u00e4tiger UnternehmenWohnTR\u00c4UME werden WAHR Ob es um Hausplanung oder um die Gestaltung von Innenr\u00e4umen geht - kreative Wohnraumgestaltung ist unsere [&hellip;]\" \/>\n<meta property=\"og:url\" content=\"http:\/\/www.weber-planungsbuero.de\/index.php\/team-philosophie\/\" \/>\n<meta property=\"og:site_name\" content=\"Planungsb\u00fcro Weber\" \/>\n<meta property=\"article:modified_time\" content=\"2019-10-29T11:36:05+00:00\" \/>\n<meta name=\"twitter:card\" content=\"summary_large_image\" \/>\n<meta name=\"twitter:label1\" content=\"Gesch\u00e4tzte Lesezeit\" \/>\n\t<meta name=\"twitter:data1\" content=\"3\u00a0Minuten\" \/>\n<script type=\"application\/ld+json\" class=\"yoast-schema-graph\">{\"@context\":\"https:\/\/schema.org\",\"@graph\":[{\"@type\":\"WebPage\",\"@id\":\"http:\/\/www.weber-planungsbuero.de\/index.php\/team-philosophie\/\",\"url\":\"http:\/\/www.weber-planungsbuero.de\/index.php\/team-philosophie\/\",\"name\":\"TEAM & PHILOSOPHIE - Planungsb\u00fcro Weber\",\"isPartOf\":{\"@id\":\"http:\/\/www.weber-planungsbuero.de\/#website\"},\"datePublished\":\"2018-10-24T20:12:45+00:00\",\"dateModified\":\"2019-10-29T11:36:05+00:00\",\"breadcrumb\":{\"@id\":\"http:\/\/www.weber-planungsbuero.de\/index.php\/team-philosophie\/#breadcrumb\"},\"inLanguage\":\"de\",\"potentialAction\":[{\"@type\":\"ReadAction\",\"target\":[\"http:\/\/www.weber-planungsbuero.de\/index.php\/team-philosophie\/\"]}]},{\"@type\":\"BreadcrumbList\",\"@id\":\"http:\/\/www.weber-planungsbuero.de\/index.php\/team-philosophie\/#breadcrumb\",\"itemListElement\":[{\"@type\":\"ListItem\",\"position\":1,\"name\":\"Startseite\",\"item\":\"http:\/\/www.weber-planungsbuero.de\/\"},{\"@type\":\"ListItem\",\"position\":2,\"name\":\"TEAM &#038; PHILOSOPHIE\"}]},{\"@type\":\"WebSite\",\"@id\":\"http:\/\/www.weber-planungsbuero.de\/#website\",\"url\":\"http:\/\/www.weber-planungsbuero.de\/\",\"name\":\"Planungsb\u00fcro Weber\",\"description\":\"Kreativit\u00e4t aus Leidenschaft\",\"potentialAction\":[{\"@type\":\"SearchAction\",\"target\":{\"@type\":\"EntryPoint\",\"urlTemplate\":\"http:\/\/www.weber-planungsbuero.de\/?s={search_term_string}\"},\"query-input\":{\"@type\":\"PropertyValueSpecification\",\"valueRequired\":true,\"valueName\":\"search_term_string\"}}],\"inLanguage\":\"de\"}]}<\/script>\n<!-- \/ Yoast SEO plugin. -->","yoast_head_json":{"title":"TEAM & PHILOSOPHIE - Planungsb\u00fcro Weber","robots":{"index":"index","follow":"follow","max-snippet":"max-snippet:-1","max-image-preview":"max-image-preview:large","max-video-preview":"max-video-preview:-1"},"canonical":"http:\/\/www.weber-planungsbuero.de\/index.php\/team-philosophie\/","og_locale":"de_DE","og_type":"article","og_title":"TEAM & PHILOSOPHIE - Planungsb\u00fcro Weber","og_description":"TEAM &amp; PHILOSOPHIEIris Weber, Dipl. Kauffrau \u00fcber 15 Jahre Unternehmerin Planungsb\u00fcro Weber\u00fcber 20 Jahre Prokuristin zweier mittelst\u00e4ndiger,international t\u00e4tiger UnternehmenStephan Weber, Dipl. Ingenieur \u00fcber 15 Jahre Unternehmer Planungsb\u00fcro Weber \u00fcber 20 Jahre Gesch\u00e4ftsf\u00fchrer zweier mittelst\u00e4ndiger, international t\u00e4tiger UnternehmenWohnTR\u00c4UME werden WAHR Ob es um Hausplanung oder um die Gestaltung von Innenr\u00e4umen geht - kreative Wohnraumgestaltung ist unsere [&hellip;]","og_url":"http:\/\/www.weber-planungsbuero.de\/index.php\/team-philosophie\/","og_site_name":"Planungsb\u00fcro Weber","article_modified_time":"2019-10-29T11:36:05+00:00","twitter_card":"summary_large_image","twitter_misc":{"Gesch\u00e4tzte Lesezeit":"3\u00a0Minuten"},"schema":{"@context":"https:\/\/schema.org","@graph":[{"@type":"WebPage","@id":"http:\/\/www.weber-planungsbuero.de\/index.php\/team-philosophie\/","url":"http:\/\/www.weber-planungsbuero.de\/index.php\/team-philosophie\/","name":"TEAM & PHILOSOPHIE - Planungsb\u00fcro Weber","isPartOf":{"@id":"http:\/\/www.weber-planungsbuero.de\/#website"},"datePublished":"2018-10-24T20:12:45+00:00","dateModified":"2019-10-29T11:36:05+00:00","breadcrumb":{"@id":"http:\/\/www.weber-planungsbuero.de\/index.php\/team-philosophie\/#breadcrumb"},"inLanguage":"de","potentialAction":[{"@type":"ReadAction","target":["http:\/\/www.weber-planungsbuero.de\/index.php\/team-philosophie\/"]}]},{"@type":"BreadcrumbList","@id":"http:\/\/www.weber-planungsbuero.de\/index.php\/team-philosophie\/#breadcrumb","itemListElement":[{"@type":"ListItem","position":1,"name":"Startseite","item":"http:\/\/www.weber-planungsbuero.de\/"},{"@type":"ListItem","position":2,"name":"TEAM &#038; PHILOSOPHIE"}]},{"@type":"WebSite","@id":"http:\/\/www.weber-planungsbuero.de\/#website","url":"http:\/\/www.weber-planungsbuero.de\/","name":"Planungsb\u00fcro Weber","description":"Kreativit\u00e4t aus Leidenschaft","potentialAction":[{"@type":"SearchAction","target":{"@type":"EntryPoint","urlTemplate":"http:\/\/www.weber-planungsbuero.de\/?s={search_term_string}"},"query-input":{"@type":"PropertyValueSpecification","valueRequired":true,"valueName":"search_term_string"}}],"inLanguage":"de"}]}},"amp_enabled":true,"_links":{"self":[{"href":"http:\/\/www.weber-planungsbuero.de\/index.php\/wp-json\/wp\/v2\/pages\/56","targetHints":{"allow":["GET"]}}],"collection":[{"href":"http:\/\/www.weber-planungsbuero.de\/index.php\/wp-json\/wp\/v2\/pages"}],"about":[{"href":"http:\/\/www.weber-planungsbuero.de\/index.php\/wp-json\/wp\/v2\/types\/page"}],"author":[{"embeddable":true,"href":"http:\/\/www.weber-planungsbuero.de\/index.php\/wp-json\/wp\/v2\/users\/1"}],"replies":[{"embeddable":true,"href":"http:\/\/www.weber-planungsbuero.de\/index.php\/wp-json\/wp\/v2\/comments?post=56"}],"version-history":[{"count":28,"href":"http:\/\/www.weber-planungsbuero.de\/index.php\/wp-json\/wp\/v2\/pages\/56\/revisions"}],"predecessor-version":[{"id":1655,"href":"http:\/\/www.weber-planungsbuero.de\/index.php\/wp-json\/wp\/v2\/pages\/56\/revisions\/1655"}],"wp:attachment":[{"href":"http:\/\/www.weber-planungsbuero.de\/index.php\/wp-json\/wp\/v2\/media?parent=56"}],"curies":[{"name":"wp","href":"https:\/\/api.w.org\/{rel}","templated":true}]}}