{"id":63,"date":"2018-10-24T22:13:26","date_gmt":"2018-10-24T20:13:26","guid":{"rendered":"http:\/\/www.weber-planungsbuero.de\/?page_id=63"},"modified":"2019-08-19T14:54:48","modified_gmt":"2019-08-19T12:54:48","slug":"kontakt","status":"publish","type":"page","link":"http:\/\/www.weber-planungsbuero.de\/index.php\/kontakt\/","title":{"rendered":"KONTAKT"},"content":{"rendered":"<p>[et_pb_section fb_built=&#8220;1&#8243; _builder_version=&#8220;3.22&#8243;][et_pb_row _builder_version=&#8220;3.25&#8243;][et_pb_column type=&#8220;4_4&#8243; _builder_version=&#8220;3.25&#8243; custom_padding=&#8220;|||&#8220; custom_padding__hover=&#8220;|||&#8220;][et_pb_text _builder_version=&#8220;3.21.2&#8243;]<\/p>\n<h2>KONTAKT<\/h2>\n<p>[\/et_pb_text][\/et_pb_column][\/et_pb_row][et_pb_row _builder_version=&#8220;3.25&#8243;][et_pb_column type=&#8220;4_4&#8243; _builder_version=&#8220;3.25&#8243; custom_padding=&#8220;|||&#8220; custom_padding__hover=&#8220;|||&#8220;][et_pb_text _builder_version=&#8220;3.21.2&#8243; text_font=&#8220;||||||||&#8220; text_font_size=&#8220;20px&#8220;]<\/p>\n<h2><em>PLANUNGSB\u00dcRO WEBER<\/em><\/h2>\n<p><em><\/em><\/p>\n<h2>Kundenbesuch<\/h2>\n<p style=\"font-size: 20px;\">Zeppelinstra\u00dfe 9<br \/> D-68519 Viernheim<\/p>\n<p>[\/et_pb_text][\/et_pb_column][\/et_pb_row][et_pb_row custom_padding=&#8220;4px|0px|27px|0px|false|false&#8220; _builder_version=&#8220;3.25&#8243;][et_pb_column type=&#8220;4_4&#8243; _builder_version=&#8220;3.25&#8243; custom_padding=&#8220;|||&#8220; custom_padding__hover=&#8220;|||&#8220;][et_pb_text _builder_version=&#8220;3.26.3&#8243; text_font=&#8220;||||||||&#8220; text_font_size=&#8220;20px&#8220;]<\/p>\n<h2>Verwaltung<\/h2>\n<p style=\"font-size: 20px;\">Ziegelh\u00fctte 12<br \/> D-68519 Viernheim<\/p>\n<p style=\"font-size: 20px;\">Mobil +49 (0) 171-9978593<br \/> Telefon +49 (0) 6204-71261<\/p>\n<p>Mail <a href=\"mailto:i.weber@weber-planungsbuero.de\">i.weber@weber-planungsbuero.de<\/a><\/p>\n<p>[\/et_pb_text][\/et_pb_column][\/et_pb_row][et_pb_row _builder_version=&#8220;3.25&#8243;][et_pb_column type=&#8220;4_4&#8243; _builder_version=&#8220;3.25&#8243; custom_padding=&#8220;|||&#8220; custom_padding__hover=&#8220;|||&#8220;][et_pb_text _builder_version=&#8220;3.21.2&#8243;]<\/p>\n<h2><em>Unsere T\u00fcre steht Ihnen immer offen &#8211; besuchen Sie uns!<\/em><\/h2>\n<p>[\/et_pb_text][\/et_pb_column][\/et_pb_row][et_pb_row _builder_version=&#8220;3.25&#8243;][et_pb_column type=&#8220;4_4&#8243; _builder_version=&#8220;3.25&#8243; custom_padding=&#8220;|||&#8220; custom_padding__hover=&#8220;|||&#8220;][et_pb_text _builder_version=&#8220;3.21.2&#8243;]<\/p>\n<h2>Anfahrt<\/h2>\n<p><a href=\"https:\/\/goo.gl\/maps\/TXWm5g6TpqE2\" target=\"_blank\" rel=\"noopener noreferrer\">Route f\u00fcr die Anfahrt<\/a><\/p>\n<p>&nbsp;<\/p>\n<p>[\/et_pb_text][et_pb_map address=&#8220;Zeppelinstra\u00dfe 9, 68519 Viernheim, Deutschland&#8220; address_lat=&#8220;49.5447295&#8243; address_lng=&#8220;8.5928280000001&#8243; _builder_version=&#8220;3.20.2&#8243;][\/et_pb_map][\/et_pb_column][\/et_pb_row][\/et_pb_section]<\/p>\n","protected":false},"excerpt":{"rendered":"<p>KONTAKTPLANUNGSB\u00dcRO WEBER Kundenbesuch Zeppelinstra\u00dfe 9 D-68519 ViernheimVerwaltung Ziegelh\u00fctte 12 D-68519 Viernheim Mobil +49 (0) 171-9978593 Telefon +49 (0) 6204-71261 Mail i.weber@weber-planungsbuero.de Unsere T\u00fcre steht Ihnen immer offen &#8211; besuchen Sie uns!Anfahrt Route f\u00fcr die Anfahrt &nbsp;<\/p>\n","protected":false},"author":1,"featured_media":0,"parent":0,"menu_order":0,"comment_status":"closed","ping_status":"closed","template":"","meta":{"_et_pb_use_builder":"on","_et_pb_old_content":"","_et_gb_content_width":"","footnotes":""},"class_list":["post-63","page","type-page","status-publish","hentry"],"yoast_head":"<!-- This site is optimized with the Yoast SEO plugin v26.8 - https:\/\/yoast.com\/product\/yoast-seo-wordpress\/ -->\n<title>KONTAKT - Planungsb\u00fcro Weber<\/title>\n<meta name=\"robots\" content=\"index, follow, max-snippet:-1, max-image-preview:large, max-video-preview:-1\" \/>\n<link rel=\"canonical\" href=\"http:\/\/www.weber-planungsbuero.de\/index.php\/kontakt\/\" \/>\n<meta property=\"og:locale\" content=\"de_DE\" \/>\n<meta property=\"og:type\" content=\"article\" \/>\n<meta property=\"og:title\" content=\"KONTAKT - Planungsb\u00fcro Weber\" \/>\n<meta property=\"og:description\" content=\"KONTAKTPLANUNGSB\u00dcRO WEBER Kundenbesuch Zeppelinstra\u00dfe 9 D-68519 ViernheimVerwaltung Ziegelh\u00fctte 12 D-68519 Viernheim Mobil +49 (0) 171-9978593 Telefon +49 (0) 6204-71261 Mail i.weber@weber-planungsbuero.de Unsere T\u00fcre steht Ihnen immer offen - besuchen Sie uns!Anfahrt Route f\u00fcr die Anfahrt &nbsp;\" \/>\n<meta property=\"og:url\" content=\"http:\/\/www.weber-planungsbuero.de\/index.php\/kontakt\/\" \/>\n<meta property=\"og:site_name\" content=\"Planungsb\u00fcro Weber\" \/>\n<meta property=\"article:modified_time\" content=\"2019-08-19T12:54:48+00:00\" \/>\n<meta name=\"twitter:card\" content=\"summary_large_image\" \/>\n<meta name=\"twitter:label1\" content=\"Gesch\u00e4tzte Lesezeit\" \/>\n\t<meta name=\"twitter:data1\" content=\"1\u00a0Minute\" \/>\n<script type=\"application\/ld+json\" class=\"yoast-schema-graph\">{\"@context\":\"https:\/\/schema.org\",\"@graph\":[{\"@type\":\"WebPage\",\"@id\":\"http:\/\/www.weber-planungsbuero.de\/index.php\/kontakt\/\",\"url\":\"http:\/\/www.weber-planungsbuero.de\/index.php\/kontakt\/\",\"name\":\"KONTAKT - Planungsb\u00fcro Weber\",\"isPartOf\":{\"@id\":\"http:\/\/www.weber-planungsbuero.de\/#website\"},\"datePublished\":\"2018-10-24T20:13:26+00:00\",\"dateModified\":\"2019-08-19T12:54:48+00:00\",\"breadcrumb\":{\"@id\":\"http:\/\/www.weber-planungsbuero.de\/index.php\/kontakt\/#breadcrumb\"},\"inLanguage\":\"de\",\"potentialAction\":[{\"@type\":\"ReadAction\",\"target\":[\"http:\/\/www.weber-planungsbuero.de\/index.php\/kontakt\/\"]}]},{\"@type\":\"BreadcrumbList\",\"@id\":\"http:\/\/www.weber-planungsbuero.de\/index.php\/kontakt\/#breadcrumb\",\"itemListElement\":[{\"@type\":\"ListItem\",\"position\":1,\"name\":\"Startseite\",\"item\":\"http:\/\/www.weber-planungsbuero.de\/\"},{\"@type\":\"ListItem\",\"position\":2,\"name\":\"KONTAKT\"}]},{\"@type\":\"WebSite\",\"@id\":\"http:\/\/www.weber-planungsbuero.de\/#website\",\"url\":\"http:\/\/www.weber-planungsbuero.de\/\",\"name\":\"Planungsb\u00fcro Weber\",\"description\":\"Kreativit\u00e4t aus Leidenschaft\",\"potentialAction\":[{\"@type\":\"SearchAction\",\"target\":{\"@type\":\"EntryPoint\",\"urlTemplate\":\"http:\/\/www.weber-planungsbuero.de\/?s={search_term_string}\"},\"query-input\":{\"@type\":\"PropertyValueSpecification\",\"valueRequired\":true,\"valueName\":\"search_term_string\"}}],\"inLanguage\":\"de\"}]}<\/script>\n<!-- \/ Yoast SEO plugin. -->","yoast_head_json":{"title":"KONTAKT - Planungsb\u00fcro Weber","robots":{"index":"index","follow":"follow","max-snippet":"max-snippet:-1","max-image-preview":"max-image-preview:large","max-video-preview":"max-video-preview:-1"},"canonical":"http:\/\/www.weber-planungsbuero.de\/index.php\/kontakt\/","og_locale":"de_DE","og_type":"article","og_title":"KONTAKT - Planungsb\u00fcro Weber","og_description":"KONTAKTPLANUNGSB\u00dcRO WEBER Kundenbesuch Zeppelinstra\u00dfe 9 D-68519 ViernheimVerwaltung Ziegelh\u00fctte 12 D-68519 Viernheim Mobil +49 (0) 171-9978593 Telefon +49 (0) 6204-71261 Mail i.weber@weber-planungsbuero.de Unsere T\u00fcre steht Ihnen immer offen - besuchen Sie uns!Anfahrt Route f\u00fcr die Anfahrt &nbsp;","og_url":"http:\/\/www.weber-planungsbuero.de\/index.php\/kontakt\/","og_site_name":"Planungsb\u00fcro Weber","article_modified_time":"2019-08-19T12:54:48+00:00","twitter_card":"summary_large_image","twitter_misc":{"Gesch\u00e4tzte Lesezeit":"1\u00a0Minute"},"schema":{"@context":"https:\/\/schema.org","@graph":[{"@type":"WebPage","@id":"http:\/\/www.weber-planungsbuero.de\/index.php\/kontakt\/","url":"http:\/\/www.weber-planungsbuero.de\/index.php\/kontakt\/","name":"KONTAKT - Planungsb\u00fcro Weber","isPartOf":{"@id":"http:\/\/www.weber-planungsbuero.de\/#website"},"datePublished":"2018-10-24T20:13:26+00:00","dateModified":"2019-08-19T12:54:48+00:00","breadcrumb":{"@id":"http:\/\/www.weber-planungsbuero.de\/index.php\/kontakt\/#breadcrumb"},"inLanguage":"de","potentialAction":[{"@type":"ReadAction","target":["http:\/\/www.weber-planungsbuero.de\/index.php\/kontakt\/"]}]},{"@type":"BreadcrumbList","@id":"http:\/\/www.weber-planungsbuero.de\/index.php\/kontakt\/#breadcrumb","itemListElement":[{"@type":"ListItem","position":1,"name":"Startseite","item":"http:\/\/www.weber-planungsbuero.de\/"},{"@type":"ListItem","position":2,"name":"KONTAKT"}]},{"@type":"WebSite","@id":"http:\/\/www.weber-planungsbuero.de\/#website","url":"http:\/\/www.weber-planungsbuero.de\/","name":"Planungsb\u00fcro Weber","description":"Kreativit\u00e4t aus Leidenschaft","potentialAction":[{"@type":"SearchAction","target":{"@type":"EntryPoint","urlTemplate":"http:\/\/www.weber-planungsbuero.de\/?s={search_term_string}"},"query-input":{"@type":"PropertyValueSpecification","valueRequired":true,"valueName":"search_term_string"}}],"inLanguage":"de"}]}},"amp_enabled":true,"_links":{"self":[{"href":"http:\/\/www.weber-planungsbuero.de\/index.php\/wp-json\/wp\/v2\/pages\/63","targetHints":{"allow":["GET"]}}],"collection":[{"href":"http:\/\/www.weber-planungsbuero.de\/index.php\/wp-json\/wp\/v2\/pages"}],"about":[{"href":"http:\/\/www.weber-planungsbuero.de\/index.php\/wp-json\/wp\/v2\/types\/page"}],"author":[{"embeddable":true,"href":"http:\/\/www.weber-planungsbuero.de\/index.php\/wp-json\/wp\/v2\/users\/1"}],"replies":[{"embeddable":true,"href":"http:\/\/www.weber-planungsbuero.de\/index.php\/wp-json\/wp\/v2\/comments?post=63"}],"version-history":[{"count":22,"href":"http:\/\/www.weber-planungsbuero.de\/index.php\/wp-json\/wp\/v2\/pages\/63\/revisions"}],"predecessor-version":[{"id":1629,"href":"http:\/\/www.weber-planungsbuero.de\/index.php\/wp-json\/wp\/v2\/pages\/63\/revisions\/1629"}],"wp:attachment":[{"href":"http:\/\/www.weber-planungsbuero.de\/index.php\/wp-json\/wp\/v2\/media?parent=63"}],"curies":[{"name":"wp","href":"https:\/\/api.w.org\/{rel}","templated":true}]}}