{"id":66,"date":"2018-10-24T22:17:06","date_gmt":"2018-10-24T20:17:06","guid":{"rendered":"http:\/\/www.weber-planungsbuero.de\/?page_id=66"},"modified":"2020-03-31T08:23:15","modified_gmt":"2020-03-31T06:23:15","slug":"gestaltungselement-galerie","status":"publish","type":"page","link":"http:\/\/www.weber-planungsbuero.de\/index.php\/gestaltungselement-galerie\/","title":{"rendered":"Gestaltungselement Galerie"},"content":{"rendered":"<p>[et_pb_section fb_built=&#8220;1&#8243; _builder_version=&#8220;3.22.3&#8243;][et_pb_row column_structure=&#8220;1_2,1_2&#8243; _builder_version=&#8220;3.25&#8243;][et_pb_column type=&#8220;1_2&#8243; _builder_version=&#8220;3.25&#8243; custom_padding=&#8220;|||&#8220; custom_padding__hover=&#8220;|||&#8220;][et_pb_text _builder_version=&#8220;3.27.4&#8243;]<\/p>\n<h2>GESTALTUNGSELEMENT GALERIE<\/h2>\n<p>[\/et_pb_text][et_pb_image src=&#8220;http:\/\/www.weber-planungsbuero.de\/wp-content\/uploads\/2019\/01\/Galerie-11.jpg&#8220; align_tablet=&#8220;center&#8220; align_phone=&#8220;&#8220; align_last_edited=&#8220;on|desktop&#8220; _builder_version=&#8220;3.23&#8243; module_alignment=&#8220;right&#8220;][\/et_pb_image][et_pb_image src=&#8220;http:\/\/www.weber-planungsbuero.de\/wp-content\/uploads\/2019\/01\/Galerie-10.jpg&#8220; align_tablet=&#8220;center&#8220; align_phone=&#8220;&#8220; align_last_edited=&#8220;on|desktop&#8220; _builder_version=&#8220;3.23&#8243; module_alignment=&#8220;right&#8220;][\/et_pb_image][et_pb_text _builder_version=&#8220;3.27.4&#8243; text_font=&#8220;||||||||&#8220; ul_font=&#8220;||||||||&#8220; ol_font=&#8220;||||||||&#8220; header_font=&#8220;||||||||&#8220; header_text_align=&#8220;right&#8220; header_2_font=&#8220;||||||||&#8220;]<\/p>\n<h2 style=\"padding-left: 30px; text-align: right;\">Galerie in der Halle<\/h2>\n<p>[\/et_pb_text][et_pb_image src=&#8220;http:\/\/www.weber-planungsbuero.de\/wp-content\/uploads\/2019\/01\/Galerie-4.jpg&#8220; align_tablet=&#8220;center&#8220; align_phone=&#8220;&#8220; align_last_edited=&#8220;on|desktop&#8220; _builder_version=&#8220;3.23&#8243; max_width=&#8220;68%&#8220; module_alignment=&#8220;right&#8220;][\/et_pb_image][et_pb_image src=&#8220;http:\/\/www.weber-planungsbuero.de\/wp-content\/uploads\/2019\/01\/Galerie-3.jpg&#8220; align_tablet=&#8220;center&#8220; align_phone=&#8220;&#8220; align_last_edited=&#8220;on|desktop&#8220; _builder_version=&#8220;3.23&#8243; max_width=&#8220;71%&#8220; module_alignment=&#8220;right&#8220;][\/et_pb_image][et_pb_text _builder_version=&#8220;3.27.4&#8243;]<\/p>\n<h2 style=\"padding-left: 30px; text-align: right;\">Luft zum Atmen&#8230;<\/h2>\n<p>[\/et_pb_text][et_pb_image src=&#8220;http:\/\/www.weber-planungsbuero.de\/wp-content\/uploads\/2019\/01\/Ess-Lebe-Raum-1.jpg&#8220; align_tablet=&#8220;center&#8220; align_phone=&#8220;&#8220; align_last_edited=&#8220;on|desktop&#8220; _builder_version=&#8220;3.23&#8243;][\/et_pb_image][et_pb_text _builder_version=&#8220;3.29.3&#8243; text_font=&#8220;||||||||&#8220; ol_font=&#8220;||||||||&#8220;]<\/p>\n<p style=\"font-size: 17px; text-align: right;\">Die Galerie erf\u00fcllt verschiedene Zwecke und verleiht dem Haus ein eigenes Wohnprofil. Gut geplant, an pers\u00f6nlichen Bed\u00fcrfnissen und Wohnanspr\u00fcchen orientiert, kann eine Galerie definitiv den Wohnwert steigern. Besonders in gro\u00dfen H\u00e4usern kann sie zus\u00e4tzliche Wohnfl\u00e4che bieten, als Spielflur, Leseecke, Bibliothek oder Arbeitsbereich mit Aussicht genutzt werden. Durch die offene Gestaltung der Galerie bringt sie in Verbindung mit einer Dachverglasung viel Licht in R\u00e4ume. Das sorgt f\u00fcr eine offene und gro\u00dfz\u00fcgig anmutende Wohnatmosph\u00e4re, suggeriert Weite und Gr\u00f6\u00dfe.<\/p>\n<p>[\/et_pb_text][et_pb_image src=&#8220;http:\/\/www.weber-planungsbuero.de\/wp-content\/uploads\/2019\/05\/IMG_0828.jpg&#8220; align_tablet=&#8220;center&#8220; align_phone=&#8220;&#8220; align_last_edited=&#8220;on|desktop&#8220; _builder_version=&#8220;3.23&#8243; width=&#8220;65%&#8220; module_alignment=&#8220;right&#8220;][\/et_pb_image][\/et_pb_column][et_pb_column type=&#8220;1_2&#8243; _builder_version=&#8220;3.25&#8243; custom_padding=&#8220;|||&#8220; custom_padding__hover=&#8220;|||&#8220;][et_pb_image src=&#8220;http:\/\/www.weber-planungsbuero.de\/wp-content\/uploads\/2019\/01\/Galerie-12.jpg&#8220; align_tablet=&#8220;center&#8220; align_phone=&#8220;&#8220; align_last_edited=&#8220;on|desktop&#8220; _builder_version=&#8220;3.23&#8243;][\/et_pb_image][et_pb_text _builder_version=&#8220;3.27.4&#8243; text_font=&#8220;||||||||&#8220; text_font_size=&#8220;20px&#8220; header_font=&#8220;||||||||&#8220; header_2_font=&#8220;||||||||&#8220;]<\/p>\n<h2>Galerie im Wohnbereich<\/h2>\n<p style=\"font-size: 17px;\">Eine Galerie, die sich zum Wohnbereich oder Essplatz \u00f6ffnet, schafft in Verbindung mit viel Glas eine helle, freundliche und gro\u00dfz\u00fcgige Wohnatmosph\u00e4re im Erdgeschoss.<\/p>\n<p>[\/et_pb_text][et_pb_image src=&#8220;http:\/\/www.weber-planungsbuero.de\/wp-content\/uploads\/2019\/01\/Galerie-7.jpg&#8220; align_tablet=&#8220;center&#8220; align_phone=&#8220;&#8220; align_last_edited=&#8220;on|desktop&#8220; _builder_version=&#8220;3.23&#8243; max_width=&#8220;72%&#8220;][\/et_pb_image][et_pb_image src=&#8220;http:\/\/www.weber-planungsbuero.de\/wp-content\/uploads\/2019\/02\/image007.png&#8220; align_tablet=&#8220;center&#8220; align_phone=&#8220;&#8220; align_last_edited=&#8220;on|desktop&#8220; _builder_version=&#8220;3.23&#8243; max_width=&#8220;58%&#8220;][\/et_pb_image][et_pb_image src=&#8220;http:\/\/www.weber-planungsbuero.de\/wp-content\/uploads\/2019\/01\/Galerie-5.jpg&#8220; align_tablet=&#8220;center&#8220; align_phone=&#8220;&#8220; align_last_edited=&#8220;on|desktop&#8220; _builder_version=&#8220;3.23&#8243;][\/et_pb_image][et_pb_text _builder_version=&#8220;3.27.4&#8243;]<\/p>\n<p style=\"font-size: 17px;\">Durch die Verglasung des Dachfirsts hat die Halle eine nat\u00fcrliche Lichtquelle.<\/p>\n<p>[\/et_pb_text][et_pb_text _builder_version=&#8220;3.27.4&#8243; header_font=&#8220;||||||||&#8220; header_2_font=&#8220;||||||||&#8220;]<\/p>\n<h2><\/h2>\n<h2><\/h2>\n<h2>Unterschiedliche Deckenh\u00f6hen erzeugen ein interessantes Spannungsverh\u00e4ltnis<\/h2>\n<p>[\/et_pb_text][et_pb_image src=&#8220;http:\/\/www.weber-planungsbuero.de\/wp-content\/uploads\/2019\/01\/Galerie-9.jpg&#8220; align_tablet=&#8220;center&#8220; align_phone=&#8220;&#8220; align_last_edited=&#8220;on|desktop&#8220; _builder_version=&#8220;3.23&#8243; max_width=&#8220;87%&#8220;][\/et_pb_image][et_pb_text _builder_version=&#8220;3.29.3&#8243; ul_text_align=&#8220;left&#8220; header_font=&#8220;||||||||&#8220; header_2_font=&#8220;||||||||&#8220; custom_padding=&#8220;||0px|||&#8220;]<\/p>\n<h2>Aber auch in kleineren R\u00e4umen macht die Galerie, bzw. hier der Dachausbau, Sinn: \u00a0 \u00a0<\/h2>\n<p style=\"font-size: 17px; text-align: justify;\">z.B. unten spielen oder lernen und oben schlafen, oder Nutzung des Dachausbaus als Spielebene. Dachausbauten sind geradezu pr\u00e4destiniert, um Galerien zu erschaffen und es ist schade wenn dieser Wohnraum ungenutzt bleibt.<\/p>\n<p>[\/et_pb_text][et_pb_image src=&#8220;http:\/\/www.weber-planungsbuero.de\/wp-content\/uploads\/2019\/01\/Galerie-2.jpg&#8220; align_tablet=&#8220;center&#8220; align_phone=&#8220;&#8220; align_last_edited=&#8220;on|desktop&#8220; _builder_version=&#8220;3.23&#8243; max_width=&#8220;61%&#8220;][\/et_pb_image][et_pb_image src=&#8220;http:\/\/www.weber-planungsbuero.de\/wp-content\/uploads\/2019\/01\/Galerie-1.jpg&#8220; align_tablet=&#8220;center&#8220; align_phone=&#8220;&#8220; align_last_edited=&#8220;on|desktop&#8220; _builder_version=&#8220;3.23&#8243; max_width=&#8220;51%&#8220;][\/et_pb_image][\/et_pb_column][\/et_pb_row][\/et_pb_section]<\/p>\n","protected":false},"excerpt":{"rendered":"<p>GESTALTUNGSELEMENT GALERIEGalerie in der HalleLuft zum Atmen&#8230;Die Galerie erf\u00fcllt verschiedene Zwecke und verleiht dem Haus ein eigenes Wohnprofil. Gut geplant, an pers\u00f6nlichen Bed\u00fcrfnissen und Wohnanspr\u00fcchen orientiert, kann eine Galerie definitiv den Wohnwert steigern. Besonders in gro\u00dfen H\u00e4usern kann sie zus\u00e4tzliche Wohnfl\u00e4che bieten, als Spielflur, Leseecke, Bibliothek oder Arbeitsbereich mit Aussicht genutzt werden. Durch die offene [&hellip;]<\/p>\n","protected":false},"author":1,"featured_media":0,"parent":0,"menu_order":0,"comment_status":"closed","ping_status":"closed","template":"","meta":{"_et_pb_use_builder":"on","_et_pb_old_content":"<!-- wp:shortcode -->\n[robo-gallery id=103]\n<!-- \/wp:shortcode -->\n\n<!-- wp:paragraph -->\n<p>Galerie in der Halle<\/p>\n<!-- \/wp:paragraph -->\n\n<!-- wp:gallery {\"linkTo\":\"media\"} -->\n<ul class=\"wp-block-gallery columns-3 is-cropped\"><li class=\"blocks-gallery-item\"><figure><a href=\"http:\/\/www.weber-planungsbuero.de\/wp-content\/uploads\/2018\/10\/image008-2.png\"><img src=\"http:\/\/www.weber-planungsbuero.de\/wp-content\/uploads\/2018\/10\/image008-2.png\" alt=\"\" data-id=\"111\" data-link=\"http:\/\/www.weber-planungsbuero.de\/image008-3\/\" class=\"wp-image-111\"\/><\/a><\/figure><\/li><li class=\"blocks-gallery-item\"><figure><a href=\"http:\/\/www.weber-planungsbuero.de\/wp-content\/uploads\/2018\/10\/image009-2.png\"><img src=\"http:\/\/www.weber-planungsbuero.de\/wp-content\/uploads\/2018\/10\/image009-2.png\" alt=\"\" data-id=\"112\" data-link=\"http:\/\/www.weber-planungsbuero.de\/image009-3\/\" class=\"wp-image-112\"\/><\/a><\/figure><\/li><li class=\"blocks-gallery-item\"><figure><a href=\"http:\/\/www.weber-planungsbuero.de\/wp-content\/uploads\/2018\/10\/image010-2.png\"><img src=\"http:\/\/www.weber-planungsbuero.de\/wp-content\/uploads\/2018\/10\/image010-2.png\" alt=\"\" data-id=\"113\" data-link=\"http:\/\/www.weber-planungsbuero.de\/image010-3\/\" class=\"wp-image-113\"\/><\/a><\/figure><\/li><\/ul>\n<!-- \/wp:gallery -->\n\n<!-- wp:paragraph -->\n<p>Spannungsverh\u00e4ltnisse durch unterschiedliche Deckenh\u00f6hen<\/p>\n<!-- \/wp:paragraph -->\n\n<!-- wp:gallery {\"linkTo\":\"media\"} -->\n<ul class=\"wp-block-gallery columns-2 is-cropped\"><li class=\"blocks-gallery-item\"><figure><a href=\"http:\/\/www.weber-planungsbuero.de\/wp-content\/uploads\/2018\/10\/image011-2.png\"><img src=\"http:\/\/www.weber-planungsbuero.de\/wp-content\/uploads\/2018\/10\/image011-2.png\" alt=\"\" data-id=\"114\" data-link=\"http:\/\/www.weber-planungsbuero.de\/image011-3\/\" class=\"wp-image-114\"\/><\/a><\/figure><\/li><li class=\"blocks-gallery-item\"><figure><a href=\"http:\/\/www.weber-planungsbuero.de\/wp-content\/uploads\/2018\/10\/image012-2.png\"><img src=\"http:\/\/www.weber-planungsbuero.de\/wp-content\/uploads\/2018\/10\/image012-2.png\" alt=\"\" data-id=\"115\" data-link=\"http:\/\/www.weber-planungsbuero.de\/image012-3\/\" class=\"wp-image-115\"\/><\/a><\/figure><\/li><\/ul>\n<!-- \/wp:gallery -->","_et_gb_content_width":"","footnotes":""},"class_list":["post-66","page","type-page","status-publish","hentry"],"yoast_head":"<!-- This site is optimized with the Yoast SEO plugin v26.8 - https:\/\/yoast.com\/product\/yoast-seo-wordpress\/ -->\n<title>Gestaltungselement Galerie - Planungsb\u00fcro Weber<\/title>\n<meta name=\"robots\" content=\"index, follow, max-snippet:-1, max-image-preview:large, max-video-preview:-1\" \/>\n<link rel=\"canonical\" href=\"http:\/\/www.weber-planungsbuero.de\/index.php\/gestaltungselement-galerie\/\" \/>\n<meta property=\"og:locale\" content=\"de_DE\" \/>\n<meta property=\"og:type\" content=\"article\" \/>\n<meta property=\"og:title\" content=\"Gestaltungselement Galerie - Planungsb\u00fcro Weber\" \/>\n<meta property=\"og:description\" content=\"GESTALTUNGSELEMENT GALERIEGalerie in der HalleLuft zum Atmen...Die Galerie erf\u00fcllt verschiedene Zwecke und verleiht dem Haus ein eigenes Wohnprofil. Gut geplant, an pers\u00f6nlichen Bed\u00fcrfnissen und Wohnanspr\u00fcchen orientiert, kann eine Galerie definitiv den Wohnwert steigern. Besonders in gro\u00dfen H\u00e4usern kann sie zus\u00e4tzliche Wohnfl\u00e4che bieten, als Spielflur, Leseecke, Bibliothek oder Arbeitsbereich mit Aussicht genutzt werden. Durch die offene [&hellip;]\" \/>\n<meta property=\"og:url\" content=\"http:\/\/www.weber-planungsbuero.de\/index.php\/gestaltungselement-galerie\/\" \/>\n<meta property=\"og:site_name\" content=\"Planungsb\u00fcro Weber\" \/>\n<meta property=\"article:modified_time\" content=\"2020-03-31T06:23:15+00:00\" \/>\n<meta name=\"twitter:card\" content=\"summary_large_image\" \/>\n<meta name=\"twitter:label1\" content=\"Gesch\u00e4tzte Lesezeit\" \/>\n\t<meta name=\"twitter:data1\" content=\"4\u00a0Minuten\" \/>\n<script type=\"application\/ld+json\" class=\"yoast-schema-graph\">{\"@context\":\"https:\/\/schema.org\",\"@graph\":[{\"@type\":\"WebPage\",\"@id\":\"http:\/\/www.weber-planungsbuero.de\/index.php\/gestaltungselement-galerie\/\",\"url\":\"http:\/\/www.weber-planungsbuero.de\/index.php\/gestaltungselement-galerie\/\",\"name\":\"Gestaltungselement Galerie - Planungsb\u00fcro Weber\",\"isPartOf\":{\"@id\":\"http:\/\/www.weber-planungsbuero.de\/#website\"},\"datePublished\":\"2018-10-24T20:17:06+00:00\",\"dateModified\":\"2020-03-31T06:23:15+00:00\",\"breadcrumb\":{\"@id\":\"http:\/\/www.weber-planungsbuero.de\/index.php\/gestaltungselement-galerie\/#breadcrumb\"},\"inLanguage\":\"de\",\"potentialAction\":[{\"@type\":\"ReadAction\",\"target\":[\"http:\/\/www.weber-planungsbuero.de\/index.php\/gestaltungselement-galerie\/\"]}]},{\"@type\":\"BreadcrumbList\",\"@id\":\"http:\/\/www.weber-planungsbuero.de\/index.php\/gestaltungselement-galerie\/#breadcrumb\",\"itemListElement\":[{\"@type\":\"ListItem\",\"position\":1,\"name\":\"Startseite\",\"item\":\"http:\/\/www.weber-planungsbuero.de\/\"},{\"@type\":\"ListItem\",\"position\":2,\"name\":\"Gestaltungselement Galerie\"}]},{\"@type\":\"WebSite\",\"@id\":\"http:\/\/www.weber-planungsbuero.de\/#website\",\"url\":\"http:\/\/www.weber-planungsbuero.de\/\",\"name\":\"Planungsb\u00fcro Weber\",\"description\":\"Kreativit\u00e4t aus Leidenschaft\",\"potentialAction\":[{\"@type\":\"SearchAction\",\"target\":{\"@type\":\"EntryPoint\",\"urlTemplate\":\"http:\/\/www.weber-planungsbuero.de\/?s={search_term_string}\"},\"query-input\":{\"@type\":\"PropertyValueSpecification\",\"valueRequired\":true,\"valueName\":\"search_term_string\"}}],\"inLanguage\":\"de\"}]}<\/script>\n<!-- \/ Yoast SEO plugin. -->","yoast_head_json":{"title":"Gestaltungselement Galerie - Planungsb\u00fcro Weber","robots":{"index":"index","follow":"follow","max-snippet":"max-snippet:-1","max-image-preview":"max-image-preview:large","max-video-preview":"max-video-preview:-1"},"canonical":"http:\/\/www.weber-planungsbuero.de\/index.php\/gestaltungselement-galerie\/","og_locale":"de_DE","og_type":"article","og_title":"Gestaltungselement Galerie - Planungsb\u00fcro Weber","og_description":"GESTALTUNGSELEMENT GALERIEGalerie in der HalleLuft zum Atmen...Die Galerie erf\u00fcllt verschiedene Zwecke und verleiht dem Haus ein eigenes Wohnprofil. Gut geplant, an pers\u00f6nlichen Bed\u00fcrfnissen und Wohnanspr\u00fcchen orientiert, kann eine Galerie definitiv den Wohnwert steigern. Besonders in gro\u00dfen H\u00e4usern kann sie zus\u00e4tzliche Wohnfl\u00e4che bieten, als Spielflur, Leseecke, Bibliothek oder Arbeitsbereich mit Aussicht genutzt werden. Durch die offene [&hellip;]","og_url":"http:\/\/www.weber-planungsbuero.de\/index.php\/gestaltungselement-galerie\/","og_site_name":"Planungsb\u00fcro Weber","article_modified_time":"2020-03-31T06:23:15+00:00","twitter_card":"summary_large_image","twitter_misc":{"Gesch\u00e4tzte Lesezeit":"4\u00a0Minuten"},"schema":{"@context":"https:\/\/schema.org","@graph":[{"@type":"WebPage","@id":"http:\/\/www.weber-planungsbuero.de\/index.php\/gestaltungselement-galerie\/","url":"http:\/\/www.weber-planungsbuero.de\/index.php\/gestaltungselement-galerie\/","name":"Gestaltungselement Galerie - Planungsb\u00fcro Weber","isPartOf":{"@id":"http:\/\/www.weber-planungsbuero.de\/#website"},"datePublished":"2018-10-24T20:17:06+00:00","dateModified":"2020-03-31T06:23:15+00:00","breadcrumb":{"@id":"http:\/\/www.weber-planungsbuero.de\/index.php\/gestaltungselement-galerie\/#breadcrumb"},"inLanguage":"de","potentialAction":[{"@type":"ReadAction","target":["http:\/\/www.weber-planungsbuero.de\/index.php\/gestaltungselement-galerie\/"]}]},{"@type":"BreadcrumbList","@id":"http:\/\/www.weber-planungsbuero.de\/index.php\/gestaltungselement-galerie\/#breadcrumb","itemListElement":[{"@type":"ListItem","position":1,"name":"Startseite","item":"http:\/\/www.weber-planungsbuero.de\/"},{"@type":"ListItem","position":2,"name":"Gestaltungselement Galerie"}]},{"@type":"WebSite","@id":"http:\/\/www.weber-planungsbuero.de\/#website","url":"http:\/\/www.weber-planungsbuero.de\/","name":"Planungsb\u00fcro Weber","description":"Kreativit\u00e4t aus Leidenschaft","potentialAction":[{"@type":"SearchAction","target":{"@type":"EntryPoint","urlTemplate":"http:\/\/www.weber-planungsbuero.de\/?s={search_term_string}"},"query-input":{"@type":"PropertyValueSpecification","valueRequired":true,"valueName":"search_term_string"}}],"inLanguage":"de"}]}},"amp_enabled":true,"_links":{"self":[{"href":"http:\/\/www.weber-planungsbuero.de\/index.php\/wp-json\/wp\/v2\/pages\/66","targetHints":{"allow":["GET"]}}],"collection":[{"href":"http:\/\/www.weber-planungsbuero.de\/index.php\/wp-json\/wp\/v2\/pages"}],"about":[{"href":"http:\/\/www.weber-planungsbuero.de\/index.php\/wp-json\/wp\/v2\/types\/page"}],"author":[{"embeddable":true,"href":"http:\/\/www.weber-planungsbuero.de\/index.php\/wp-json\/wp\/v2\/users\/1"}],"replies":[{"embeddable":true,"href":"http:\/\/www.weber-planungsbuero.de\/index.php\/wp-json\/wp\/v2\/comments?post=66"}],"version-history":[{"count":36,"href":"http:\/\/www.weber-planungsbuero.de\/index.php\/wp-json\/wp\/v2\/pages\/66\/revisions"}],"predecessor-version":[{"id":1684,"href":"http:\/\/www.weber-planungsbuero.de\/index.php\/wp-json\/wp\/v2\/pages\/66\/revisions\/1684"}],"wp:attachment":[{"href":"http:\/\/www.weber-planungsbuero.de\/index.php\/wp-json\/wp\/v2\/media?parent=66"}],"curies":[{"name":"wp","href":"https:\/\/api.w.org\/{rel}","templated":true}]}}