{"id":70,"date":"2018-10-24T22:17:51","date_gmt":"2018-10-24T20:17:51","guid":{"rendered":"http:\/\/www.weber-planungsbuero.de\/?page_id=70"},"modified":"2019-10-29T12:29:11","modified_gmt":"2019-10-29T11:29:11","slug":"gestaltungselement-stuck","status":"publish","type":"page","link":"http:\/\/www.weber-planungsbuero.de\/index.php\/gestaltungselement-stuck\/","title":{"rendered":"Gestaltungselement Stuck"},"content":{"rendered":"<p>[et_pb_section fb_built=&#8220;1&#8243; _builder_version=&#8220;3.22.3&#8243;][et_pb_row column_structure=&#8220;1_2,1_2&#8243; _builder_version=&#8220;3.25&#8243;][et_pb_column type=&#8220;1_2&#8243; _builder_version=&#8220;3.25&#8243; custom_padding=&#8220;|||&#8220; custom_padding__hover=&#8220;|||&#8220;][et_pb_text _builder_version=&#8220;3.27.4&#8243; header_font=&#8220;||||||||&#8220; header_2_font=&#8220;||||||||&#8220;]<\/p>\n<h2>GESTALTUNGSELEMENT STUCK<\/h2>\n<p>[\/et_pb_text][et_pb_image src=&#8220;http:\/\/www.weber-planungsbuero.de\/wp-content\/uploads\/2019\/01\/Stuck-1.jpg&#8220; align_tablet=&#8220;center&#8220; align_phone=&#8220;&#8220; align_last_edited=&#8220;on|desktop&#8220; _builder_version=&#8220;3.23&#8243;][\/et_pb_image][et_pb_text _builder_version=&#8220;3.27.4&#8243;]<\/p>\n<h2 style=\"text-align: right;\">Arkaden und S\u00e4ulen im Innenbereich<\/h2>\n<p>[\/et_pb_text][et_pb_image src=&#8220;http:\/\/www.weber-planungsbuero.de\/wp-content\/uploads\/2019\/01\/Stuck-4.jpg&#8220; align_tablet=&#8220;center&#8220; align_phone=&#8220;&#8220; align_last_edited=&#8220;on|desktop&#8220; _builder_version=&#8220;3.23&#8243; max_width=&#8220;62%&#8220; module_alignment=&#8220;right&#8220;][\/et_pb_image][et_pb_image src=&#8220;http:\/\/www.weber-planungsbuero.de\/wp-content\/uploads\/2019\/01\/Stuck-6.jpg&#8220; align_tablet=&#8220;center&#8220; align_phone=&#8220;&#8220; align_last_edited=&#8220;on|desktop&#8220; _builder_version=&#8220;3.23&#8243;][\/et_pb_image][et_pb_image src=&#8220;http:\/\/www.weber-planungsbuero.de\/wp-content\/uploads\/2019\/01\/Stuck-12.jpg&#8220; align_tablet=&#8220;center&#8220; align_phone=&#8220;&#8220; align_last_edited=&#8220;on|desktop&#8220; _builder_version=&#8220;3.23&#8243; max_width=&#8220;90%&#8220; module_alignment=&#8220;right&#8220;][\/et_pb_image][et_pb_image src=&#8220;http:\/\/www.weber-planungsbuero.de\/wp-content\/uploads\/2019\/01\/Interieur-Schlafst\u00e4tten-6.jpg&#8220; align_tablet=&#8220;center&#8220; align_phone=&#8220;&#8220; align_last_edited=&#8220;on|desktop&#8220; _builder_version=&#8220;3.23&#8243; max_width=&#8220;48%&#8220; module_alignment=&#8220;right&#8220;][\/et_pb_image][et_pb_image src=&#8220;http:\/\/www.weber-planungsbuero.de\/wp-content\/uploads\/2019\/04\/IMG_3214.jpg&#8220; align_tablet=&#8220;center&#8220; align_phone=&#8220;&#8220; align_last_edited=&#8220;on|desktop&#8220; _builder_version=&#8220;3.23&#8243; max_width=&#8220;58%&#8220; module_alignment=&#8220;right&#8220;][\/et_pb_image][et_pb_image src=&#8220;http:\/\/www.weber-planungsbuero.de\/wp-content\/uploads\/2019\/01\/Stuck-10.jpg&#8220; align_tablet=&#8220;center&#8220; align_phone=&#8220;&#8220; align_last_edited=&#8220;on|desktop&#8220; _builder_version=&#8220;3.23&#8243;][\/et_pb_image][et_pb_text _builder_version=&#8220;3.27.4&#8243;]<\/p>\n<h2 style=\"text-align: right;\">Arkaden und S\u00e4ulen im Au\u00dfenbereich<\/h2>\n<p>[\/et_pb_text][et_pb_image src=&#8220;http:\/\/www.weber-planungsbuero.de\/wp-content\/uploads\/2019\/01\/Stuck-11.jpg&#8220; align_tablet=&#8220;center&#8220; align_phone=&#8220;&#8220; align_last_edited=&#8220;on|desktop&#8220; _builder_version=&#8220;3.23&#8243; max_width=&#8220;84%&#8220; module_alignment=&#8220;right&#8220;][\/et_pb_image][et_pb_image src=&#8220;http:\/\/www.weber-planungsbuero.de\/wp-content\/uploads\/2019\/04\/100_0646.jpg&#8220; align_tablet=&#8220;center&#8220; align_phone=&#8220;&#8220; align_last_edited=&#8220;on|desktop&#8220; _builder_version=&#8220;4.0.2&#8243; max_width=&#8220;98%&#8220; module_alignment=&#8220;right&#8220; hover_enabled=&#8220;0&#8243;][\/et_pb_image][\/et_pb_column][et_pb_column type=&#8220;1_2&#8243; _builder_version=&#8220;3.25&#8243; custom_padding=&#8220;|||&#8220; custom_padding__hover=&#8220;|||&#8220;][et_pb_image src=&#8220;http:\/\/www.weber-planungsbuero.de\/wp-content\/uploads\/2019\/01\/Stuck-3.jpg&#8220; align_tablet=&#8220;center&#8220; align_phone=&#8220;&#8220; align_last_edited=&#8220;on|desktop&#8220; _builder_version=&#8220;3.23&#8243;][\/et_pb_image][et_pb_text _builder_version=&#8220;3.27.4&#8243;]<\/p>\n<h2 style=\"text-align: left;\">S\u00e4ulen heben ein Kreuzganggew\u00f6lbe<\/h2>\n<p>[\/et_pb_text][et_pb_image src=&#8220;http:\/\/www.weber-planungsbuero.de\/wp-content\/uploads\/2019\/01\/Stuck-2.jpg&#8220; align_tablet=&#8220;center&#8220; align_phone=&#8220;&#8220; align_last_edited=&#8220;on|desktop&#8220; _builder_version=&#8220;3.23&#8243; max_width=&#8220;97%&#8220;][\/et_pb_image][et_pb_image src=&#8220;http:\/\/www.weber-planungsbuero.de\/wp-content\/uploads\/2019\/01\/Stuck-5.jpg&#8220; align_tablet=&#8220;center&#8220; align_phone=&#8220;&#8220; align_last_edited=&#8220;on|desktop&#8220; _builder_version=&#8220;3.23&#8243;][\/et_pb_image][et_pb_text _builder_version=&#8220;3.27.4&#8243;]<\/p>\n<h2>Stuckausf\u00fchrungen im Innenbereich<\/h2>\n<p>[\/et_pb_text][et_pb_image src=&#8220;http:\/\/www.weber-planungsbuero.de\/wp-content\/uploads\/2019\/01\/Stuck-9.jpg&#8220; _builder_version=&#8220;4.0.2&#8243; max_width=&#8220;45%&#8220;][\/et_pb_image][et_pb_image src=&#8220;http:\/\/www.weber-planungsbuero.de\/wp-content\/uploads\/2019\/10\/IMG_6593.jpg&#8220; _builder_version=&#8220;4.0.2&#8243; max_width=&#8220;32%&#8220;][\/et_pb_image][et_pb_image src=&#8220;http:\/\/www.weber-planungsbuero.de\/wp-content\/uploads\/2019\/01\/Stuck-13.jpg&#8220; align_tablet=&#8220;center&#8220; align_phone=&#8220;&#8220; align_last_edited=&#8220;on|desktop&#8220; _builder_version=&#8220;3.23&#8243; max_width=&#8220;81%&#8220;][\/et_pb_image][et_pb_image src=&#8220;http:\/\/www.weber-planungsbuero.de\/wp-content\/uploads\/2019\/01\/Stuck-8.jpg&#8220; align_tablet=&#8220;center&#8220; align_phone=&#8220;&#8220; align_last_edited=&#8220;on|desktop&#8220; _builder_version=&#8220;3.23&#8243; max_width=&#8220;60%&#8220;][\/et_pb_image][et_pb_image src=&#8220;http:\/\/www.weber-planungsbuero.de\/wp-content\/uploads\/2019\/01\/Stuck-7.jpg&#8220; align_tablet=&#8220;center&#8220; align_phone=&#8220;&#8220; align_last_edited=&#8220;on|desktop&#8220; _builder_version=&#8220;3.23&#8243;][\/et_pb_image][et_pb_image src=&#8220;http:\/\/www.weber-planungsbuero.de\/wp-content\/uploads\/2019\/01\/H\u00e4user-18.jpg&#8220; align_tablet=&#8220;center&#8220; align_phone=&#8220;&#8220; align_last_edited=&#8220;on|desktop&#8220; _builder_version=&#8220;3.23&#8243; max_width=&#8220;71%&#8220;][\/et_pb_image][et_pb_image src=&#8220;http:\/\/www.weber-planungsbuero.de\/wp-content\/uploads\/2019\/01\/H\u00e4user-5.jpg&#8220; align_tablet=&#8220;center&#8220; align_phone=&#8220;&#8220; align_last_edited=&#8220;on|desktop&#8220; _builder_version=&#8220;3.23&#8243;][\/et_pb_image][et_pb_image src=&#8220;http:\/\/www.weber-planungsbuero.de\/wp-content\/uploads\/2019\/10\/IMG_6589.jpg&#8220; _builder_version=&#8220;4.0.2&#8243; hover_enabled=&#8220;0&#8243; max_width=&#8220;45%&#8220;][\/et_pb_image][\/et_pb_column][\/et_pb_row][\/et_pb_section]<\/p>\n","protected":false},"excerpt":{"rendered":"<p>GESTALTUNGSELEMENT STUCKArkaden und S\u00e4ulen im InnenbereichArkaden und S\u00e4ulen im Au\u00dfenbereichS\u00e4ulen heben ein Kreuzganggew\u00f6lbeStuckausf\u00fchrungen im Innenbereich<\/p>\n","protected":false},"author":1,"featured_media":0,"parent":0,"menu_order":0,"comment_status":"closed","ping_status":"closed","template":"","meta":{"_et_pb_use_builder":"on","_et_pb_old_content":"<!-- wp:shortcode -->\n[robo-gallery id=493]\n<!-- \/wp:shortcode -->\n\n<!-- wp:paragraph -->\n<p><\/p>\n<!-- \/wp:paragraph -->\n\n<!-- wp:image -->\n<figure class=\"wp-block-image\"><img alt=\"\"\/><\/figure>\n<!-- \/wp:image -->","_et_gb_content_width":"","footnotes":""},"class_list":["post-70","page","type-page","status-publish","hentry"],"yoast_head":"<!-- This site is optimized with the Yoast SEO plugin v26.8 - https:\/\/yoast.com\/product\/yoast-seo-wordpress\/ -->\n<title>Gestaltungselement Stuck - Planungsb\u00fcro Weber<\/title>\n<meta name=\"robots\" content=\"index, follow, max-snippet:-1, max-image-preview:large, max-video-preview:-1\" \/>\n<link rel=\"canonical\" href=\"http:\/\/www.weber-planungsbuero.de\/index.php\/gestaltungselement-stuck\/\" \/>\n<meta property=\"og:locale\" content=\"de_DE\" \/>\n<meta property=\"og:type\" content=\"article\" \/>\n<meta property=\"og:title\" content=\"Gestaltungselement Stuck - Planungsb\u00fcro Weber\" \/>\n<meta property=\"og:description\" content=\"GESTALTUNGSELEMENT STUCKArkaden und S\u00e4ulen im InnenbereichArkaden und S\u00e4ulen im Au\u00dfenbereichS\u00e4ulen heben ein Kreuzganggew\u00f6lbeStuckausf\u00fchrungen im Innenbereich\" \/>\n<meta property=\"og:url\" content=\"http:\/\/www.weber-planungsbuero.de\/index.php\/gestaltungselement-stuck\/\" \/>\n<meta property=\"og:site_name\" content=\"Planungsb\u00fcro Weber\" \/>\n<meta property=\"article:modified_time\" content=\"2019-10-29T11:29:11+00:00\" \/>\n<meta name=\"twitter:card\" content=\"summary_large_image\" \/>\n<meta name=\"twitter:label1\" content=\"Gesch\u00e4tzte Lesezeit\" \/>\n\t<meta name=\"twitter:data1\" content=\"3\u00a0Minuten\" \/>\n<script type=\"application\/ld+json\" class=\"yoast-schema-graph\">{\"@context\":\"https:\/\/schema.org\",\"@graph\":[{\"@type\":\"WebPage\",\"@id\":\"http:\/\/www.weber-planungsbuero.de\/index.php\/gestaltungselement-stuck\/\",\"url\":\"http:\/\/www.weber-planungsbuero.de\/index.php\/gestaltungselement-stuck\/\",\"name\":\"Gestaltungselement Stuck - Planungsb\u00fcro Weber\",\"isPartOf\":{\"@id\":\"http:\/\/www.weber-planungsbuero.de\/#website\"},\"datePublished\":\"2018-10-24T20:17:51+00:00\",\"dateModified\":\"2019-10-29T11:29:11+00:00\",\"breadcrumb\":{\"@id\":\"http:\/\/www.weber-planungsbuero.de\/index.php\/gestaltungselement-stuck\/#breadcrumb\"},\"inLanguage\":\"de\",\"potentialAction\":[{\"@type\":\"ReadAction\",\"target\":[\"http:\/\/www.weber-planungsbuero.de\/index.php\/gestaltungselement-stuck\/\"]}]},{\"@type\":\"BreadcrumbList\",\"@id\":\"http:\/\/www.weber-planungsbuero.de\/index.php\/gestaltungselement-stuck\/#breadcrumb\",\"itemListElement\":[{\"@type\":\"ListItem\",\"position\":1,\"name\":\"Startseite\",\"item\":\"http:\/\/www.weber-planungsbuero.de\/\"},{\"@type\":\"ListItem\",\"position\":2,\"name\":\"Gestaltungselement Stuck\"}]},{\"@type\":\"WebSite\",\"@id\":\"http:\/\/www.weber-planungsbuero.de\/#website\",\"url\":\"http:\/\/www.weber-planungsbuero.de\/\",\"name\":\"Planungsb\u00fcro Weber\",\"description\":\"Kreativit\u00e4t aus Leidenschaft\",\"potentialAction\":[{\"@type\":\"SearchAction\",\"target\":{\"@type\":\"EntryPoint\",\"urlTemplate\":\"http:\/\/www.weber-planungsbuero.de\/?s={search_term_string}\"},\"query-input\":{\"@type\":\"PropertyValueSpecification\",\"valueRequired\":true,\"valueName\":\"search_term_string\"}}],\"inLanguage\":\"de\"}]}<\/script>\n<!-- \/ Yoast SEO plugin. -->","yoast_head_json":{"title":"Gestaltungselement Stuck - Planungsb\u00fcro Weber","robots":{"index":"index","follow":"follow","max-snippet":"max-snippet:-1","max-image-preview":"max-image-preview:large","max-video-preview":"max-video-preview:-1"},"canonical":"http:\/\/www.weber-planungsbuero.de\/index.php\/gestaltungselement-stuck\/","og_locale":"de_DE","og_type":"article","og_title":"Gestaltungselement Stuck - Planungsb\u00fcro Weber","og_description":"GESTALTUNGSELEMENT STUCKArkaden und S\u00e4ulen im InnenbereichArkaden und S\u00e4ulen im Au\u00dfenbereichS\u00e4ulen heben ein Kreuzganggew\u00f6lbeStuckausf\u00fchrungen im Innenbereich","og_url":"http:\/\/www.weber-planungsbuero.de\/index.php\/gestaltungselement-stuck\/","og_site_name":"Planungsb\u00fcro Weber","article_modified_time":"2019-10-29T11:29:11+00:00","twitter_card":"summary_large_image","twitter_misc":{"Gesch\u00e4tzte Lesezeit":"3\u00a0Minuten"},"schema":{"@context":"https:\/\/schema.org","@graph":[{"@type":"WebPage","@id":"http:\/\/www.weber-planungsbuero.de\/index.php\/gestaltungselement-stuck\/","url":"http:\/\/www.weber-planungsbuero.de\/index.php\/gestaltungselement-stuck\/","name":"Gestaltungselement Stuck - Planungsb\u00fcro Weber","isPartOf":{"@id":"http:\/\/www.weber-planungsbuero.de\/#website"},"datePublished":"2018-10-24T20:17:51+00:00","dateModified":"2019-10-29T11:29:11+00:00","breadcrumb":{"@id":"http:\/\/www.weber-planungsbuero.de\/index.php\/gestaltungselement-stuck\/#breadcrumb"},"inLanguage":"de","potentialAction":[{"@type":"ReadAction","target":["http:\/\/www.weber-planungsbuero.de\/index.php\/gestaltungselement-stuck\/"]}]},{"@type":"BreadcrumbList","@id":"http:\/\/www.weber-planungsbuero.de\/index.php\/gestaltungselement-stuck\/#breadcrumb","itemListElement":[{"@type":"ListItem","position":1,"name":"Startseite","item":"http:\/\/www.weber-planungsbuero.de\/"},{"@type":"ListItem","position":2,"name":"Gestaltungselement Stuck"}]},{"@type":"WebSite","@id":"http:\/\/www.weber-planungsbuero.de\/#website","url":"http:\/\/www.weber-planungsbuero.de\/","name":"Planungsb\u00fcro Weber","description":"Kreativit\u00e4t aus Leidenschaft","potentialAction":[{"@type":"SearchAction","target":{"@type":"EntryPoint","urlTemplate":"http:\/\/www.weber-planungsbuero.de\/?s={search_term_string}"},"query-input":{"@type":"PropertyValueSpecification","valueRequired":true,"valueName":"search_term_string"}}],"inLanguage":"de"}]}},"amp_enabled":true,"_links":{"self":[{"href":"http:\/\/www.weber-planungsbuero.de\/index.php\/wp-json\/wp\/v2\/pages\/70","targetHints":{"allow":["GET"]}}],"collection":[{"href":"http:\/\/www.weber-planungsbuero.de\/index.php\/wp-json\/wp\/v2\/pages"}],"about":[{"href":"http:\/\/www.weber-planungsbuero.de\/index.php\/wp-json\/wp\/v2\/types\/page"}],"author":[{"embeddable":true,"href":"http:\/\/www.weber-planungsbuero.de\/index.php\/wp-json\/wp\/v2\/users\/1"}],"replies":[{"embeddable":true,"href":"http:\/\/www.weber-planungsbuero.de\/index.php\/wp-json\/wp\/v2\/comments?post=70"}],"version-history":[{"count":21,"href":"http:\/\/www.weber-planungsbuero.de\/index.php\/wp-json\/wp\/v2\/pages\/70\/revisions"}],"predecessor-version":[{"id":1653,"href":"http:\/\/www.weber-planungsbuero.de\/index.php\/wp-json\/wp\/v2\/pages\/70\/revisions\/1653"}],"wp:attachment":[{"href":"http:\/\/www.weber-planungsbuero.de\/index.php\/wp-json\/wp\/v2\/media?parent=70"}],"curies":[{"name":"wp","href":"https:\/\/api.w.org\/{rel}","templated":true}]}}