{"id":979,"date":"2019-04-03T09:22:24","date_gmt":"2019-04-03T07:22:24","guid":{"rendered":"http:\/\/www.weber-planungsbuero.de\/?page_id=979"},"modified":"2020-02-29T10:13:03","modified_gmt":"2020-02-29T09:13:03","slug":"haeuser","status":"publish","type":"page","link":"http:\/\/www.weber-planungsbuero.de\/index.php\/haeuser\/","title":{"rendered":"H\u00e4user"},"content":{"rendered":"<p>[et_pb_section fb_built=&#8220;1&#8243; _builder_version=&#8220;3.22.3&#8243;][et_pb_row _builder_version=&#8220;3.25&#8243; custom_padding=&#8220;11px|0px|17px|0px|false|false&#8220;][et_pb_column type=&#8220;4_4&#8243; _builder_version=&#8220;3.25&#8243; custom_padding=&#8220;|||&#8220; custom_padding__hover=&#8220;|||&#8220;][et_pb_text _builder_version=&#8220;3.27.4&#8243;]<\/p>\n<h2>WohnTR\u00c4UME werden WAHR<\/h2>\n<p style=\"font-size: 17px;\">\n<p style=\"font-size: 17px;\">Wir planen und bauen H\u00e4user &#8211; wir realisieren Ihren individuellen Hausplan.<\/p>\n<p style=\"font-size: 17px;\">Ob es um Hausplanung oder um die Gestaltung von Innenr\u00e4umen geht &#8211; kreative Wohnraumgestaltung ist unsere Leidenschaft. Unser Anliegen ist es, Ihre pers\u00f6nlichen Bed\u00fcrfnisse exakt umzusetzen und gleichzeitig perfektes Wohlf\u00fchlambiente zu schaffen. Moderne Architektur in Verbindung mit klassischen Elementen bestimmt ma\u00dfgeblich unsere Stilrichtung.<\/p>\n<p style=\"font-size: 17px;\">Nachfolgend Referenzobjekte, die wir geplant haben und die unseren Baustil repr\u00e4sentieren.<\/p>\n<p>[\/et_pb_text][\/et_pb_column][\/et_pb_row][et_pb_row _builder_version=&#8220;3.25&#8243; custom_padding=&#8220;0|0px|11px|0px|false|false&#8220; column_structure=&#8220;1_3,1_3,1_3&#8243;][et_pb_column type=&#8220;1_3&#8243; _builder_version=&#8220;3.25&#8243; custom_padding=&#8220;|||&#8220; custom_padding__hover=&#8220;|||&#8220;][et_pb_image src=&#8220;http:\/\/www.weber-planungsbuero.de\/wp-content\/uploads\/2019\/01\/Galerie-5.jpg&#8220; align_tablet=&#8220;center&#8220; align_phone=&#8220;&#8220; align_last_edited=&#8220;on|desktop&#8220; _builder_version=&#8220;3.23&#8243;][\/et_pb_image][et_pb_image src=&#8220;http:\/\/www.weber-planungsbuero.de\/wp-content\/uploads\/2019\/01\/H\u00e4user-13.jpg&#8220; align_tablet=&#8220;center&#8220; align_phone=&#8220;&#8220; align_last_edited=&#8220;on|desktop&#8220; _builder_version=&#8220;3.23&#8243;][\/et_pb_image][et_pb_image src=&#8220;http:\/\/www.weber-planungsbuero.de\/wp-content\/uploads\/2019\/01\/K\u00fcche-Leberaum-1.jpg&#8220; align_tablet=&#8220;center&#8220; align_phone=&#8220;&#8220; align_last_edited=&#8220;on|desktop&#8220; _builder_version=&#8220;3.23&#8243; max_width=&#8220;87%&#8220; module_alignment=&#8220;right&#8220;][\/et_pb_image][et_pb_image src=&#8220;http:\/\/www.weber-planungsbuero.de\/wp-content\/uploads\/2019\/01\/K\u00fcche-Leberaum-2.jpg&#8220; align_tablet=&#8220;center&#8220; align_phone=&#8220;&#8220; align_last_edited=&#8220;on|desktop&#8220; _builder_version=&#8220;3.23&#8243; max_width=&#8220;90%&#8220; module_alignment=&#8220;right&#8220;][\/et_pb_image][\/et_pb_column][et_pb_column type=&#8220;1_3&#8243; _builder_version=&#8220;3.25&#8243; custom_padding=&#8220;|||&#8220; custom_padding__hover=&#8220;|||&#8220;][et_pb_image src=&#8220;http:\/\/www.weber-planungsbuero.de\/wp-content\/uploads\/2019\/01\/H\u00e4user-12.jpg&#8220; align_tablet=&#8220;center&#8220; align_phone=&#8220;&#8220; align_last_edited=&#8220;on|desktop&#8220; _builder_version=&#8220;3.23&#8243;][\/et_pb_image][et_pb_image src=&#8220;http:\/\/www.weber-planungsbuero.de\/wp-content\/uploads\/2019\/01\/Wohn-Lebe-Raum-2.jpg&#8220; align_tablet=&#8220;center&#8220; align_phone=&#8220;&#8220; align_last_edited=&#8220;on|desktop&#8220; _builder_version=&#8220;3.23&#8243;][\/et_pb_image][\/et_pb_column][et_pb_column type=&#8220;1_3&#8243; _builder_version=&#8220;3.25&#8243; custom_padding=&#8220;|||&#8220; custom_padding__hover=&#8220;|||&#8220;][et_pb_image src=&#8220;http:\/\/www.weber-planungsbuero.de\/wp-content\/uploads\/2019\/01\/H\u00e4user-18.jpg&#8220; align_tablet=&#8220;center&#8220; align_phone=&#8220;&#8220; align_last_edited=&#8220;on|desktop&#8220; _builder_version=&#8220;3.23&#8243;][\/et_pb_image][et_pb_image src=&#8220;http:\/\/www.weber-planungsbuero.de\/wp-content\/uploads\/2019\/01\/H\u00e4user-17.jpg&#8220; align_tablet=&#8220;center&#8220; align_phone=&#8220;&#8220; align_last_edited=&#8220;on|desktop&#8220; _builder_version=&#8220;3.23&#8243;][\/et_pb_image][et_pb_image src=&#8220;http:\/\/www.weber-planungsbuero.de\/wp-content\/uploads\/2019\/04\/100_0865.jpg&#8220; align_tablet=&#8220;center&#8220; align_phone=&#8220;&#8220; align_last_edited=&#8220;on|desktop&#8220; _builder_version=&#8220;3.23&#8243; max_width=&#8220;97%&#8220;][\/et_pb_image][\/et_pb_column][\/et_pb_row][et_pb_row _builder_version=&#8220;3.25&#8243; custom_padding=&#8220;6px|0px|0|0px|false|false&#8220; column_structure=&#8220;1_3,2_3&#8243;][et_pb_column type=&#8220;1_3&#8243; _builder_version=&#8220;3.25&#8243; custom_padding=&#8220;|||&#8220; custom_padding__hover=&#8220;|||&#8220;][et_pb_image src=&#8220;http:\/\/www.weber-planungsbuero.de\/wp-content\/uploads\/2019\/01\/Stuck-1.jpg&#8220; align_tablet=&#8220;center&#8220; align_phone=&#8220;&#8220; align_last_edited=&#8220;on|desktop&#8220; _builder_version=&#8220;3.23&#8243; max_width=&#8220;88%&#8220; module_alignment=&#8220;right&#8220;][\/et_pb_image][\/et_pb_column][et_pb_column type=&#8220;2_3&#8243; _builder_version=&#8220;3.25&#8243; custom_padding=&#8220;|||&#8220; custom_padding__hover=&#8220;|||&#8220;][et_pb_image src=&#8220;http:\/\/www.weber-planungsbuero.de\/wp-content\/uploads\/2019\/01\/H\u00e4user-20.jpg&#8220; align_tablet=&#8220;center&#8220; align_phone=&#8220;&#8220; align_last_edited=&#8220;on|desktop&#8220; _builder_version=&#8220;3.23&#8243;][\/et_pb_image][\/et_pb_column][\/et_pb_row][et_pb_row _builder_version=&#8220;3.25&#8243; column_structure=&#8220;3_5,1_5,1_5&#8243;][et_pb_column type=&#8220;3_5&#8243; _builder_version=&#8220;3.25&#8243; custom_padding=&#8220;|||&#8220; custom_padding__hover=&#8220;|||&#8220;][et_pb_image src=&#8220;http:\/\/www.weber-planungsbuero.de\/wp-content\/uploads\/2019\/05\/Iris_Marokko_-58a-1.jpg&#8220; align_tablet=&#8220;center&#8220; align_phone=&#8220;&#8220; align_last_edited=&#8220;on|desktop&#8220; _builder_version=&#8220;3.23&#8243; width=&#8220;87%&#8220; module_alignment=&#8220;right&#8220;][\/et_pb_image][\/et_pb_column][et_pb_column type=&#8220;1_5&#8243; _builder_version=&#8220;3.25&#8243; custom_padding=&#8220;|||&#8220; custom_padding__hover=&#8220;|||&#8220;][et_pb_image src=&#8220;http:\/\/www.weber-planungsbuero.de\/wp-content\/uploads\/2019\/05\/IMG_9504.jpg&#8220; align_tablet=&#8220;center&#8220; align_phone=&#8220;&#8220; align_last_edited=&#8220;on|desktop&#8220; _builder_version=&#8220;3.23&#8243;][\/et_pb_image][\/et_pb_column][et_pb_column type=&#8220;1_5&#8243; _builder_version=&#8220;3.25&#8243; custom_padding=&#8220;|||&#8220; custom_padding__hover=&#8220;|||&#8220;][et_pb_image src=&#8220;http:\/\/www.weber-planungsbuero.de\/wp-content\/uploads\/2019\/05\/Iris_Marokko_-63a-2a-3a-2-1.jpg&#8220; align_tablet=&#8220;center&#8220; align_phone=&#8220;&#8220; align_last_edited=&#8220;on|desktop&#8220; _builder_version=&#8220;3.23&#8243; width=&#8220;74%&#8220;][\/et_pb_image][et_pb_image src=&#8220;http:\/\/www.weber-planungsbuero.de\/wp-content\/uploads\/2019\/05\/Iris_Marokko_-8-1.jpg&#8220; align_tablet=&#8220;center&#8220; align_phone=&#8220;&#8220; align_last_edited=&#8220;on|desktop&#8220; _builder_version=&#8220;3.23&#8243; width=&#8220;94%&#8220;][\/et_pb_image][\/et_pb_column][\/et_pb_row][et_pb_row _builder_version=&#8220;3.25&#8243; custom_margin=&#8220;-19px|auto||auto||&#8220; custom_padding=&#8220;19px|0px|0|0px|false|false&#8220; column_structure=&#8220;1_3,1_3,1_3&#8243;][et_pb_column type=&#8220;1_3&#8243; _builder_version=&#8220;3.25&#8243; custom_padding=&#8220;|||&#8220; custom_padding__hover=&#8220;|||&#8220;][et_pb_image src=&#8220;http:\/\/www.weber-planungsbuero.de\/wp-content\/uploads\/2019\/01\/Stuck-2.jpg&#8220; align_tablet=&#8220;center&#8220; align_phone=&#8220;&#8220; align_last_edited=&#8220;on|desktop&#8220; _builder_version=&#8220;3.23&#8243;][\/et_pb_image][\/et_pb_column][et_pb_column type=&#8220;1_3&#8243; _builder_version=&#8220;3.25&#8243; custom_padding=&#8220;|||&#8220; custom_padding__hover=&#8220;|||&#8220;][et_pb_image src=&#8220;http:\/\/www.weber-planungsbuero.de\/wp-content\/uploads\/2019\/01\/H\u00e4user-5.jpg&#8220; align_tablet=&#8220;center&#8220; align_phone=&#8220;&#8220; align_last_edited=&#8220;on|desktop&#8220; _builder_version=&#8220;3.23&#8243;][\/et_pb_image][\/et_pb_column][et_pb_column type=&#8220;1_3&#8243; _builder_version=&#8220;3.25&#8243; custom_padding=&#8220;|||&#8220; custom_padding__hover=&#8220;|||&#8220;][et_pb_image src=&#8220;http:\/\/www.weber-planungsbuero.de\/wp-content\/uploads\/2019\/01\/H\u00e4user-7.jpg&#8220; align_tablet=&#8220;center&#8220; align_phone=&#8220;&#8220; align_last_edited=&#8220;on|desktop&#8220; _builder_version=&#8220;3.23&#8243;][\/et_pb_image][\/et_pb_column][\/et_pb_row][et_pb_row _builder_version=&#8220;3.25&#8243; custom_padding=&#8220;17px|0px|0|0px|false|false&#8220; column_structure=&#8220;1_2,1_4,1_4&#8243;][et_pb_column type=&#8220;1_2&#8243; _builder_version=&#8220;3.25&#8243; custom_padding=&#8220;|||&#8220; custom_padding__hover=&#8220;|||&#8220;][et_pb_image src=&#8220;http:\/\/www.weber-planungsbuero.de\/wp-content\/uploads\/2019\/01\/Interieur-Schlafst\u00e4tten-11.jpg&#8220; align_tablet=&#8220;center&#8220; align_phone=&#8220;&#8220; align_last_edited=&#8220;on|desktop&#8220; _builder_version=&#8220;3.23&#8243; max_width=&#8220;96%&#8220; module_alignment=&#8220;right&#8220;][\/et_pb_image][et_pb_image src=&#8220;http:\/\/www.weber-planungsbuero.de\/wp-content\/uploads\/2019\/04\/1141.jpg&#8220; align_tablet=&#8220;center&#8220; align_phone=&#8220;&#8220; align_last_edited=&#8220;on|desktop&#8220; _builder_version=&#8220;4.3.2&#8243; max_width=&#8220;98%&#8220; module_alignment=&#8220;right&#8220; hover_enabled=&#8220;0&#8243; align=&#8220;right&#8220;][\/et_pb_image][\/et_pb_column][et_pb_column type=&#8220;1_4&#8243; _builder_version=&#8220;3.25&#8243; custom_padding=&#8220;|||&#8220; custom_padding__hover=&#8220;|||&#8220;][et_pb_image src=&#8220;http:\/\/www.weber-planungsbuero.de\/wp-content\/uploads\/2019\/01\/H\u00e4user-15.jpg&#8220; align_tablet=&#8220;center&#8220; align_phone=&#8220;&#8220; align_last_edited=&#8220;on|desktop&#8220; _builder_version=&#8220;3.23&#8243;][\/et_pb_image][et_pb_image src=&#8220;http:\/\/www.weber-planungsbuero.de\/wp-content\/uploads\/2019\/01\/H\u00e4user-4.jpg&#8220; align_tablet=&#8220;center&#8220; align_phone=&#8220;&#8220; align_last_edited=&#8220;on|desktop&#8220; _builder_version=&#8220;3.23&#8243;][\/et_pb_image][et_pb_image src=&#8220;http:\/\/www.weber-planungsbuero.de\/wp-content\/uploads\/2019\/01\/Interieur-Schlafst\u00e4tten-2.jpg&#8220; align_tablet=&#8220;center&#8220; align_phone=&#8220;&#8220; align_last_edited=&#8220;on|desktop&#8220; _builder_version=&#8220;3.23&#8243;][\/et_pb_image][\/et_pb_column][et_pb_column type=&#8220;1_4&#8243; _builder_version=&#8220;3.25&#8243; custom_padding=&#8220;|||&#8220; custom_padding__hover=&#8220;|||&#8220;][et_pb_image src=&#8220;http:\/\/www.weber-planungsbuero.de\/wp-content\/uploads\/2019\/01\/image014.png&#8220; align_tablet=&#8220;center&#8220; align_phone=&#8220;&#8220; align_last_edited=&#8220;on|desktop&#8220; _builder_version=&#8220;3.23&#8243; max_width=&#8220;97%&#8220;][\/et_pb_image][et_pb_image src=&#8220;http:\/\/www.weber-planungsbuero.de\/wp-content\/uploads\/2019\/01\/H\u00e4user-6.jpg&#8220; align_tablet=&#8220;center&#8220; align_phone=&#8220;&#8220; align_last_edited=&#8220;on|desktop&#8220; _builder_version=&#8220;3.23&#8243; max_width=&#8220;91%&#8220;][\/et_pb_image][et_pb_image src=&#8220;http:\/\/www.weber-planungsbuero.de\/wp-content\/uploads\/2019\/01\/Interieur-Schlafst\u00e4tten-4.jpg&#8220; align_tablet=&#8220;center&#8220; align_phone=&#8220;&#8220; align_last_edited=&#8220;on|desktop&#8220; _builder_version=&#8220;3.23&#8243; max_width=&#8220;56%&#8220;][\/et_pb_image][\/et_pb_column][\/et_pb_row][et_pb_row _builder_version=&#8220;3.25&#8243; custom_padding=&#8220;13px|0px|0|0px|false|false&#8220; column_structure=&#8220;1_4,1_4,1_4,1_4&#8243;][et_pb_column type=&#8220;1_4&#8243; _builder_version=&#8220;3.25&#8243; custom_padding=&#8220;|||&#8220; custom_padding__hover=&#8220;|||&#8220;][et_pb_image src=&#8220;http:\/\/www.weber-planungsbuero.de\/wp-content\/uploads\/2019\/01\/image010.png&#8220; align_tablet=&#8220;center&#8220; align_phone=&#8220;&#8220; align_last_edited=&#8220;on|desktop&#8220; _builder_version=&#8220;3.23&#8243;][\/et_pb_image][et_pb_image src=&#8220;http:\/\/www.weber-planungsbuero.de\/wp-content\/uploads\/2019\/01\/H\u00e4user-8.jpg&#8220; align_tablet=&#8220;center&#8220; align_phone=&#8220;&#8220; align_last_edited=&#8220;on|desktop&#8220; _builder_version=&#8220;3.23&#8243;][\/et_pb_image][\/et_pb_column][et_pb_column type=&#8220;1_4&#8243; _builder_version=&#8220;3.25&#8243; custom_padding=&#8220;|||&#8220; custom_padding__hover=&#8220;|||&#8220;][et_pb_image src=&#8220;http:\/\/www.weber-planungsbuero.de\/wp-content\/uploads\/2019\/01\/Stuck-12.jpg&#8220; align_tablet=&#8220;center&#8220; align_phone=&#8220;&#8220; align_last_edited=&#8220;on|desktop&#8220; _builder_version=&#8220;3.23&#8243;][\/et_pb_image][et_pb_image src=&#8220;http:\/\/www.weber-planungsbuero.de\/wp-content\/uploads\/2019\/01\/image011.png&#8220; align_tablet=&#8220;center&#8220; align_phone=&#8220;&#8220; align_last_edited=&#8220;on|desktop&#8220; _builder_version=&#8220;3.23&#8243;][\/et_pb_image][et_pb_image src=&#8220;http:\/\/www.weber-planungsbuero.de\/wp-content\/uploads\/2019\/01\/Interieur-B\u00e4derwelten-4.jpg&#8220; align_tablet=&#8220;center&#8220; align_phone=&#8220;&#8220; align_last_edited=&#8220;on|desktop&#8220; _builder_version=&#8220;3.23&#8243;][\/et_pb_image][\/et_pb_column][et_pb_column type=&#8220;1_4&#8243; _builder_version=&#8220;3.25&#8243; custom_padding=&#8220;|||&#8220; custom_padding__hover=&#8220;|||&#8220;][et_pb_image src=&#8220;http:\/\/www.weber-planungsbuero.de\/wp-content\/uploads\/2019\/01\/Wohn-Lebe-Raum-5.jpg&#8220; align_tablet=&#8220;center&#8220; align_phone=&#8220;&#8220; align_last_edited=&#8220;on|desktop&#8220; _builder_version=&#8220;3.23&#8243;][\/et_pb_image][\/et_pb_column][et_pb_column type=&#8220;1_4&#8243; _builder_version=&#8220;3.25&#8243; custom_padding=&#8220;|||&#8220; custom_padding__hover=&#8220;|||&#8220;][et_pb_image src=&#8220;http:\/\/www.weber-planungsbuero.de\/wp-content\/uploads\/2019\/01\/H\u00e4user-22.jpg&#8220; align_tablet=&#8220;center&#8220; align_phone=&#8220;&#8220; align_last_edited=&#8220;on|desktop&#8220; _builder_version=&#8220;3.23&#8243; max_width=&#8220;72%&#8220;][\/et_pb_image][et_pb_image src=&#8220;http:\/\/www.weber-planungsbuero.de\/wp-content\/uploads\/2019\/01\/image013.png&#8220; align_tablet=&#8220;center&#8220; align_phone=&#8220;&#8220; align_last_edited=&#8220;on|desktop&#8220; _builder_version=&#8220;3.23&#8243;][\/et_pb_image][\/et_pb_column][\/et_pb_row][\/et_pb_section]<\/p>\n","protected":false},"excerpt":{"rendered":"<p>WohnTR\u00c4UME werden WAHR Wir planen und bauen H\u00e4user &#8211; wir realisieren Ihren individuellen Hausplan. Ob es um Hausplanung oder um die Gestaltung von Innenr\u00e4umen geht &#8211; kreative Wohnraumgestaltung ist unsere Leidenschaft. Unser Anliegen ist es, Ihre pers\u00f6nlichen Bed\u00fcrfnisse exakt umzusetzen und gleichzeitig perfektes Wohlf\u00fchlambiente zu schaffen. Moderne Architektur in Verbindung mit klassischen Elementen bestimmt ma\u00dfgeblich [&hellip;]<\/p>\n","protected":false},"author":1,"featured_media":0,"parent":0,"menu_order":0,"comment_status":"closed","ping_status":"closed","template":"","meta":{"_et_pb_use_builder":"on","_et_pb_old_content":"<!-- wp:divi\/placeholder \/-->","_et_gb_content_width":"","footnotes":""},"class_list":["post-979","page","type-page","status-publish","hentry"],"yoast_head":"<!-- This site is optimized with the Yoast SEO plugin v26.8 - https:\/\/yoast.com\/product\/yoast-seo-wordpress\/ -->\n<title>H\u00e4user - Planungsb\u00fcro Weber<\/title>\n<meta name=\"robots\" content=\"index, follow, max-snippet:-1, max-image-preview:large, max-video-preview:-1\" \/>\n<link rel=\"canonical\" href=\"http:\/\/www.weber-planungsbuero.de\/index.php\/haeuser\/\" \/>\n<meta property=\"og:locale\" content=\"de_DE\" \/>\n<meta property=\"og:type\" content=\"article\" \/>\n<meta property=\"og:title\" content=\"H\u00e4user - Planungsb\u00fcro Weber\" \/>\n<meta property=\"og:description\" content=\"WohnTR\u00c4UME werden WAHR Wir planen und bauen H\u00e4user - wir realisieren Ihren individuellen Hausplan. Ob es um Hausplanung oder um die Gestaltung von Innenr\u00e4umen geht - kreative Wohnraumgestaltung ist unsere Leidenschaft. Unser Anliegen ist es, Ihre pers\u00f6nlichen Bed\u00fcrfnisse exakt umzusetzen und gleichzeitig perfektes Wohlf\u00fchlambiente zu schaffen. Moderne Architektur in Verbindung mit klassischen Elementen bestimmt ma\u00dfgeblich [&hellip;]\" \/>\n<meta property=\"og:url\" content=\"http:\/\/www.weber-planungsbuero.de\/index.php\/haeuser\/\" \/>\n<meta property=\"og:site_name\" content=\"Planungsb\u00fcro Weber\" \/>\n<meta property=\"article:modified_time\" content=\"2020-02-29T09:13:03+00:00\" \/>\n<meta name=\"twitter:card\" content=\"summary_large_image\" \/>\n<meta name=\"twitter:label1\" content=\"Gesch\u00e4tzte Lesezeit\" \/>\n\t<meta name=\"twitter:data1\" content=\"7\u00a0Minuten\" \/>\n<script type=\"application\/ld+json\" class=\"yoast-schema-graph\">{\"@context\":\"https:\/\/schema.org\",\"@graph\":[{\"@type\":\"WebPage\",\"@id\":\"http:\/\/www.weber-planungsbuero.de\/index.php\/haeuser\/\",\"url\":\"http:\/\/www.weber-planungsbuero.de\/index.php\/haeuser\/\",\"name\":\"H\u00e4user - Planungsb\u00fcro Weber\",\"isPartOf\":{\"@id\":\"http:\/\/www.weber-planungsbuero.de\/#website\"},\"datePublished\":\"2019-04-03T07:22:24+00:00\",\"dateModified\":\"2020-02-29T09:13:03+00:00\",\"breadcrumb\":{\"@id\":\"http:\/\/www.weber-planungsbuero.de\/index.php\/haeuser\/#breadcrumb\"},\"inLanguage\":\"de\",\"potentialAction\":[{\"@type\":\"ReadAction\",\"target\":[\"http:\/\/www.weber-planungsbuero.de\/index.php\/haeuser\/\"]}]},{\"@type\":\"BreadcrumbList\",\"@id\":\"http:\/\/www.weber-planungsbuero.de\/index.php\/haeuser\/#breadcrumb\",\"itemListElement\":[{\"@type\":\"ListItem\",\"position\":1,\"name\":\"Startseite\",\"item\":\"http:\/\/www.weber-planungsbuero.de\/\"},{\"@type\":\"ListItem\",\"position\":2,\"name\":\"H\u00e4user\"}]},{\"@type\":\"WebSite\",\"@id\":\"http:\/\/www.weber-planungsbuero.de\/#website\",\"url\":\"http:\/\/www.weber-planungsbuero.de\/\",\"name\":\"Planungsb\u00fcro Weber\",\"description\":\"Kreativit\u00e4t aus Leidenschaft\",\"potentialAction\":[{\"@type\":\"SearchAction\",\"target\":{\"@type\":\"EntryPoint\",\"urlTemplate\":\"http:\/\/www.weber-planungsbuero.de\/?s={search_term_string}\"},\"query-input\":{\"@type\":\"PropertyValueSpecification\",\"valueRequired\":true,\"valueName\":\"search_term_string\"}}],\"inLanguage\":\"de\"}]}<\/script>\n<!-- \/ Yoast SEO plugin. -->","yoast_head_json":{"title":"H\u00e4user - Planungsb\u00fcro Weber","robots":{"index":"index","follow":"follow","max-snippet":"max-snippet:-1","max-image-preview":"max-image-preview:large","max-video-preview":"max-video-preview:-1"},"canonical":"http:\/\/www.weber-planungsbuero.de\/index.php\/haeuser\/","og_locale":"de_DE","og_type":"article","og_title":"H\u00e4user - Planungsb\u00fcro Weber","og_description":"WohnTR\u00c4UME werden WAHR Wir planen und bauen H\u00e4user - wir realisieren Ihren individuellen Hausplan. Ob es um Hausplanung oder um die Gestaltung von Innenr\u00e4umen geht - kreative Wohnraumgestaltung ist unsere Leidenschaft. Unser Anliegen ist es, Ihre pers\u00f6nlichen Bed\u00fcrfnisse exakt umzusetzen und gleichzeitig perfektes Wohlf\u00fchlambiente zu schaffen. Moderne Architektur in Verbindung mit klassischen Elementen bestimmt ma\u00dfgeblich [&hellip;]","og_url":"http:\/\/www.weber-planungsbuero.de\/index.php\/haeuser\/","og_site_name":"Planungsb\u00fcro Weber","article_modified_time":"2020-02-29T09:13:03+00:00","twitter_card":"summary_large_image","twitter_misc":{"Gesch\u00e4tzte Lesezeit":"7\u00a0Minuten"},"schema":{"@context":"https:\/\/schema.org","@graph":[{"@type":"WebPage","@id":"http:\/\/www.weber-planungsbuero.de\/index.php\/haeuser\/","url":"http:\/\/www.weber-planungsbuero.de\/index.php\/haeuser\/","name":"H\u00e4user - Planungsb\u00fcro Weber","isPartOf":{"@id":"http:\/\/www.weber-planungsbuero.de\/#website"},"datePublished":"2019-04-03T07:22:24+00:00","dateModified":"2020-02-29T09:13:03+00:00","breadcrumb":{"@id":"http:\/\/www.weber-planungsbuero.de\/index.php\/haeuser\/#breadcrumb"},"inLanguage":"de","potentialAction":[{"@type":"ReadAction","target":["http:\/\/www.weber-planungsbuero.de\/index.php\/haeuser\/"]}]},{"@type":"BreadcrumbList","@id":"http:\/\/www.weber-planungsbuero.de\/index.php\/haeuser\/#breadcrumb","itemListElement":[{"@type":"ListItem","position":1,"name":"Startseite","item":"http:\/\/www.weber-planungsbuero.de\/"},{"@type":"ListItem","position":2,"name":"H\u00e4user"}]},{"@type":"WebSite","@id":"http:\/\/www.weber-planungsbuero.de\/#website","url":"http:\/\/www.weber-planungsbuero.de\/","name":"Planungsb\u00fcro Weber","description":"Kreativit\u00e4t aus Leidenschaft","potentialAction":[{"@type":"SearchAction","target":{"@type":"EntryPoint","urlTemplate":"http:\/\/www.weber-planungsbuero.de\/?s={search_term_string}"},"query-input":{"@type":"PropertyValueSpecification","valueRequired":true,"valueName":"search_term_string"}}],"inLanguage":"de"}]}},"amp_enabled":true,"_links":{"self":[{"href":"http:\/\/www.weber-planungsbuero.de\/index.php\/wp-json\/wp\/v2\/pages\/979","targetHints":{"allow":["GET"]}}],"collection":[{"href":"http:\/\/www.weber-planungsbuero.de\/index.php\/wp-json\/wp\/v2\/pages"}],"about":[{"href":"http:\/\/www.weber-planungsbuero.de\/index.php\/wp-json\/wp\/v2\/types\/page"}],"author":[{"embeddable":true,"href":"http:\/\/www.weber-planungsbuero.de\/index.php\/wp-json\/wp\/v2\/users\/1"}],"replies":[{"embeddable":true,"href":"http:\/\/www.weber-planungsbuero.de\/index.php\/wp-json\/wp\/v2\/comments?post=979"}],"version-history":[{"count":21,"href":"http:\/\/www.weber-planungsbuero.de\/index.php\/wp-json\/wp\/v2\/pages\/979\/revisions"}],"predecessor-version":[{"id":1673,"href":"http:\/\/www.weber-planungsbuero.de\/index.php\/wp-json\/wp\/v2\/pages\/979\/revisions\/1673"}],"wp:attachment":[{"href":"http:\/\/www.weber-planungsbuero.de\/index.php\/wp-json\/wp\/v2\/media?parent=979"}],"curies":[{"name":"wp","href":"https:\/\/api.w.org\/{rel}","templated":true}]}}