{"id":984,"date":"2019-04-04T17:11:40","date_gmt":"2019-04-04T15:11:40","guid":{"rendered":"http:\/\/www.weber-planungsbuero.de\/?page_id=984"},"modified":"2019-06-25T21:54:14","modified_gmt":"2019-06-25T19:54:14","slug":"gestaltungselement-schreinerarbeiten","status":"publish","type":"page","link":"http:\/\/www.weber-planungsbuero.de\/index.php\/gestaltungselement-schreinerarbeiten\/","title":{"rendered":"Gestaltungselement Schreinerarbeiten"},"content":{"rendered":"<p>[et_pb_section fb_built=&#8220;1&#8243; _builder_version=&#8220;3.22.3&#8243;][et_pb_row _builder_version=&#8220;3.25&#8243;][et_pb_column type=&#8220;4_4&#8243; _builder_version=&#8220;3.25&#8243; custom_padding=&#8220;|||&#8220; custom_padding__hover=&#8220;|||&#8220;][et_pb_text _builder_version=&#8220;3.21.2&#8243;]<\/p>\n<h2>GESTALTUNGSELEMENT SCHREINERARBEITEN<\/h2>\n<p>[\/et_pb_text][\/et_pb_column][\/et_pb_row][et_pb_row _builder_version=&#8220;3.25&#8243; column_structure=&#8220;1_2,1_2&#8243;][et_pb_column type=&#8220;1_2&#8243; _builder_version=&#8220;3.25&#8243; custom_padding=&#8220;|||&#8220; custom_padding__hover=&#8220;|||&#8220;][et_pb_image src=&#8220;http:\/\/www.weber-planungsbuero.de\/wp-content\/uploads\/2019\/05\/IMG_9489a-1a-1.jpg&#8220; align_tablet=&#8220;center&#8220; align_last_edited=&#8220;on|desktop&#8220; _builder_version=&#8220;3.23&#8243;][\/et_pb_image][et_pb_text _builder_version=&#8220;3.22.7&#8243; text_font=&#8220;||||||||&#8220; text_font_size=&#8220;21px&#8220; header_font=&#8220;||||||||&#8220; header_2_font=&#8220;||||||||&#8220;]<\/p>\n<h2 style=\"text-align: right;\">Bibliothek Antik Nachbau<\/h2>\n<p>[\/et_pb_text][et_pb_image src=&#8220;http:\/\/www.weber-planungsbuero.de\/wp-content\/uploads\/2019\/05\/Iris_Marokko_-26a-1.jpg&#8220; align_tablet=&#8220;center&#8220; align_last_edited=&#8220;on|desktop&#8220; _builder_version=&#8220;3.23&#8243; width=&#8220;64%&#8220; module_alignment=&#8220;right&#8220;][\/et_pb_image][et_pb_image src=&#8220;http:\/\/www.weber-planungsbuero.de\/wp-content\/uploads\/2019\/05\/Iris_Marokko_-26a-3.jpg&#8220; align_tablet=&#8220;center&#8220; align_last_edited=&#8220;on|desktop&#8220; _builder_version=&#8220;3.23&#8243; width=&#8220;55%&#8220; module_alignment=&#8220;right&#8220;][\/et_pb_image][et_pb_text _builder_version=&#8220;3.25.2&#8243; link_option_url=&#8220;index.php\/kueche-lebe-raum\/&#8220;]<\/p>\n<h2 style=\"text-align: right;\">K\u00fcchen aus Holz<\/h2>\n<p>[\/et_pb_text][et_pb_image src=&#8220;http:\/\/www.weber-planungsbuero.de\/wp-content\/uploads\/2019\/05\/K\u00fcche-Leberaum-9.jpg&#8220; align_tablet=&#8220;center&#8220; align_last_edited=&#8220;on|desktop&#8220; _builder_version=&#8220;3.25.2&#8243; width=&#8220;75%&#8220; module_alignment=&#8220;right&#8220; url=&#8220;index.php\/kueche-lebe-raum\/&#8220;][\/et_pb_image][et_pb_image src=&#8220;http:\/\/www.weber-planungsbuero.de\/wp-content\/uploads\/2019\/05\/Iris_Marokko_-57.jpg&#8220; align_tablet=&#8220;center&#8220; align_last_edited=&#8220;on|desktop&#8220; _builder_version=&#8220;3.25.2&#8243; width=&#8220;81%&#8220; module_alignment=&#8220;right&#8220; url=&#8220;index.php\/kueche-lebe-raum\/&#8220;][\/et_pb_image][et_pb_image src=&#8220;http:\/\/www.weber-planungsbuero.de\/wp-content\/uploads\/2019\/05\/Iris_Marokko_-56.jpg&#8220; align_tablet=&#8220;center&#8220; align_last_edited=&#8220;on|desktop&#8220; _builder_version=&#8220;3.25.2&#8243; width=&#8220;69%&#8220; module_alignment=&#8220;right&#8220; url=&#8220;index.php\/kueche-lebe-raum\/&#8220;][\/et_pb_image][et_pb_text _builder_version=&#8220;3.22.7&#8243;]<\/p>\n<h2 style=\"text-align: right;\">Handl\u00e4ufe<\/h2>\n<p>[\/et_pb_text][et_pb_image src=&#8220;http:\/\/www.weber-planungsbuero.de\/wp-content\/uploads\/2019\/05\/Iris_Marokko_-42.jpg&#8220; align_tablet=&#8220;center&#8220; align_last_edited=&#8220;on|desktop&#8220; _builder_version=&#8220;3.23&#8243;][\/et_pb_image][et_pb_image src=&#8220;http:\/\/www.weber-planungsbuero.de\/wp-content\/uploads\/2019\/05\/Iris_Marokko_-44.jpg&#8220; align_tablet=&#8220;center&#8220; align_last_edited=&#8220;on|desktop&#8220; _builder_version=&#8220;3.23&#8243; width=&#8220;93%&#8220; module_alignment=&#8220;right&#8220;][\/et_pb_image][\/et_pb_column][et_pb_column type=&#8220;1_2&#8243; _builder_version=&#8220;3.25&#8243; custom_padding=&#8220;|||&#8220; custom_padding__hover=&#8220;|||&#8220;][et_pb_image src=&#8220;http:\/\/www.weber-planungsbuero.de\/wp-content\/uploads\/2019\/05\/IMG_9489a-1a-2.jpg&#8220; align_tablet=&#8220;center&#8220; align_last_edited=&#8220;on|desktop&#8220; _builder_version=&#8220;3.23&#8243; width=&#8220;61%&#8220;][\/et_pb_image][et_pb_image src=&#8220;http:\/\/www.weber-planungsbuero.de\/wp-content\/uploads\/2019\/05\/Iris_Marokko_-29.jpg&#8220; align_tablet=&#8220;center&#8220; align_last_edited=&#8220;on|desktop&#8220; _builder_version=&#8220;3.23&#8243; width=&#8220;82%&#8220;][\/et_pb_image][et_pb_image src=&#8220;http:\/\/www.weber-planungsbuero.de\/wp-content\/uploads\/2019\/05\/IMG_9489a-6.jpg&#8220; align_tablet=&#8220;center&#8220; align_last_edited=&#8220;on|desktop&#8220; _builder_version=&#8220;3.23&#8243; width=&#8220;63%&#8220;][\/et_pb_image][et_pb_text _builder_version=&#8220;3.22.7&#8243;]<\/p>\n<h2>Holzt\u00fcren<\/h2>\n<p>[\/et_pb_text][et_pb_image src=&#8220;http:\/\/www.weber-planungsbuero.de\/wp-content\/uploads\/2019\/05\/Iris_Marokko_-45.jpg&#8220; align_tablet=&#8220;center&#8220; align_last_edited=&#8220;on|desktop&#8220; _builder_version=&#8220;3.23&#8243;][\/et_pb_image][et_pb_image src=&#8220;http:\/\/www.weber-planungsbuero.de\/wp-content\/uploads\/2019\/05\/Iris_Marokko_-46.jpg&#8220; align_tablet=&#8220;center&#8220; align_last_edited=&#8220;on|desktop&#8220; _builder_version=&#8220;3.23&#8243; width=&#8220;56%&#8220;][\/et_pb_image][et_pb_image src=&#8220;http:\/\/www.weber-planungsbuero.de\/wp-content\/uploads\/2019\/05\/IMG_0836a.jpg&#8220; align_tablet=&#8220;center&#8220; align_last_edited=&#8220;on|desktop&#8220; _builder_version=&#8220;3.23&#8243; width=&#8220;22%&#8220;][\/et_pb_image][et_pb_text _builder_version=&#8220;3.22.7&#8243;]<\/p>\n<h2>Funktionale Badm\u00f6bel<\/h2>\n<p>[\/et_pb_text][et_pb_image src=&#8220;http:\/\/www.weber-planungsbuero.de\/wp-content\/uploads\/2019\/05\/Iris_Marokko_-53.jpg&#8220; align_tablet=&#8220;center&#8220; align_last_edited=&#8220;on|desktop&#8220; _builder_version=&#8220;3.23&#8243; width=&#8220;78%&#8220;][\/et_pb_image][et_pb_image src=&#8220;http:\/\/www.weber-planungsbuero.de\/wp-content\/uploads\/2019\/05\/Iris_Marokko_-92.jpg&#8220; align_tablet=&#8220;center&#8220; align_last_edited=&#8220;on|desktop&#8220; _builder_version=&#8220;3.23&#8243; width=&#8220;64%&#8220;][\/et_pb_image][\/et_pb_column][\/et_pb_row][\/et_pb_section]<\/p>\n","protected":false},"excerpt":{"rendered":"<p>GESTALTUNGSELEMENT SCHREINERARBEITENBibliothek Antik NachbauK\u00fcchen aus Holz Handl\u00e4ufeHolzt\u00fcrenFunktionale Badm\u00f6bel<\/p>\n","protected":false},"author":1,"featured_media":0,"parent":0,"menu_order":0,"comment_status":"closed","ping_status":"closed","template":"","meta":{"_et_pb_use_builder":"on","_et_pb_old_content":"<!-- wp:divi\/placeholder \/-->","_et_gb_content_width":"","footnotes":""},"class_list":["post-984","page","type-page","status-publish","hentry"],"yoast_head":"<!-- This site is optimized with the Yoast SEO plugin v26.8 - https:\/\/yoast.com\/product\/yoast-seo-wordpress\/ -->\n<title>Gestaltungselement Schreinerarbeiten - Planungsb\u00fcro Weber<\/title>\n<meta name=\"robots\" content=\"index, follow, max-snippet:-1, max-image-preview:large, max-video-preview:-1\" \/>\n<link rel=\"canonical\" href=\"http:\/\/www.weber-planungsbuero.de\/index.php\/gestaltungselement-schreinerarbeiten\/\" \/>\n<meta property=\"og:locale\" content=\"de_DE\" \/>\n<meta property=\"og:type\" content=\"article\" \/>\n<meta property=\"og:title\" content=\"Gestaltungselement Schreinerarbeiten - Planungsb\u00fcro Weber\" \/>\n<meta property=\"og:description\" content=\"GESTALTUNGSELEMENT SCHREINERARBEITENBibliothek Antik NachbauK\u00fcchen aus Holz Handl\u00e4ufeHolzt\u00fcrenFunktionale Badm\u00f6bel\" \/>\n<meta property=\"og:url\" content=\"http:\/\/www.weber-planungsbuero.de\/index.php\/gestaltungselement-schreinerarbeiten\/\" \/>\n<meta property=\"og:site_name\" content=\"Planungsb\u00fcro Weber\" \/>\n<meta property=\"article:modified_time\" content=\"2019-06-25T19:54:14+00:00\" \/>\n<meta name=\"twitter:card\" content=\"summary_large_image\" \/>\n<meta name=\"twitter:label1\" content=\"Gesch\u00e4tzte Lesezeit\" \/>\n\t<meta name=\"twitter:data1\" content=\"3\u00a0Minuten\" \/>\n<script type=\"application\/ld+json\" class=\"yoast-schema-graph\">{\"@context\":\"https:\/\/schema.org\",\"@graph\":[{\"@type\":\"WebPage\",\"@id\":\"http:\/\/www.weber-planungsbuero.de\/index.php\/gestaltungselement-schreinerarbeiten\/\",\"url\":\"http:\/\/www.weber-planungsbuero.de\/index.php\/gestaltungselement-schreinerarbeiten\/\",\"name\":\"Gestaltungselement Schreinerarbeiten - Planungsb\u00fcro Weber\",\"isPartOf\":{\"@id\":\"http:\/\/www.weber-planungsbuero.de\/#website\"},\"datePublished\":\"2019-04-04T15:11:40+00:00\",\"dateModified\":\"2019-06-25T19:54:14+00:00\",\"breadcrumb\":{\"@id\":\"http:\/\/www.weber-planungsbuero.de\/index.php\/gestaltungselement-schreinerarbeiten\/#breadcrumb\"},\"inLanguage\":\"de\",\"potentialAction\":[{\"@type\":\"ReadAction\",\"target\":[\"http:\/\/www.weber-planungsbuero.de\/index.php\/gestaltungselement-schreinerarbeiten\/\"]}]},{\"@type\":\"BreadcrumbList\",\"@id\":\"http:\/\/www.weber-planungsbuero.de\/index.php\/gestaltungselement-schreinerarbeiten\/#breadcrumb\",\"itemListElement\":[{\"@type\":\"ListItem\",\"position\":1,\"name\":\"Startseite\",\"item\":\"http:\/\/www.weber-planungsbuero.de\/\"},{\"@type\":\"ListItem\",\"position\":2,\"name\":\"Gestaltungselement Schreinerarbeiten\"}]},{\"@type\":\"WebSite\",\"@id\":\"http:\/\/www.weber-planungsbuero.de\/#website\",\"url\":\"http:\/\/www.weber-planungsbuero.de\/\",\"name\":\"Planungsb\u00fcro Weber\",\"description\":\"Kreativit\u00e4t aus Leidenschaft\",\"potentialAction\":[{\"@type\":\"SearchAction\",\"target\":{\"@type\":\"EntryPoint\",\"urlTemplate\":\"http:\/\/www.weber-planungsbuero.de\/?s={search_term_string}\"},\"query-input\":{\"@type\":\"PropertyValueSpecification\",\"valueRequired\":true,\"valueName\":\"search_term_string\"}}],\"inLanguage\":\"de\"}]}<\/script>\n<!-- \/ Yoast SEO plugin. -->","yoast_head_json":{"title":"Gestaltungselement Schreinerarbeiten - Planungsb\u00fcro Weber","robots":{"index":"index","follow":"follow","max-snippet":"max-snippet:-1","max-image-preview":"max-image-preview:large","max-video-preview":"max-video-preview:-1"},"canonical":"http:\/\/www.weber-planungsbuero.de\/index.php\/gestaltungselement-schreinerarbeiten\/","og_locale":"de_DE","og_type":"article","og_title":"Gestaltungselement Schreinerarbeiten - Planungsb\u00fcro Weber","og_description":"GESTALTUNGSELEMENT SCHREINERARBEITENBibliothek Antik NachbauK\u00fcchen aus Holz Handl\u00e4ufeHolzt\u00fcrenFunktionale Badm\u00f6bel","og_url":"http:\/\/www.weber-planungsbuero.de\/index.php\/gestaltungselement-schreinerarbeiten\/","og_site_name":"Planungsb\u00fcro Weber","article_modified_time":"2019-06-25T19:54:14+00:00","twitter_card":"summary_large_image","twitter_misc":{"Gesch\u00e4tzte Lesezeit":"3\u00a0Minuten"},"schema":{"@context":"https:\/\/schema.org","@graph":[{"@type":"WebPage","@id":"http:\/\/www.weber-planungsbuero.de\/index.php\/gestaltungselement-schreinerarbeiten\/","url":"http:\/\/www.weber-planungsbuero.de\/index.php\/gestaltungselement-schreinerarbeiten\/","name":"Gestaltungselement Schreinerarbeiten - Planungsb\u00fcro Weber","isPartOf":{"@id":"http:\/\/www.weber-planungsbuero.de\/#website"},"datePublished":"2019-04-04T15:11:40+00:00","dateModified":"2019-06-25T19:54:14+00:00","breadcrumb":{"@id":"http:\/\/www.weber-planungsbuero.de\/index.php\/gestaltungselement-schreinerarbeiten\/#breadcrumb"},"inLanguage":"de","potentialAction":[{"@type":"ReadAction","target":["http:\/\/www.weber-planungsbuero.de\/index.php\/gestaltungselement-schreinerarbeiten\/"]}]},{"@type":"BreadcrumbList","@id":"http:\/\/www.weber-planungsbuero.de\/index.php\/gestaltungselement-schreinerarbeiten\/#breadcrumb","itemListElement":[{"@type":"ListItem","position":1,"name":"Startseite","item":"http:\/\/www.weber-planungsbuero.de\/"},{"@type":"ListItem","position":2,"name":"Gestaltungselement Schreinerarbeiten"}]},{"@type":"WebSite","@id":"http:\/\/www.weber-planungsbuero.de\/#website","url":"http:\/\/www.weber-planungsbuero.de\/","name":"Planungsb\u00fcro Weber","description":"Kreativit\u00e4t aus Leidenschaft","potentialAction":[{"@type":"SearchAction","target":{"@type":"EntryPoint","urlTemplate":"http:\/\/www.weber-planungsbuero.de\/?s={search_term_string}"},"query-input":{"@type":"PropertyValueSpecification","valueRequired":true,"valueName":"search_term_string"}}],"inLanguage":"de"}]}},"amp_enabled":true,"_links":{"self":[{"href":"http:\/\/www.weber-planungsbuero.de\/index.php\/wp-json\/wp\/v2\/pages\/984","targetHints":{"allow":["GET"]}}],"collection":[{"href":"http:\/\/www.weber-planungsbuero.de\/index.php\/wp-json\/wp\/v2\/pages"}],"about":[{"href":"http:\/\/www.weber-planungsbuero.de\/index.php\/wp-json\/wp\/v2\/types\/page"}],"author":[{"embeddable":true,"href":"http:\/\/www.weber-planungsbuero.de\/index.php\/wp-json\/wp\/v2\/users\/1"}],"replies":[{"embeddable":true,"href":"http:\/\/www.weber-planungsbuero.de\/index.php\/wp-json\/wp\/v2\/comments?post=984"}],"version-history":[{"count":9,"href":"http:\/\/www.weber-planungsbuero.de\/index.php\/wp-json\/wp\/v2\/pages\/984\/revisions"}],"predecessor-version":[{"id":1579,"href":"http:\/\/www.weber-planungsbuero.de\/index.php\/wp-json\/wp\/v2\/pages\/984\/revisions\/1579"}],"wp:attachment":[{"href":"http:\/\/www.weber-planungsbuero.de\/index.php\/wp-json\/wp\/v2\/media?parent=984"}],"curies":[{"name":"wp","href":"https:\/\/api.w.org\/{rel}","templated":true}]}}